{"id":492,"date":"2015-02-23T13:46:25","date_gmt":"2015-02-23T13:46:25","guid":{"rendered":"http:\/\/www.servitopcanarias.net\/dkv-top-health\/600-sb"},"modified":"2015-02-23T13:46:25","modified_gmt":"2015-02-23T13:46:25","slug":"600-sb","status":"publish","type":"page","link":"https:\/\/www.servitopcanarias.net\/es\/dkv-top-health\/600-sb","title":{"rendered":"600,- SB"},"content":{"rendered":"<p>Die Krankenversicherung mit vergleichbarem Deckungsumfang der TOP Tarife in Deutschland Der Tarif \u201cDKV Top Health\u201d ist ein Mischprodukt: Er umfasst alle Leistungen, die die mit DKV Seguros vertraglich gebundenen Leistungsanbieter erbringen (Sachleistungsprinzip) und bietet dar\u00fcber hinaus die M\u00f6glichkeit der freien Arzt- und Krankenhauswahl (Kostenerstattungsprinzip). Im Gegensatz zu \u00fcblichen spanischen Produkten sind auch Heilmittel, Hilfsmittel (inkl. Sehhilfen), Arzneimittel, Anschlussheilbehandlung u.\u00e4. enthalten<\/p>\n<p><strong>Deckung<\/strong><br \/>\n1. Innerhalb des vertraglich gebundenen medizinischen Netzes (Cuadro M\u00e9dico): Sachleistungsprinzip 100%<br \/>\n2. Freie Arzt- und Krankenhauswahl sowohl in Spanien als auch im Ausland: Kostenerstattungsprinzip<br \/>\na) Ohne Selbstbeteiligung (SB)<br \/>\nb) Mit 600 EUR Selbstbeteiligung (*) (SB)<br \/>\nc) Mit 1.200 EUR Selbstbeteiligung (*) (SB)<br \/>\n*SB f\u00e4llt nur bei Inanspruchnahme von ambulanter und zahn\u00e4rztlicher Heilbehandlung au\u00dferhalb des Cuadro M\u00e9dico an<\/p>\n<p><strong>Leistungsumpfang<\/strong> <strong>und Erstattungen<\/strong><br \/>\n<a href=\"http:\/\/neu.servitopcanarias.net\/wp-content\/uploads\/tophealth.jpg\"><img loading=\"lazy\" decoding=\"async\" class=\"alignnone size-full wp-image-312\" src=\"http:\/\/neu.servitopcanarias.net\/wp-content\/uploads\/tophealth.jpg\" alt=\"tophealth\" width=\"856\" height=\"1052\" srcset=\"https:\/\/www.servitopcanarias.net\/wp-content\/uploads\/tophealth.jpg 856w, https:\/\/www.servitopcanarias.net\/wp-content\/uploads\/tophealth-122x150.jpg 122w, https:\/\/www.servitopcanarias.net\/wp-content\/uploads\/tophealth-244x300.jpg 244w, https:\/\/www.servitopcanarias.net\/wp-content\/uploads\/tophealth-833x1024.jpg 833w\" sizes=\"(max-width: 856px) 100vw, 856px\" \/><\/a><\/p>\n<p><strong>wichtigste Anschl\u00fcsse<\/strong><br \/>\n(z. B.) Kriegsereignisse, \u00f6ffentlich deklarierte Epidemien, Naturkatastrophen, Nuklearereignisse, Sch\u00f6nheitschirurgie, professionelle Sportaus\u00fcbung und die Aus\u00fcbung gef\u00e4hrlicher Freizeitaktivit\u00e4ten, Vorsatz, Alkohol- und Drogenmissbrauch, jede Art von Vorerkrankung, es sei denn, sie wird mit einem versicherungsmedizinischen Zuschlag eingeschlossen, Psychoanalyse.<\/p>\n<p><strong>Leistungsbegrenzungen<\/strong><br \/>\n1. H\u00f6chstleistungsdauer von 60 Tagen\/Jahr f\u00fcr Aufenthalt im Krankenhaus bei psychischen Erkrankungen<br \/>\n2. Prothesen bis 12.000 EUR pro versicherte Person\/Jahr<br \/>\n3. Reisekrankenschutz im Ausland bei Notfall bis 12.000 EUR<\/p>\n<p><strong>Geltungsbereich<\/strong><br \/>\nweltweit<\/p>\n<p><strong>Berufsunfallrisiko<\/strong><br \/>\nja, eingeschlossen<\/p>\n<p><strong>H\u00f6chstaufnahmealter<\/strong><br \/>\n75 Jahre<\/p>\n<p><strong>Versicherbarer Personenkreis<\/strong><br \/>\nPersonen mit st\u00e4ndigem Wohnsitz in Spanien (Mindestaufenthalt in Spanien von 183 Tagen\/Jahr).<\/p>\n<p><strong>Extras<\/strong><br \/>\nVerzicht auf das K\u00fcndigungsrecht seitens DKV Seguros nach Ablauf von drei aufeinanderfolgenden Versicherungsjahren; Zugang zu einem Internet-Portal, um die Prozesse einfach zu gestalten. Garantie einer schnellen Terminvereinbarung f\u00fcr medizinische Versorgung; 24-Stunden-Notfall-Telefon, Nikotinentw\u00f6hnung; Bioethikforum; Vorsorgeprogramme einschliesslich Fr\u00fcherkennung von Hautkrebs; Prostata-Lasertherapie, 3D Bildgef\u00fchrte Strahlentherapie, Neuronavegation, PET-TC, Bestimmungen in der Gen- und Molekularbiologie; Plan Vida saludable; Espacios de Salud (Gesundheitszentren).<\/p>\n<p><strong>Besonderheiten<\/strong><br \/>\nVorerkrankungen k\u00f6nnen gegen Zahlung eines versicherungs-medizinischen Zuschlags eingeschlossen werden. Einzigartiges Produkt in Spanien.<\/p>\n<p>&nbsp;<\/p>\n<p><a href=\"http:\/\/neu.servitopcanarias.net\/wp-content\/uploads\/Kurzbeschreibung-DKV-Top-Health-2014.pdf\">Kurzbeschreibung DKV Top Health 2014<\/a><\/p>\n","protected":false},"excerpt":{"rendered":"<p>Die Krankenversicherung mit vergleichbarem Deckungsumfang der TOP Tarife in Deutschland [&hellip;]<\/p>\n","protected":false},"author":1,"featured_media":0,"parent":416,"menu_order":0,"comment_status":"open","ping_status":"open","template":"","meta":{"ngg_post_thumbnail":0,"footnotes":""},"class_list":["post-492","page","type-page","status-publish","hentry"],"yoast_head":"<!-- This site is optimized with the Yoast SEO plugin v23.5 - https:\/\/yoast.com\/wordpress\/plugins\/seo\/ -->\n<title>600,- SB - servitopcanarias.net<\/title>\n<meta name=\"robots\" content=\"index, follow, max-snippet:-1, max-image-preview:large, max-video-preview:-1\" \/>\n<link rel=\"canonical\" href=\"https:\/\/www.servitopcanarias.net\/dkv-tophealth\/600-sb\" \/>\n<meta property=\"og:locale\" content=\"es_ES\" \/>\n<meta property=\"og:type\" content=\"article\" \/>\n<meta property=\"og:title\" content=\"600,- SB - servitopcanarias.net\" \/>\n<meta property=\"og:description\" content=\"Die Krankenversicherung mit vergleichbarem Deckungsumfang der TOP Tarife in Deutschland [&hellip;]\" \/>\n<meta property=\"og:url\" content=\"https:\/\/www.servitopcanarias.net\/dkv-tophealth\/600-sb\" \/>\n<meta property=\"og:site_name\" content=\"servitopcanarias.net\" \/>\n<meta property=\"og:image\" content=\"http:\/\/neu.servitopcanarias.net\/wp-content\/uploads\/tophealth.jpg\" \/>\n<meta name=\"twitter:label1\" content=\"Tiempo de lectura\" \/>\n\t<meta name=\"twitter:data1\" content=\"1 minuto\" \/>\n<script type=\"application\/ld+json\" class=\"yoast-schema-graph\">{\"@context\":\"https:\/\/schema.org\",\"@graph\":[{\"@type\":\"WebPage\",\"@id\":\"https:\/\/www.servitopcanarias.net\/dkv-tophealth\/600-sb\",\"url\":\"https:\/\/www.servitopcanarias.net\/dkv-tophealth\/600-sb\",\"name\":\"600,- SB - servitopcanarias.net\",\"isPartOf\":{\"@id\":\"https:\/\/www.servitopcanarias.net\/#website\"},\"primaryImageOfPage\":{\"@id\":\"https:\/\/www.servitopcanarias.net\/dkv-tophealth\/600-sb#primaryimage\"},\"image\":{\"@id\":\"https:\/\/www.servitopcanarias.net\/dkv-tophealth\/600-sb#primaryimage\"},\"thumbnailUrl\":\"http:\/\/neu.servitopcanarias.net\/wp-content\/uploads\/tophealth.jpg\",\"datePublished\":\"2015-02-23T13:46:25+00:00\",\"dateModified\":\"2015-02-23T13:46:25+00:00\",\"breadcrumb\":{\"@id\":\"https:\/\/www.servitopcanarias.net\/dkv-tophealth\/600-sb#breadcrumb\"},\"inLanguage\":\"es\",\"potentialAction\":[{\"@type\":\"ReadAction\",\"target\":[\"https:\/\/www.servitopcanarias.net\/dkv-tophealth\/600-sb\"]}]},{\"@type\":\"ImageObject\",\"inLanguage\":\"es\",\"@id\":\"https:\/\/www.servitopcanarias.net\/dkv-tophealth\/600-sb#primaryimage\",\"url\":\"http:\/\/neu.servitopcanarias.net\/wp-content\/uploads\/tophealth.jpg\",\"contentUrl\":\"http:\/\/neu.servitopcanarias.net\/wp-content\/uploads\/tophealth.jpg\"},{\"@type\":\"BreadcrumbList\",\"@id\":\"https:\/\/www.servitopcanarias.net\/dkv-tophealth\/600-sb#breadcrumb\",\"itemListElement\":[{\"@type\":\"ListItem\",\"position\":1,\"name\":\"Home\",\"item\":\"https:\/\/www.servitopcanarias.net\/\"},{\"@type\":\"ListItem\",\"position\":2,\"name\":\"DKV Top Health\",\"item\":\"https:\/\/www.servitopcanarias.net\/dkv-tophealth\"},{\"@type\":\"ListItem\",\"position\":3,\"name\":\"600,- SB\"}]},{\"@type\":\"WebSite\",\"@id\":\"https:\/\/www.servitopcanarias.net\/#website\",\"url\":\"https:\/\/www.servitopcanarias.net\/\",\"name\":\"servitopcanarias.net\",\"description\":\"Eine weitere WordPress-Seite\",\"potentialAction\":[{\"@type\":\"SearchAction\",\"target\":{\"@type\":\"EntryPoint\",\"urlTemplate\":\"https:\/\/www.servitopcanarias.net\/?s={search_term_string}\"},\"query-input\":{\"@type\":\"PropertyValueSpecification\",\"valueRequired\":true,\"valueName\":\"search_term_string\"}}],\"inLanguage\":\"es\"}]}<\/script>\n<!-- \/ Yoast SEO plugin. -->","yoast_head_json":{"title":"600,- SB - servitopcanarias.net","robots":{"index":"index","follow":"follow","max-snippet":"max-snippet:-1","max-image-preview":"max-image-preview:large","max-video-preview":"max-video-preview:-1"},"canonical":"https:\/\/www.servitopcanarias.net\/dkv-tophealth\/600-sb","og_locale":"es_ES","og_type":"article","og_title":"600,- SB - servitopcanarias.net","og_description":"Die Krankenversicherung mit vergleichbarem Deckungsumfang der TOP Tarife in Deutschland [&hellip;]","og_url":"https:\/\/www.servitopcanarias.net\/dkv-tophealth\/600-sb","og_site_name":"servitopcanarias.net","og_image":[{"url":"http:\/\/neu.servitopcanarias.net\/wp-content\/uploads\/tophealth.jpg"}],"twitter_misc":{"Tiempo de lectura":"1 minuto"},"schema":{"@context":"https:\/\/schema.org","@graph":[{"@type":"WebPage","@id":"https:\/\/www.servitopcanarias.net\/dkv-tophealth\/600-sb","url":"https:\/\/www.servitopcanarias.net\/dkv-tophealth\/600-sb","name":"600,- SB - servitopcanarias.net","isPartOf":{"@id":"https:\/\/www.servitopcanarias.net\/#website"},"primaryImageOfPage":{"@id":"https:\/\/www.servitopcanarias.net\/dkv-tophealth\/600-sb#primaryimage"},"image":{"@id":"https:\/\/www.servitopcanarias.net\/dkv-tophealth\/600-sb#primaryimage"},"thumbnailUrl":"http:\/\/neu.servitopcanarias.net\/wp-content\/uploads\/tophealth.jpg","datePublished":"2015-02-23T13:46:25+00:00","dateModified":"2015-02-23T13:46:25+00:00","breadcrumb":{"@id":"https:\/\/www.servitopcanarias.net\/dkv-tophealth\/600-sb#breadcrumb"},"inLanguage":"es","potentialAction":[{"@type":"ReadAction","target":["https:\/\/www.servitopcanarias.net\/dkv-tophealth\/600-sb"]}]},{"@type":"ImageObject","inLanguage":"es","@id":"https:\/\/www.servitopcanarias.net\/dkv-tophealth\/600-sb#primaryimage","url":"http:\/\/neu.servitopcanarias.net\/wp-content\/uploads\/tophealth.jpg","contentUrl":"http:\/\/neu.servitopcanarias.net\/wp-content\/uploads\/tophealth.jpg"},{"@type":"BreadcrumbList","@id":"https:\/\/www.servitopcanarias.net\/dkv-tophealth\/600-sb#breadcrumb","itemListElement":[{"@type":"ListItem","position":1,"name":"Home","item":"https:\/\/www.servitopcanarias.net\/"},{"@type":"ListItem","position":2,"name":"DKV Top Health","item":"https:\/\/www.servitopcanarias.net\/dkv-tophealth"},{"@type":"ListItem","position":3,"name":"600,- SB"}]},{"@type":"WebSite","@id":"https:\/\/www.servitopcanarias.net\/#website","url":"https:\/\/www.servitopcanarias.net\/","name":"servitopcanarias.net","description":"Eine weitere WordPress-Seite","potentialAction":[{"@type":"SearchAction","target":{"@type":"EntryPoint","urlTemplate":"https:\/\/www.servitopcanarias.net\/?s={search_term_string}"},"query-input":{"@type":"PropertyValueSpecification","valueRequired":true,"valueName":"search_term_string"}}],"inLanguage":"es"}]}},"_links":{"self":[{"href":"https:\/\/www.servitopcanarias.net\/es\/wp-json\/wp\/v2\/pages\/492"}],"collection":[{"href":"https:\/\/www.servitopcanarias.net\/es\/wp-json\/wp\/v2\/pages"}],"about":[{"href":"https:\/\/www.servitopcanarias.net\/es\/wp-json\/wp\/v2\/types\/page"}],"author":[{"embeddable":true,"href":"https:\/\/www.servitopcanarias.net\/es\/wp-json\/wp\/v2\/users\/1"}],"replies":[{"embeddable":true,"href":"https:\/\/www.servitopcanarias.net\/es\/wp-json\/wp\/v2\/comments?post=492"}],"version-history":[{"count":0,"href":"https:\/\/www.servitopcanarias.net\/es\/wp-json\/wp\/v2\/pages\/492\/revisions"}],"up":[{"embeddable":true,"href":"https:\/\/www.servitopcanarias.net\/es\/wp-json\/wp\/v2\/pages\/416"}],"wp:attachment":[{"href":"https:\/\/www.servitopcanarias.net\/es\/wp-json\/wp\/v2\/media?parent=492"}],"curies":[{"name":"wp","href":"https:\/\/api.w.org\/{rel}","templated":true}]}}