{"id":488,"date":"2015-02-23T13:45:26","date_gmt":"2015-02-23T13:45:26","guid":{"rendered":"http:\/\/www.servitopcanarias.net\/dkv-residentes\/basic-plusbest-care-modell-22"},"modified":"2015-02-23T13:45:26","modified_gmt":"2015-02-23T13:45:26","slug":"basic-plusbest-care-modell-22","status":"publish","type":"page","link":"https:\/\/www.servitopcanarias.net\/es\/dkv-residentes\/basic-plusbest-care-modell-22","title":{"rendered":"basic+ plus+Best Care (modell 22)"},"content":{"rendered":"<p>Die Krankenversicherung mit Deckung in Spanien und Deutschland sowie freier Arzt- und Krankenhauswahl. Der Tarif \u201cDKV RESIDENTES\u201d ist ein Mischprodukt: Er umfasst alle Leistungen, die die mit DKV Seguros vertraglich gebundenen Leistungsanbieter erbringen (Sachleistungsprinzip) und bietet dar\u00fcber hinaus die M\u00f6glichkeit freier Arzt- und Krankenhauswahl mit 100%-iger R\u00fcckerstattung der medizinisch notwendigen Kosten (Kostenerstattungsprinzip). Weiterhin werden Kosten f\u00fcr Medikamente, Hilfsmittel und Zahnersatz im Rahmen von j\u00e4hrlichen H\u00f6chsts\u00e4tzen erstattet<\/p>\n<p><strong>Deckung<\/strong><br \/>\n1. Innerhalb des vertraglich gebundenen medizinischen Netzes (Cuadro M\u00e9dico): Sachleistungsprinzip 100%<br \/>\n2. Freie Arzt- und Krankenhauswahl sowohl in Spanien (Modalit\u00e4t 20 + 21) als auch in Deutschland<br \/>\n(Modalit\u00e4t 22): Kostenerstattungsprinzip 100%<br \/>\n3. Es gibt 3 Modalit\u00e4ten<br \/>\n&gt; Modalit\u00e4t 20: Komplettschutz<br \/>\n&gt; Modalit\u00e4t 21: Komplettschutz+\u00dcberf\u00fchrung<br \/>\n&gt; Modalit\u00e4t 22: Komplettschutz+\u00dcberf\u00fchrung+100 Tage Deckung in Deutschland+Best Care<\/p>\n<p><strong>Leistungsumpfang<\/strong><br \/>\n<a href=\"http:\/\/neu.servitopcanarias.net\/wp-content\/uploads\/residentes1.jpg\"><img loading=\"lazy\" decoding=\"async\" class=\"alignnone size-full wp-image-305\" src=\"http:\/\/neu.servitopcanarias.net\/wp-content\/uploads\/residentes1.jpg\" alt=\"residentes\" width=\"856\" height=\"902\" srcset=\"https:\/\/www.servitopcanarias.net\/wp-content\/uploads\/residentes1.jpg 856w, https:\/\/www.servitopcanarias.net\/wp-content\/uploads\/residentes1-142x150.jpg 142w, https:\/\/www.servitopcanarias.net\/wp-content\/uploads\/residentes1-285x300.jpg 285w\" sizes=\"(max-width: 856px) 100vw, 856px\" \/><\/a><\/p>\n<p>&nbsp;<\/p>\n<p><strong>Komplettschutz<\/strong><br \/>\n<strong>+ \u00dcberf\u00fchrung<\/strong><br \/>\n\u00dcberf\u00fchrung des Verstorbenen von Spanien nach Deutschland zu dem Beerdigungsort n\u00e4chstgelegenen Flughafen inkl. Erledigung aller Formalit\u00e4ten<\/p>\n<p>100% bis max. 6.000 EUR<\/p>\n<p><strong>Komplettschutz<\/strong><br \/>\n<strong>+ \u00dcberf\u00fchrung<\/strong><br \/>\n<strong>+ Best Care<\/strong><br \/>\nFreie Arzt- und Krankenhauswahl in Deutschland Garantie medizinischer Behandlung durch Experten in 100% Deutschland bei bestimmten schweren Erkrankungen.<br \/>\nOrganisation der Reise incl. 500 EUR Aufwandsentsch\u00e4digung ohne Nachweis<\/p>\n<p>100% bis max. 100 Tage<\/p>\n<p>&nbsp;<\/p>\n<p><strong>wichtigste Anschl\u00fcsse<\/strong><br \/>\n(z. B.) Kriegsereignisse, \u00f6ffentlich deklarierte Epidemien, Naturkatastrophen, Nuklearereignisse, Sch\u00f6nheitschirurgie, professionelle Sportaus\u00fcbung und die Aus\u00fcbung gef\u00e4hrlicher Freizeitaktivit\u00e4ten, Vorsatz, Alkohol- und Drogenmissbrauch, jede Art von Vorerkrankung, es sei denn, sie wird mit einem versicherungsmedizinischen Zuschlag eingeschlossen, Psychoanalyse.<\/p>\n<p><strong>Leistungsbegrenzungen<\/strong><br \/>\n1. H\u00f6chstleistungsdauer von 60 Tagen\/Jahr f\u00fcr Aufenthalt im Krankenhaus bei psychischen Erkrankungen<br \/>\n2. Reisekrankenschutz im Ausland bei Notfall bis 12.000 EUR<\/p>\n<p><strong>Geltungsbereich<\/strong><br \/>\n&gt; Komplettschutz f\u00fcr das spanische Territorium<br \/>\n&gt; Bei bis zu 90 Tagen pro Aufenthalt im Ausland (weltweit) besteht ein Notfallschutz bis 12.000 EUR<br \/>\n&gt; In der Modalit\u00e4t 22 spanisches Territorium als auch Deutschland f\u00fcr maximal 100 Tage j\u00e4hrlich<\/p>\n<p><strong>Berufsunfallrisiko<\/strong><br \/>\nja, eingeschlossen<\/p>\n<p><strong>H\u00f6chstaufnahmealter<\/strong><br \/>\n&gt; H\u00f6chstaufnahmealter von 75 Jahren f\u00fcr alle versicherten Personen<br \/>\n&gt; Mindestalter des Versicherungsnehmers:<br \/>\n&#8211; Modalit\u00e4t 20 und 21: ab 50 Jahre<br \/>\n&#8211; Modalit\u00e4t 22: ab 50 Jahre<\/p>\n<p><strong>Versicherbarer Personenkreis<\/strong><br \/>\nPersonen mit st\u00e4ndigem Wohnsitz in Spanien (Mindestaufenthalt in Spanien von 183 Tagen\/Jahr).<\/p>\n<p><strong>Extras<\/strong><br \/>\nVerzicht auf das K\u00fcndigungsrecht seitens DKV Seguros nach Ablauf von drei aufeinanderfolgenden Versicherungsjahren; Zugang zu einem Internet-Portal, um Ihre Prozesse einfach zu gestalten. Garantie einer schnellen Terminvereinbarung f\u00fcr medizinische Versorgung; 24-Stunden-Notfall-Telefon, Nikotinentw\u00f6hnung; Bioethikforum; Vorsorgeprogramme einschliesslich Fr\u00fcherkennung von Hautkrebs; spezieller Service f\u00fcr Senioren und Erstattung der Aufwendungen f\u00fcr pflegebed\u00fcrftige Personen 3. Grades nach einem Unfall; Plan Vida saludable; Espacios de Salud (Gesundheitszentren).<\/p>\n<p><strong>erweiterter Versicherungsschutz<br \/>\n<\/strong>1. Transplantationen von R\u00fcckenmark, Leber, Nieren und Herz sowie der Augenhornhaut<br \/>\n2. Chirurgie der Myopie innerhalb des medizinischen Netzes mit einer Eigenbeteiligung der versicherten Person von 850 EUR je Auge<br \/>\n3. Wiederherstellung der weiblichen Brust nach onkologischen Operationen<br \/>\n4. Implantate aus biologischem Material, neue onkologische Behandlungen, palliative Medikamente und Haarprothesen bei onkologischen Prozessen, 3D gef\u00fchrte Strahlentherapie, Bestimmungen in der Genund Molekularbiologie, PET-TC, Prostata-Lasertherapie, Neuronavigation.<\/p>\n<p><strong>Besonderheiten<\/strong><br \/>\nVorerkrankungen k\u00f6nnen gegen Zahlung eines versicherungs-medizinischen Zuschlags eingeschlossen werden<\/p>\n<p>&nbsp;<\/p>\n<p><a href=\"http:\/\/neu.servitopcanarias.net\/wp-content\/uploads\/Kurzbeschreibung-DKV-Residentes-2014.pdf\">Kurzbeschreibung DKV Residentes 2014<\/a><\/p>\n","protected":false},"excerpt":{"rendered":"<p>Die Krankenversicherung mit Deckung in Spanien und Deutschland sowie freier [&hellip;]<\/p>\n","protected":false},"author":1,"featured_media":0,"parent":421,"menu_order":0,"comment_status":"open","ping_status":"open","template":"","meta":{"ngg_post_thumbnail":0,"footnotes":""},"class_list":["post-488","page","type-page","status-publish","hentry"],"yoast_head":"<!-- This site is optimized with the Yoast SEO plugin v23.5 - https:\/\/yoast.com\/wordpress\/plugins\/seo\/ -->\n<title>basic+ plus+Best Care (modell 22) - servitopcanarias.net<\/title>\n<meta name=\"robots\" content=\"index, follow, max-snippet:-1, max-image-preview:large, max-video-preview:-1\" \/>\n<link rel=\"canonical\" href=\"https:\/\/www.servitopcanarias.net\/dkv-residentes\/basic-plusbest-care-modell-22\" \/>\n<meta property=\"og:locale\" content=\"es_ES\" \/>\n<meta property=\"og:type\" content=\"article\" \/>\n<meta property=\"og:title\" content=\"basic+ plus+Best Care (modell 22) - servitopcanarias.net\" \/>\n<meta property=\"og:description\" content=\"Die Krankenversicherung mit Deckung in Spanien und Deutschland sowie freier [&hellip;]\" \/>\n<meta property=\"og:url\" content=\"https:\/\/www.servitopcanarias.net\/dkv-residentes\/basic-plusbest-care-modell-22\" \/>\n<meta property=\"og:site_name\" content=\"servitopcanarias.net\" \/>\n<meta property=\"og:image\" content=\"http:\/\/neu.servitopcanarias.net\/wp-content\/uploads\/residentes1.jpg\" \/>\n<meta name=\"twitter:label1\" content=\"Tiempo de lectura\" \/>\n\t<meta name=\"twitter:data1\" content=\"2 minutos\" \/>\n<script type=\"application\/ld+json\" class=\"yoast-schema-graph\">{\"@context\":\"https:\/\/schema.org\",\"@graph\":[{\"@type\":\"WebPage\",\"@id\":\"https:\/\/www.servitopcanarias.net\/dkv-residentes\/basic-plusbest-care-modell-22\",\"url\":\"https:\/\/www.servitopcanarias.net\/dkv-residentes\/basic-plusbest-care-modell-22\",\"name\":\"basic+ plus+Best Care (modell 22) - servitopcanarias.net\",\"isPartOf\":{\"@id\":\"https:\/\/www.servitopcanarias.net\/#website\"},\"primaryImageOfPage\":{\"@id\":\"https:\/\/www.servitopcanarias.net\/dkv-residentes\/basic-plusbest-care-modell-22#primaryimage\"},\"image\":{\"@id\":\"https:\/\/www.servitopcanarias.net\/dkv-residentes\/basic-plusbest-care-modell-22#primaryimage\"},\"thumbnailUrl\":\"http:\/\/neu.servitopcanarias.net\/wp-content\/uploads\/residentes1.jpg\",\"datePublished\":\"2015-02-23T13:45:26+00:00\",\"dateModified\":\"2015-02-23T13:45:26+00:00\",\"breadcrumb\":{\"@id\":\"https:\/\/www.servitopcanarias.net\/dkv-residentes\/basic-plusbest-care-modell-22#breadcrumb\"},\"inLanguage\":\"es\",\"potentialAction\":[{\"@type\":\"ReadAction\",\"target\":[\"https:\/\/www.servitopcanarias.net\/dkv-residentes\/basic-plusbest-care-modell-22\"]}]},{\"@type\":\"ImageObject\",\"inLanguage\":\"es\",\"@id\":\"https:\/\/www.servitopcanarias.net\/dkv-residentes\/basic-plusbest-care-modell-22#primaryimage\",\"url\":\"http:\/\/neu.servitopcanarias.net\/wp-content\/uploads\/residentes1.jpg\",\"contentUrl\":\"http:\/\/neu.servitopcanarias.net\/wp-content\/uploads\/residentes1.jpg\"},{\"@type\":\"BreadcrumbList\",\"@id\":\"https:\/\/www.servitopcanarias.net\/dkv-residentes\/basic-plusbest-care-modell-22#breadcrumb\",\"itemListElement\":[{\"@type\":\"ListItem\",\"position\":1,\"name\":\"Home\",\"item\":\"https:\/\/www.servitopcanarias.net\/\"},{\"@type\":\"ListItem\",\"position\":2,\"name\":\"DKV Residentes\",\"item\":\"https:\/\/www.servitopcanarias.net\/dkv-residentes\"},{\"@type\":\"ListItem\",\"position\":3,\"name\":\"basic+ plus+Best Care (modell 22)\"}]},{\"@type\":\"WebSite\",\"@id\":\"https:\/\/www.servitopcanarias.net\/#website\",\"url\":\"https:\/\/www.servitopcanarias.net\/\",\"name\":\"servitopcanarias.net\",\"description\":\"Eine weitere WordPress-Seite\",\"potentialAction\":[{\"@type\":\"SearchAction\",\"target\":{\"@type\":\"EntryPoint\",\"urlTemplate\":\"https:\/\/www.servitopcanarias.net\/?s={search_term_string}\"},\"query-input\":{\"@type\":\"PropertyValueSpecification\",\"valueRequired\":true,\"valueName\":\"search_term_string\"}}],\"inLanguage\":\"es\"}]}<\/script>\n<!-- \/ Yoast SEO plugin. -->","yoast_head_json":{"title":"basic+ plus+Best Care (modell 22) - servitopcanarias.net","robots":{"index":"index","follow":"follow","max-snippet":"max-snippet:-1","max-image-preview":"max-image-preview:large","max-video-preview":"max-video-preview:-1"},"canonical":"https:\/\/www.servitopcanarias.net\/dkv-residentes\/basic-plusbest-care-modell-22","og_locale":"es_ES","og_type":"article","og_title":"basic+ plus+Best Care (modell 22) - servitopcanarias.net","og_description":"Die Krankenversicherung mit Deckung in Spanien und Deutschland sowie freier [&hellip;]","og_url":"https:\/\/www.servitopcanarias.net\/dkv-residentes\/basic-plusbest-care-modell-22","og_site_name":"servitopcanarias.net","og_image":[{"url":"http:\/\/neu.servitopcanarias.net\/wp-content\/uploads\/residentes1.jpg"}],"twitter_misc":{"Tiempo de lectura":"2 minutos"},"schema":{"@context":"https:\/\/schema.org","@graph":[{"@type":"WebPage","@id":"https:\/\/www.servitopcanarias.net\/dkv-residentes\/basic-plusbest-care-modell-22","url":"https:\/\/www.servitopcanarias.net\/dkv-residentes\/basic-plusbest-care-modell-22","name":"basic+ plus+Best Care (modell 22) - servitopcanarias.net","isPartOf":{"@id":"https:\/\/www.servitopcanarias.net\/#website"},"primaryImageOfPage":{"@id":"https:\/\/www.servitopcanarias.net\/dkv-residentes\/basic-plusbest-care-modell-22#primaryimage"},"image":{"@id":"https:\/\/www.servitopcanarias.net\/dkv-residentes\/basic-plusbest-care-modell-22#primaryimage"},"thumbnailUrl":"http:\/\/neu.servitopcanarias.net\/wp-content\/uploads\/residentes1.jpg","datePublished":"2015-02-23T13:45:26+00:00","dateModified":"2015-02-23T13:45:26+00:00","breadcrumb":{"@id":"https:\/\/www.servitopcanarias.net\/dkv-residentes\/basic-plusbest-care-modell-22#breadcrumb"},"inLanguage":"es","potentialAction":[{"@type":"ReadAction","target":["https:\/\/www.servitopcanarias.net\/dkv-residentes\/basic-plusbest-care-modell-22"]}]},{"@type":"ImageObject","inLanguage":"es","@id":"https:\/\/www.servitopcanarias.net\/dkv-residentes\/basic-plusbest-care-modell-22#primaryimage","url":"http:\/\/neu.servitopcanarias.net\/wp-content\/uploads\/residentes1.jpg","contentUrl":"http:\/\/neu.servitopcanarias.net\/wp-content\/uploads\/residentes1.jpg"},{"@type":"BreadcrumbList","@id":"https:\/\/www.servitopcanarias.net\/dkv-residentes\/basic-plusbest-care-modell-22#breadcrumb","itemListElement":[{"@type":"ListItem","position":1,"name":"Home","item":"https:\/\/www.servitopcanarias.net\/"},{"@type":"ListItem","position":2,"name":"DKV Residentes","item":"https:\/\/www.servitopcanarias.net\/dkv-residentes"},{"@type":"ListItem","position":3,"name":"basic+ plus+Best Care (modell 22)"}]},{"@type":"WebSite","@id":"https:\/\/www.servitopcanarias.net\/#website","url":"https:\/\/www.servitopcanarias.net\/","name":"servitopcanarias.net","description":"Eine weitere WordPress-Seite","potentialAction":[{"@type":"SearchAction","target":{"@type":"EntryPoint","urlTemplate":"https:\/\/www.servitopcanarias.net\/?s={search_term_string}"},"query-input":{"@type":"PropertyValueSpecification","valueRequired":true,"valueName":"search_term_string"}}],"inLanguage":"es"}]}},"_links":{"self":[{"href":"https:\/\/www.servitopcanarias.net\/es\/wp-json\/wp\/v2\/pages\/488"}],"collection":[{"href":"https:\/\/www.servitopcanarias.net\/es\/wp-json\/wp\/v2\/pages"}],"about":[{"href":"https:\/\/www.servitopcanarias.net\/es\/wp-json\/wp\/v2\/types\/page"}],"author":[{"embeddable":true,"href":"https:\/\/www.servitopcanarias.net\/es\/wp-json\/wp\/v2\/users\/1"}],"replies":[{"embeddable":true,"href":"https:\/\/www.servitopcanarias.net\/es\/wp-json\/wp\/v2\/comments?post=488"}],"version-history":[{"count":0,"href":"https:\/\/www.servitopcanarias.net\/es\/wp-json\/wp\/v2\/pages\/488\/revisions"}],"up":[{"embeddable":true,"href":"https:\/\/www.servitopcanarias.net\/es\/wp-json\/wp\/v2\/pages\/421"}],"wp:attachment":[{"href":"https:\/\/www.servitopcanarias.net\/es\/wp-json\/wp\/v2\/media?parent=488"}],"curies":[{"name":"wp","href":"https:\/\/api.w.org\/{rel}","templated":true}]}}