{"id":482,"date":"2015-02-23T13:41:57","date_gmt":"2015-02-23T13:41:57","guid":{"rendered":"http:\/\/www.servitopcanarias.net\/dkv-mundisalud\/plus"},"modified":"2015-02-23T13:41:57","modified_gmt":"2015-02-23T13:41:57","slug":"plus","status":"publish","type":"page","link":"https:\/\/www.servitopcanarias.net\/es\/dkv-mundisalud\/plus","title":{"rendered":"Plus"},"content":{"rendered":"<p>Die Krankenversicherung mit weltweiter Deckung sowie freier Arzt- und Krankenhauswahl. Der Tarif Mundisalud ist ein Mischprodukt: Er umfasst s\u00e4mtliche Leistungen des Tarifs \u201cDKV Integral\u201d (Sachleistungsprinzip) und bietet dar\u00fcber hinaus die M\u00f6glichkeit freier Arzt- und Krankenhauswahl (Kostenerstattungsprinzip) bis zu festgesetzten H\u00f6chstgrenzen<\/p>\n<p><strong>Deckung<\/strong><br \/>\n1. Innerhalb des vertraglich gebundenen medizinischen Netzes (Cuadro M\u00e9dico): Sachleistungsprinzip 100%<br \/>\n2. Freie Arzt- und Krankenhauswahl sowohl in Spanien als auch im Ausland: Kostenerstattungsprinzip<br \/>\n80% Kostenerstattung innerhalb Spaniens, 90% bei Wahl von DKV Mundisalud \u00c9lite und 90% im Ausland<\/p>\n<p><strong>Leistungsumpfang<\/strong><br \/>\n1. Ambulante medizinische Erstversorgung<br \/>\n2. Medizinische Versorgung durch Fach\u00e4rzte und Chirurgen, diagnostische Verfahren<br \/>\n4. Zahn\u00e4rztliche Leistungen<br \/>\n3. Station\u00e4re medizinische Versorgung<br \/>\n&#8211; Allgemeinmedizin (Hausarzt)<br \/>\n&#8211; Kinderheilkunde<br \/>\n&#8211; Notfallmedizin<br \/>\n&#8211; Klinische Analysen<br \/>\n&#8211; Transport im Krankenwagen<br \/>\n&#8211; Vorsorgeuntersuchungen<br \/>\n&#8211; S\u00e4uglingspflege, Hausarzt, Kinderarzt, Arzthelfer, MTA<br \/>\n&#8211; Klinische, biologische Untersuchungen<br \/>\n&#8211; R\u00f6ntgenaufnahmen, Tomografien, Urografien<br \/>\n&#8211; Fach\u00e4rztliche Heilbehandlungen inklusive ambulante Chirurgie<br \/>\n&#8211; Zus\u00e4tzliche diagnostische Verfahren<br \/>\n&#8211; Alle medizinischen Fachrichtungen<br \/>\n&#8211; Radiologie, CTG, EKG<br \/>\n&#8211; Ultraschall, Allergietests<br \/>\n&#8211; Funktionspr\u00fcfungen<br \/>\n&#8211; Kobalttherapie, Chemotherapie, Rehabilitation<br \/>\nEingeschlossen sind eine j\u00e4hrliche Mundpflege beim Zahnarzt, notwendige Zahnextraktionen, die Behandlungen der Mundschleimhaut, Fluoridierungen, erforderliche R\u00f6ntgenaufnahmen.<br \/>\nF\u00fcr sonstige zahn\u00e4rztliche Leistungen: Angebot eines zahn\u00e4rztlichen Services (Vermittlung von zahn\u00e4rztlichen Heilbehandlungen zu Sonderpreisen), Kinderzahnheilkunde (Jugendliche unter 14<br \/>\nJahren): Kostenfreier Einschluss von F\u00fcllungen und Versiegelungen.<\/p>\n<p><strong>Erstattung<\/strong><br \/>\n1. Innerhalb des Cuadro M\u00e9dico: Sachleistungsprinzip 100% Direktabrechnung DKV Seguros mit den Leistungserbringern<br \/>\n2. Freie Arzt- und Krankenhauswahl (Kostenerstattungsprinzip)<\/p>\n<p><a href=\"http:\/\/neu.servitopcanarias.net\/wp-content\/uploads\/mundisalud1.jpg\"><img loading=\"lazy\" decoding=\"async\" class=\"alignnone wp-image-290 size-full\" src=\"http:\/\/neu.servitopcanarias.net\/wp-content\/uploads\/mundisalud1.jpg\" alt=\"mundisalud\" width=\"858\" height=\"100\" srcset=\"https:\/\/www.servitopcanarias.net\/wp-content\/uploads\/mundisalud1.jpg 858w, https:\/\/www.servitopcanarias.net\/wp-content\/uploads\/mundisalud1-150x17.jpg 150w, https:\/\/www.servitopcanarias.net\/wp-content\/uploads\/mundisalud1-300x35.jpg 300w\" sizes=\"(max-width: 858px) 100vw, 858px\" \/><\/a><\/p>\n<p><strong>Limitierungen im Kostenerstattungsmodus pro versicherte Person (EUR\/Jahr)<\/strong><\/p>\n<p><a href=\"http:\/\/neu.servitopcanarias.net\/wp-content\/uploads\/mundisalud2.jpg\"><img loading=\"lazy\" decoding=\"async\" class=\"alignnone wp-image-293 size-full\" src=\"http:\/\/neu.servitopcanarias.net\/wp-content\/uploads\/mundisalud2.jpg\" alt=\"mundisalud2\" width=\"857\" height=\"244\" srcset=\"https:\/\/www.servitopcanarias.net\/wp-content\/uploads\/mundisalud2.jpg 857w, https:\/\/www.servitopcanarias.net\/wp-content\/uploads\/mundisalud2-150x43.jpg 150w, https:\/\/www.servitopcanarias.net\/wp-content\/uploads\/mundisalud2-300x85.jpg 300w\" sizes=\"(max-width: 857px) 100vw, 857px\" \/><\/a><\/p>\n<p><strong>wichtigste Anschl\u00fcsse<\/strong><br \/>\n(z. B.) Kriegsereignisse, \u00f6ffentlich deklarierte Epidemien, Naturkatastrophen, Nuklearereignisse, Sch\u00f6nheitschirurgie, professionelle Sportaus\u00fcbung und die Aus\u00fcbung gef\u00e4hrlicher Freizeitaktivit\u00e4ten, Vorsatz, Alkohol- und Drogenmissbrauch, jede Art von Vorerkrankung, es sei denn, sie wird mit einem versicherungsmedizinischen Zuschlag eingeschlossen, Psychoanalyse.<\/p>\n<p><strong>Leistungsbegrenzungen<\/strong><br \/>\n1. H\u00f6chstleistungsdauer von 60 Tagen\/Jahr f\u00fcr Aufenthalt im Krankenhaus bei psychischen Erkrankungen<br \/>\n2. Prothesen bis 12.000 EUR pro versicherte Person\/Jahr<br \/>\n3. Reisekrankenschutz im Ausland bei Notfall bis 12.000 EUR<\/p>\n<p><strong>Geltungsbereich<\/strong><br \/>\nWeltweit; bei bis zu 90 Tagen je Aufenthalt im Ausland besteht ein Notfallschutz<\/p>\n<p><strong>Berufsunfallrisiko<\/strong><br \/>\nja, eingeschlossen<\/p>\n<p><strong>H\u00f6chstaufnahmealter<\/strong><br \/>\n75 Jahre<\/p>\n<p><strong>Versicherbarer Personenkreis<\/strong><br \/>\nPersonen mit st\u00e4ndigem Wohnsitz in Spanien<\/p>\n<p><strong>Extras<\/strong><br \/>\nVerzicht auf das K\u00fcndigungsrecht seitens DKV Seguros nach Ablauf von drei aufeinanderfolgenden Versicherungsjahren; Abrechnung \u00fcber DKV Medicard, Beitragsnachl\u00e4sse bei Familienpolicen, Erstattung der Aufwendungen im Ausland bei schweren Erkrankungen, Psychologie: 20 Sitzungen j\u00e4hrlich, 40 Sitzungen j\u00e4hrlich bei Magersucht und Bulemie. H\u00f6here Erstattungsgrenze bei Psychotherapie auf 30 EUR, Online Autorisationen: Zugang zu einem Internet-Portal, um die Prozesse einfach zu gestalten. Garantie einer schnellen Terminvereinbarung f\u00fcr medizinische Versorgung; Medizinische Heilbehandlung bei Arbeits- und Verkehrsunf\u00e4llen; Zahnmedizinischer -Service; 24-Stunden-Notfall-Telefon, Telefonservice: f\u00fcr Schwangere, zur Gesundheit bei Kindern und Jugendlichen, zur Ern\u00e4hrungsberatung, Nikotinentw\u00f6hnung; Bioethikforum; medizinische Beratung via Internet; Vorsorgeprogramme einschliesslich Fr\u00fcherkennung von Hautkrebs; Neuronavigation, PET-TC, Bestimmungen in der Gen- und Molekularbiologie, spezieller Service f\u00fcr Senioren und Erstattung der Aufwendungen f\u00fcr pflegebed\u00fcrftige Personen 3.Grades nach einem Unfall; Service-Leistungen zur Entnahme von Nabelschnurblut und Einlagerung der Stammzellen (Zuzahlungen), Geh\u00f6runtersuchung bei Neugeborenen (Screening), Plan Vida saludable; Espacios de Salud (Gesundheitszentren).<\/p>\n<p>&nbsp;<\/p>\n<p><a href=\"http:\/\/neu.servitopcanarias.net\/wp-content\/uploads\/Kurzbeschreibung-DKV-Mundisalud-CPCE-2014.pdf\">Kurzbeschreibung DKV Mundisalud CPCE 2014<\/a><\/p>\n","protected":false},"excerpt":{"rendered":"<p>Die Krankenversicherung mit weltweiter Deckung sowie freier Arzt- und Krankenhauswahl. [&hellip;]<\/p>\n","protected":false},"author":1,"featured_media":0,"parent":410,"menu_order":0,"comment_status":"open","ping_status":"open","template":"","meta":{"ngg_post_thumbnail":0,"footnotes":""},"class_list":["post-482","page","type-page","status-publish","hentry"],"yoast_head":"<!-- This site is optimized with the Yoast SEO plugin v23.5 - https:\/\/yoast.com\/wordpress\/plugins\/seo\/ -->\n<title>Plus - servitopcanarias.net<\/title>\n<meta name=\"robots\" content=\"index, follow, max-snippet:-1, max-image-preview:large, max-video-preview:-1\" \/>\n<link rel=\"canonical\" href=\"https:\/\/www.servitopcanarias.net\/dkv-mundisalud\/plus\" \/>\n<meta property=\"og:locale\" content=\"es_ES\" \/>\n<meta property=\"og:type\" content=\"article\" \/>\n<meta property=\"og:title\" content=\"Plus - servitopcanarias.net\" \/>\n<meta property=\"og:description\" content=\"Die Krankenversicherung mit weltweiter Deckung sowie freier Arzt- und Krankenhauswahl. [&hellip;]\" \/>\n<meta property=\"og:url\" content=\"https:\/\/www.servitopcanarias.net\/dkv-mundisalud\/plus\" \/>\n<meta property=\"og:site_name\" content=\"servitopcanarias.net\" \/>\n<meta property=\"og:image\" content=\"http:\/\/neu.servitopcanarias.net\/wp-content\/uploads\/mundisalud1.jpg\" \/>\n<meta name=\"twitter:label1\" content=\"Tiempo de lectura\" \/>\n\t<meta name=\"twitter:data1\" content=\"2 minutos\" \/>\n<script type=\"application\/ld+json\" class=\"yoast-schema-graph\">{\"@context\":\"https:\/\/schema.org\",\"@graph\":[{\"@type\":\"WebPage\",\"@id\":\"https:\/\/www.servitopcanarias.net\/dkv-mundisalud\/plus\",\"url\":\"https:\/\/www.servitopcanarias.net\/dkv-mundisalud\/plus\",\"name\":\"Plus - servitopcanarias.net\",\"isPartOf\":{\"@id\":\"https:\/\/www.servitopcanarias.net\/#website\"},\"primaryImageOfPage\":{\"@id\":\"https:\/\/www.servitopcanarias.net\/dkv-mundisalud\/plus#primaryimage\"},\"image\":{\"@id\":\"https:\/\/www.servitopcanarias.net\/dkv-mundisalud\/plus#primaryimage\"},\"thumbnailUrl\":\"http:\/\/neu.servitopcanarias.net\/wp-content\/uploads\/mundisalud1.jpg\",\"datePublished\":\"2015-02-23T13:41:57+00:00\",\"dateModified\":\"2015-02-23T13:41:57+00:00\",\"breadcrumb\":{\"@id\":\"https:\/\/www.servitopcanarias.net\/dkv-mundisalud\/plus#breadcrumb\"},\"inLanguage\":\"es\",\"potentialAction\":[{\"@type\":\"ReadAction\",\"target\":[\"https:\/\/www.servitopcanarias.net\/dkv-mundisalud\/plus\"]}]},{\"@type\":\"ImageObject\",\"inLanguage\":\"es\",\"@id\":\"https:\/\/www.servitopcanarias.net\/dkv-mundisalud\/plus#primaryimage\",\"url\":\"http:\/\/neu.servitopcanarias.net\/wp-content\/uploads\/mundisalud1.jpg\",\"contentUrl\":\"http:\/\/neu.servitopcanarias.net\/wp-content\/uploads\/mundisalud1.jpg\"},{\"@type\":\"BreadcrumbList\",\"@id\":\"https:\/\/www.servitopcanarias.net\/dkv-mundisalud\/plus#breadcrumb\",\"itemListElement\":[{\"@type\":\"ListItem\",\"position\":1,\"name\":\"Home\",\"item\":\"https:\/\/www.servitopcanarias.net\/\"},{\"@type\":\"ListItem\",\"position\":2,\"name\":\"DKV Mundisalud\",\"item\":\"https:\/\/www.servitopcanarias.net\/dkv-mundisalud\"},{\"@type\":\"ListItem\",\"position\":3,\"name\":\"Plus\"}]},{\"@type\":\"WebSite\",\"@id\":\"https:\/\/www.servitopcanarias.net\/#website\",\"url\":\"https:\/\/www.servitopcanarias.net\/\",\"name\":\"servitopcanarias.net\",\"description\":\"Eine weitere WordPress-Seite\",\"potentialAction\":[{\"@type\":\"SearchAction\",\"target\":{\"@type\":\"EntryPoint\",\"urlTemplate\":\"https:\/\/www.servitopcanarias.net\/?s={search_term_string}\"},\"query-input\":{\"@type\":\"PropertyValueSpecification\",\"valueRequired\":true,\"valueName\":\"search_term_string\"}}],\"inLanguage\":\"es\"}]}<\/script>\n<!-- \/ Yoast SEO plugin. -->","yoast_head_json":{"title":"Plus - servitopcanarias.net","robots":{"index":"index","follow":"follow","max-snippet":"max-snippet:-1","max-image-preview":"max-image-preview:large","max-video-preview":"max-video-preview:-1"},"canonical":"https:\/\/www.servitopcanarias.net\/dkv-mundisalud\/plus","og_locale":"es_ES","og_type":"article","og_title":"Plus - servitopcanarias.net","og_description":"Die Krankenversicherung mit weltweiter Deckung sowie freier Arzt- und Krankenhauswahl. [&hellip;]","og_url":"https:\/\/www.servitopcanarias.net\/dkv-mundisalud\/plus","og_site_name":"servitopcanarias.net","og_image":[{"url":"http:\/\/neu.servitopcanarias.net\/wp-content\/uploads\/mundisalud1.jpg"}],"twitter_misc":{"Tiempo de lectura":"2 minutos"},"schema":{"@context":"https:\/\/schema.org","@graph":[{"@type":"WebPage","@id":"https:\/\/www.servitopcanarias.net\/dkv-mundisalud\/plus","url":"https:\/\/www.servitopcanarias.net\/dkv-mundisalud\/plus","name":"Plus - servitopcanarias.net","isPartOf":{"@id":"https:\/\/www.servitopcanarias.net\/#website"},"primaryImageOfPage":{"@id":"https:\/\/www.servitopcanarias.net\/dkv-mundisalud\/plus#primaryimage"},"image":{"@id":"https:\/\/www.servitopcanarias.net\/dkv-mundisalud\/plus#primaryimage"},"thumbnailUrl":"http:\/\/neu.servitopcanarias.net\/wp-content\/uploads\/mundisalud1.jpg","datePublished":"2015-02-23T13:41:57+00:00","dateModified":"2015-02-23T13:41:57+00:00","breadcrumb":{"@id":"https:\/\/www.servitopcanarias.net\/dkv-mundisalud\/plus#breadcrumb"},"inLanguage":"es","potentialAction":[{"@type":"ReadAction","target":["https:\/\/www.servitopcanarias.net\/dkv-mundisalud\/plus"]}]},{"@type":"ImageObject","inLanguage":"es","@id":"https:\/\/www.servitopcanarias.net\/dkv-mundisalud\/plus#primaryimage","url":"http:\/\/neu.servitopcanarias.net\/wp-content\/uploads\/mundisalud1.jpg","contentUrl":"http:\/\/neu.servitopcanarias.net\/wp-content\/uploads\/mundisalud1.jpg"},{"@type":"BreadcrumbList","@id":"https:\/\/www.servitopcanarias.net\/dkv-mundisalud\/plus#breadcrumb","itemListElement":[{"@type":"ListItem","position":1,"name":"Home","item":"https:\/\/www.servitopcanarias.net\/"},{"@type":"ListItem","position":2,"name":"DKV Mundisalud","item":"https:\/\/www.servitopcanarias.net\/dkv-mundisalud"},{"@type":"ListItem","position":3,"name":"Plus"}]},{"@type":"WebSite","@id":"https:\/\/www.servitopcanarias.net\/#website","url":"https:\/\/www.servitopcanarias.net\/","name":"servitopcanarias.net","description":"Eine weitere WordPress-Seite","potentialAction":[{"@type":"SearchAction","target":{"@type":"EntryPoint","urlTemplate":"https:\/\/www.servitopcanarias.net\/?s={search_term_string}"},"query-input":{"@type":"PropertyValueSpecification","valueRequired":true,"valueName":"search_term_string"}}],"inLanguage":"es"}]}},"_links":{"self":[{"href":"https:\/\/www.servitopcanarias.net\/es\/wp-json\/wp\/v2\/pages\/482"}],"collection":[{"href":"https:\/\/www.servitopcanarias.net\/es\/wp-json\/wp\/v2\/pages"}],"about":[{"href":"https:\/\/www.servitopcanarias.net\/es\/wp-json\/wp\/v2\/types\/page"}],"author":[{"embeddable":true,"href":"https:\/\/www.servitopcanarias.net\/es\/wp-json\/wp\/v2\/users\/1"}],"replies":[{"embeddable":true,"href":"https:\/\/www.servitopcanarias.net\/es\/wp-json\/wp\/v2\/comments?post=482"}],"version-history":[{"count":0,"href":"https:\/\/www.servitopcanarias.net\/es\/wp-json\/wp\/v2\/pages\/482\/revisions"}],"up":[{"embeddable":true,"href":"https:\/\/www.servitopcanarias.net\/es\/wp-json\/wp\/v2\/pages\/410"}],"wp:attachment":[{"href":"https:\/\/www.servitopcanarias.net\/es\/wp-json\/wp\/v2\/media?parent=482"}],"curies":[{"name":"wp","href":"https:\/\/api.w.org\/{rel}","templated":true}]}}