{"id":474,"date":"2015-02-23T13:50:08","date_gmt":"2015-02-23T13:50:08","guid":{"rendered":"http:\/\/www.servitopcanarias.net\/dkv-dentisalud\/dentisalud"},"modified":"2015-02-23T13:50:08","modified_gmt":"2015-02-23T13:50:08","slug":"dentisalud","status":"publish","type":"page","link":"https:\/\/www.servitopcanarias.net\/es\/dkv-dentisalud\/dentisalud","title":{"rendered":"Dentisalud"},"content":{"rendered":"<p>Behandlung durch Zahn\u00e4rzte und Kliniken, die dem vertraglich gebundenen Netz von \u00c4rzten und Kliniken der DKV (dem \u201cCuadro M\u00e9dico\u201c) angeh\u00f6ren. Individuelle Zusammenstellung m\u00f6glich.<br \/>\nDKV DENTISALUD wird in zwei Varianten angeboten, die sich in der H\u00f6he der Zuzahlungen unterscheiden<\/p>\n<p><em><strong>DKV DENTISALUD CLASSIC:<\/strong><\/em><br \/>\nniedrigere Beitr\u00e4ge f\u00fcr die versicherte Person<\/p>\n<p><strong><em>DKV DENTISALUD \u00c9LITE:<\/em><\/strong><br \/>\nniedrigere Zuzahlungen f\u00fcr die versicherte Person<\/p>\n<p><strong>Deckung<\/strong><br \/>\n1. Innerhalb des vertraglich gebundenen medizinischen Netzes (Cuadro M\u00e9dico): Inanspruchname der verschiedenen Dienste und Leistungen durch Zahlung von zuvor festgelegten<br \/>\nSelbstbehalten.<br \/>\n2. freie Arzt- und Krankenhauswahl: ausschlie\u00dfliche Abdeckung von Zahnunf\u00e4llen (mehr als drei Z\u00e4hne betreffend)<\/p>\n<p><strong>Leistungsumpfang<\/strong> <strong>und Erstattungen<\/strong><br \/>\n1. Grunds\u00e4tzliche Absicherung innerhalb des Cuadro M\u00e9dico:<br \/>\nWenn Sie die Leistungen von Zahn\u00e4rzten und Kliniken innerhalb des Cuadro M\u00e9dico nutzen, sind Sie folgenderma\u00dfen abgesichert:<br \/>\n&gt; Diagnostische Verfahren: Beratung\/Sprechstunde, Kostenvoranschl\u00e4ge, Behandlungsplan, Revision (zweite medizinische Meinung).<br \/>\n&gt; Zahnmedizin: Vorsorgende Untersuchungen; Konservierende Ma\u00dfnahmen; Medizinische Ma\u00dfnahmen; Chirurgische Ma\u00dfnahmen; Aufbauende Zahnwurzelbehandlung, Zahnhalsbehandlung, Neurologische Pathologie.<br \/>\n&gt; Zahnprothesen: feste, bewegliche, teilweise bewegliche Prothesen (aus Acryl, Metall oder Coladas),<br \/>\nOkklusion, Reparaturen.<br \/>\n&gt; Kieferorthop\u00e4die.<br \/>\n&gt; Platzhalter.<br \/>\n&#8211; Feste Apparate.<br \/>\n&#8211; Bewegliche Apparate.<br \/>\n&#8211; Stabilisierende Apparate.<br \/>\n&#8211; Zahn\u00e4sthetik: Bleichung von Z\u00e4hnen, Einsatz von Keramikverblendungen.<br \/>\n&#8211; Implantologie.<br \/>\n2. Absicherung von Zahnunf\u00e4llen bei freier Arzt- und Krankenhauswahl:<br \/>\nDKV Seguros erstattet ihren Versicherten bis zu einer H\u00f6chstgrenze von 6.000 EUR nach einem schweren Unfall, bei dem mehr als 3 Z\u00e4hne in Mitleidenschaft gezogen werden und bei Inanspruchnahme der Leistungen von frei w\u00e4hlbaren \u00c4rzten und Kliniken ohne jeglichen Selbstbehalt.<\/p>\n<p><strong>wichtigste Anschl\u00fcsse<\/strong><br \/>\n(z. B.) Kriegsereignisse und \u00f6ffentlich deklarierte Epidemien, Sch\u00f6nheits- sowie Schmerzbehandlungen, Kieferchirugie, chirurgische Behandlungen, die einen Operationssaal und\/oder Krankenhausaufenthalt erfordern.<\/p>\n<p><strong>Geltungsbereich<\/strong><br \/>\nInnerhalb des spanischen Territoriums<\/p>\n<p><strong>H\u00f6chstaufnahmealter<\/strong><br \/>\nKeine Altersbegrenzung<\/p>\n<p><strong>Versicherbarer Personenkreis<\/strong><br \/>\nPersonen mit st\u00e4ndigem Wohnsitz in Spanien<\/p>\n<p><strong>Wartezeiten<\/strong><br \/>\nDKV Dentisalud \u00c9lite: 3 Monate f\u00fcr Amalgam- oder Kompositf\u00fcllung f\u00fcr versicherte Personen unter 15 Jahren<br \/>\nOperative Entfernung eines Weisheitszahns<br \/>\nParadontalchirurgie mit und ohne Transplantat<\/p>\n<p><strong>Besonderheiten<\/strong><br \/>\n1. Weite geographische Abdeckung: abgestimmt in allen Gebieten<br \/>\n2. Karte \u201cDKV Denticard\u201d<br \/>\n3. Deckung von Zahnunf\u00e4llen (nicht in den Policen der Konkurrenz enthalten).<\/p>\n<p>&nbsp;<\/p>\n<p><a href=\"http:\/\/neu.servitopcanarias.net\/wp-content\/uploads\/Kurzbeschreibung-DKV-Dentisalud-2014.pdf\">Kurzbeschreibung DKV Dentisalud 2014<\/a><\/p>\n","protected":false},"excerpt":{"rendered":"<p>Behandlung durch Zahn\u00e4rzte und Kliniken, die dem vertraglich gebundenen Netz [&hellip;]<\/p>\n","protected":false},"author":1,"featured_media":0,"parent":437,"menu_order":0,"comment_status":"open","ping_status":"open","template":"","meta":{"ngg_post_thumbnail":0,"footnotes":""},"class_list":["post-474","page","type-page","status-publish","hentry"],"yoast_head":"<!-- This site is optimized with the Yoast SEO plugin v23.5 - https:\/\/yoast.com\/wordpress\/plugins\/seo\/ -->\n<title>Dentisalud - servitopcanarias.net<\/title>\n<meta name=\"robots\" content=\"index, follow, max-snippet:-1, max-image-preview:large, max-video-preview:-1\" \/>\n<link rel=\"canonical\" href=\"https:\/\/www.servitopcanarias.net\/zahnversicherung\/dentisalud\" \/>\n<meta property=\"og:locale\" content=\"es_ES\" \/>\n<meta property=\"og:type\" content=\"article\" \/>\n<meta property=\"og:title\" content=\"Dentisalud - servitopcanarias.net\" \/>\n<meta property=\"og:description\" content=\"Behandlung durch Zahn\u00e4rzte und Kliniken, die dem vertraglich gebundenen Netz [&hellip;]\" \/>\n<meta property=\"og:url\" content=\"https:\/\/www.servitopcanarias.net\/zahnversicherung\/dentisalud\" \/>\n<meta property=\"og:site_name\" content=\"servitopcanarias.net\" \/>\n<meta name=\"twitter:label1\" content=\"Tiempo de lectura\" \/>\n\t<meta name=\"twitter:data1\" content=\"2 minutos\" \/>\n<script type=\"application\/ld+json\" class=\"yoast-schema-graph\">{\"@context\":\"https:\/\/schema.org\",\"@graph\":[{\"@type\":\"WebPage\",\"@id\":\"https:\/\/www.servitopcanarias.net\/zahnversicherung\/dentisalud\",\"url\":\"https:\/\/www.servitopcanarias.net\/zahnversicherung\/dentisalud\",\"name\":\"Dentisalud - servitopcanarias.net\",\"isPartOf\":{\"@id\":\"https:\/\/www.servitopcanarias.net\/#website\"},\"datePublished\":\"2015-02-23T13:50:08+00:00\",\"dateModified\":\"2015-02-23T13:50:08+00:00\",\"breadcrumb\":{\"@id\":\"https:\/\/www.servitopcanarias.net\/zahnversicherung\/dentisalud#breadcrumb\"},\"inLanguage\":\"es\",\"potentialAction\":[{\"@type\":\"ReadAction\",\"target\":[\"https:\/\/www.servitopcanarias.net\/zahnversicherung\/dentisalud\"]}]},{\"@type\":\"BreadcrumbList\",\"@id\":\"https:\/\/www.servitopcanarias.net\/zahnversicherung\/dentisalud#breadcrumb\",\"itemListElement\":[{\"@type\":\"ListItem\",\"position\":1,\"name\":\"Home\",\"item\":\"https:\/\/www.servitopcanarias.net\/\"},{\"@type\":\"ListItem\",\"position\":2,\"name\":\"DKV Dentisalud\",\"item\":\"https:\/\/www.servitopcanarias.net\/zahnversicherung\"},{\"@type\":\"ListItem\",\"position\":3,\"name\":\"Dentisalud\"}]},{\"@type\":\"WebSite\",\"@id\":\"https:\/\/www.servitopcanarias.net\/#website\",\"url\":\"https:\/\/www.servitopcanarias.net\/\",\"name\":\"servitopcanarias.net\",\"description\":\"Eine weitere WordPress-Seite\",\"potentialAction\":[{\"@type\":\"SearchAction\",\"target\":{\"@type\":\"EntryPoint\",\"urlTemplate\":\"https:\/\/www.servitopcanarias.net\/?s={search_term_string}\"},\"query-input\":{\"@type\":\"PropertyValueSpecification\",\"valueRequired\":true,\"valueName\":\"search_term_string\"}}],\"inLanguage\":\"es\"}]}<\/script>\n<!-- \/ Yoast SEO plugin. -->","yoast_head_json":{"title":"Dentisalud - servitopcanarias.net","robots":{"index":"index","follow":"follow","max-snippet":"max-snippet:-1","max-image-preview":"max-image-preview:large","max-video-preview":"max-video-preview:-1"},"canonical":"https:\/\/www.servitopcanarias.net\/zahnversicherung\/dentisalud","og_locale":"es_ES","og_type":"article","og_title":"Dentisalud - servitopcanarias.net","og_description":"Behandlung durch Zahn\u00e4rzte und Kliniken, die dem vertraglich gebundenen Netz [&hellip;]","og_url":"https:\/\/www.servitopcanarias.net\/zahnversicherung\/dentisalud","og_site_name":"servitopcanarias.net","twitter_misc":{"Tiempo de lectura":"2 minutos"},"schema":{"@context":"https:\/\/schema.org","@graph":[{"@type":"WebPage","@id":"https:\/\/www.servitopcanarias.net\/zahnversicherung\/dentisalud","url":"https:\/\/www.servitopcanarias.net\/zahnversicherung\/dentisalud","name":"Dentisalud - servitopcanarias.net","isPartOf":{"@id":"https:\/\/www.servitopcanarias.net\/#website"},"datePublished":"2015-02-23T13:50:08+00:00","dateModified":"2015-02-23T13:50:08+00:00","breadcrumb":{"@id":"https:\/\/www.servitopcanarias.net\/zahnversicherung\/dentisalud#breadcrumb"},"inLanguage":"es","potentialAction":[{"@type":"ReadAction","target":["https:\/\/www.servitopcanarias.net\/zahnversicherung\/dentisalud"]}]},{"@type":"BreadcrumbList","@id":"https:\/\/www.servitopcanarias.net\/zahnversicherung\/dentisalud#breadcrumb","itemListElement":[{"@type":"ListItem","position":1,"name":"Home","item":"https:\/\/www.servitopcanarias.net\/"},{"@type":"ListItem","position":2,"name":"DKV Dentisalud","item":"https:\/\/www.servitopcanarias.net\/zahnversicherung"},{"@type":"ListItem","position":3,"name":"Dentisalud"}]},{"@type":"WebSite","@id":"https:\/\/www.servitopcanarias.net\/#website","url":"https:\/\/www.servitopcanarias.net\/","name":"servitopcanarias.net","description":"Eine weitere WordPress-Seite","potentialAction":[{"@type":"SearchAction","target":{"@type":"EntryPoint","urlTemplate":"https:\/\/www.servitopcanarias.net\/?s={search_term_string}"},"query-input":{"@type":"PropertyValueSpecification","valueRequired":true,"valueName":"search_term_string"}}],"inLanguage":"es"}]}},"_links":{"self":[{"href":"https:\/\/www.servitopcanarias.net\/es\/wp-json\/wp\/v2\/pages\/474"}],"collection":[{"href":"https:\/\/www.servitopcanarias.net\/es\/wp-json\/wp\/v2\/pages"}],"about":[{"href":"https:\/\/www.servitopcanarias.net\/es\/wp-json\/wp\/v2\/types\/page"}],"author":[{"embeddable":true,"href":"https:\/\/www.servitopcanarias.net\/es\/wp-json\/wp\/v2\/users\/1"}],"replies":[{"embeddable":true,"href":"https:\/\/www.servitopcanarias.net\/es\/wp-json\/wp\/v2\/comments?post=474"}],"version-history":[{"count":0,"href":"https:\/\/www.servitopcanarias.net\/es\/wp-json\/wp\/v2\/pages\/474\/revisions"}],"up":[{"embeddable":true,"href":"https:\/\/www.servitopcanarias.net\/es\/wp-json\/wp\/v2\/pages\/437"}],"wp:attachment":[{"href":"https:\/\/www.servitopcanarias.net\/es\/wp-json\/wp\/v2\/media?parent=474"}],"curies":[{"name":"wp","href":"https:\/\/api.w.org\/{rel}","templated":true}]}}