{"id":470,"date":"2015-02-23T13:31:33","date_gmt":"2015-02-23T13:31:33","guid":{"rendered":"http:\/\/www.servitopcanarias.net\/dkv-integral\/elite"},"modified":"2015-02-23T13:31:33","modified_gmt":"2015-02-23T13:31:33","slug":"elite","status":"publish","type":"page","link":"https:\/\/www.servitopcanarias.net\/es\/dkv-integral\/elite","title":{"rendered":"Elite"},"content":{"rendered":"<p>Die Rundum-Gesundheitsversorgung (\u201cAsistencia Sanitaria\u201d) Medizinische Versorgung nur durch vertragsgebundene \u00c4rzte und Krankenh\u00e4user des medizinischen Netzes (Verzeichnis der mit DKV Seguros vertraglich gebundenen \u00c4rzte, Heilbehandler und Kliniken) als Sachleistung, Erstattung der Aufwendungen im Ausland.<\/p>\n<p><strong>Deckung<\/strong><br \/>\nInnerhalb des vertraglich gebundenen medizinischen Netzes (Cuadro M\u00e9dico): Sachleistungsprinzip<br \/>\n100% mit 4 Modalit\u00e4ten, die sich in der H\u00f6he der Zuzahlungen unterscheiden<br \/>\n<strong><em>COMPLET &#8211; PLUS &#8211; CLASSIC &#8211; \u00c9LITE<\/em><\/strong><br \/>\nErstattung der Aufwendungen im Ausland bei schweren Erkrankungen. Bei vorheriger Diagnose in<br \/>\nSpanien (80% des Rechnungsbetrages) bis 16.000 EUR.<\/p>\n<p><strong>Leistungsumpfang<\/strong><br \/>\n1. Ambulante medizinische Erstversorgung<br \/>\nInnerhalb des vertraglich gebundenen medizinischen Netzes (Cuadro M\u00e9dico): Sachleistungsprinzip<br \/>\n100% mit 4 Modalit\u00e4ten, die sich in der H\u00f6he der Zuzahlungen unterscheiden<br \/>\nCOMPLET &#8211; PLUS &#8211; CLASSIC &#8211; \u00c9LITE<br \/>\nErstattung der Aufwendungen im Ausland bei schweren Erkrankungen. Bei vorheriger Diagnose in<br \/>\nSpanien (80% des Rechnungsbetrages) bis 16.000 EUR.<br \/>\n2. Medizinische Versorgung durch Fach\u00e4rzte und Chirurgen, diagnostische Verfahren<br \/>\n4. Zahn\u00e4rztliche Leistungen<br \/>\n3. Station\u00e4re medizinische Versorgung<br \/>\n&#8211; Allgemeinmedizin (Hausarzt)<br \/>\n&#8211; Kinderheilkunde<br \/>\n&#8211; Notfallmedizin<br \/>\n&#8211; Klinische Analysen<br \/>\n&#8211; Transport im Krankenwagen<br \/>\n&#8211; Vorsorgeuntersuchungen<br \/>\n&#8211; S\u00e4uglingspflege, Hausarzt, Kinderarzt, Arzthelfer, MTA<br \/>\n&#8211; Klinische, biologische Untersuchungen<br \/>\n&#8211; R\u00f6ntgenaufnahmen, Tomografien, Urografien<br \/>\n&#8211; Fach\u00e4rztliche Heilbehandlungen inklusive ambulante Chirurgie<br \/>\n&#8211; Zus\u00e4tzliche diagnostische Verfahren<br \/>\n&#8211; Alle medizinischen Fachrichtungen<br \/>\n&#8211; Radiologie, CTG, EKG<br \/>\n&#8211; Ultraschall, Allergietests<br \/>\n&#8211; Funktionspr\u00fcfungen<br \/>\n&#8211; Kobalttherapie, Chemotherapie, Rehabilitation<br \/>\nEingeschlossen sind eine j\u00e4hrliche Mundpflege beim Zahnarzt, notwendige Zahnextraktionen, die Behandlungen der Mundschleimhaut, Fluoridierungen, erforderliche R\u00f6ntgenaufnahmen.<br \/>\nF\u00fcr sonstige zahn\u00e4rztliche Leistungen: Angebot eines zahn\u00e4rztlichen Services (Vermittlung von zahn\u00e4rztlichen Heilbehandlungen zu Sonderpreisen), Kinderzahnheilkunde (Jugendliche unter 14<br \/>\nJahren): Kostenfreier Einschluss von F\u00fcllungen und Versiegelungen.<\/p>\n<p><strong>Erstattung<\/strong><br \/>\nSachleistungsprinzip: Direktabrechnung DKV Seguros mit den Leistungserbringern<\/p>\n<p><strong>wichtigste Anschl\u00fcsse<\/strong><br \/>\n(z. B.) Kriegsereignisse, \u00f6ffentlich deklarierte Epidemien, Naturkatastrophen, Nuklearereignisse, Sch\u00f6nheitschirurgie, professionelle Sportaus\u00fcbung und die Aus\u00fcbung gef\u00e4hrlicher Freizeitaktivit\u00e4ten, Vorsatz, Alkohol- und Drogenmissbrauch, jede Art von Vorerkrankung, Psychoanalyse.<\/p>\n<p><strong>Leistungsbegrenzungen<\/strong><br \/>\n1. H\u00f6chstleistungsdauer von 60 Tagen\/Jahr f\u00fcr Aufenthalt im Krankenhaus bei psychischen Erkrankungen<br \/>\n2. Prothesen bis 12.000 EUR pro versicherte Person\/Jahr<br \/>\n3. Reisekrankenschutz im Ausland bei Notfall bis 12.000 EUR<\/p>\n<p><strong>Geltungsbereich<\/strong><br \/>\nSpanisches Territorium; bei bis zu 90 Tagen je Aufenthalt im Ausland besteht ein Notfallschut<\/p>\n<p><strong>Berufsunfallrisiko<\/strong><br \/>\nja, eingeschlossen<\/p>\n<p><strong>H\u00f6chstaufnahmealter<\/strong><br \/>\n75 Jahre<\/p>\n<p><strong>Versicherbarer Personenkreis<\/strong><br \/>\nPersonen mit st\u00e4ndigem Wohnsitz in Spanien<\/p>\n<p><strong>Extras<\/strong><br \/>\nVerzicht auf das K\u00fcndigungsrecht seitens DKV Seguros nach Ablauf von drei aufeinanderfolgenden Versicherungsjahren; Abrechnung \u00fcber DKV Medicard, Beitragsnachl\u00e4sse bei Familienpolicen, Erstattung der Aufwendungen im Ausland bei schweren Erkrankungen, Psychologie: 20 Sitzungen j\u00e4hrlich, 40 Sitzungen j\u00e4hrlich bei Magersucht und Bulemie. Online Autorisationen: Zugang zu einem Internet-Portal, um Ihre Prozesse einfach zu gestalten. Garantie einer schnellen Terminvereinbarung f\u00fcr medizinische Versorgung; Medizinische Heilbehandlung bei Arbeits- und Verkehrsunf\u00e4llen; Zahnmedizinischer -Service; 24-Stunden-Notfall-Telefon, Telefonservice: f\u00fcr Schwangere, zur Gesundheit bei Kindern und Jugendlichen, zur Ern\u00e4hrungsberatung, Nikotinentw\u00f6hnung; Bioethikforum; medizinische Beratung via Internet; Vorsorgeprogramme einschliesslich Fr\u00fcherkennung von Hautkrebs; Wellness-Service-Leistungen,<br \/>\nspezieller Service f\u00fcr Senioren und Erstattung der Aufwendungen f\u00fcr pflegebed\u00fcrftige Personen 3.Grades nach einem Unfall; Service-Leistungen zur Entnahme von Nabelschnurblut und Einlagerung der Stammzellen (Zuzahlungen), Geh\u00f6runtersuchung bei Neugeborenen (Screening), Plan Vida saludable; Espacios de Salud (Gesundheitszentren).<\/p>\n<p><strong>Erweiterter<\/strong> <strong>Versicherungsschutz<\/strong><br \/>\n1. Transplantationen von R\u00fcckenmark, Leber, Nieren und Herz sowie der Augenhornhaut<br \/>\n2. Chirurgie der Myopie innerhalb des medizinischen Netzes mit einer Eigenbeteiligung der versicherten<br \/>\nPerson von 850 EUR je Auge<br \/>\n3. Wiederherstellung der weiblichen Brust nach onkologischen Operationen<br \/>\n4. Fachgebiete vaskul\u00e4re Chirurgie, Hals-Nasen-Ohren-Heilkunde, Krankentransporte, Prothesen und<br \/>\nFrauenheilkunde, Implantate aus biologischem Material, neue onkologische Behandlungen, palliative<br \/>\nMedikamente und Haarprothesen bei onkologischen Prozessen, 3D gef\u00fchrte Strahlentherapie, Bestimmungen<br \/>\nin der Gen- und Molekularbiologie, PET-TC,<\/p>\n<p><strong>Besonderheiten<\/strong><br \/>\nA. Regionale Tarife (5 Zonen)<br \/>\n1. Barcelona; 2. Baleares; 3. La Rioja, Madrid, San Sebasti\u00e1n, Valencia und Zaragoza; 4. Kanarische<br \/>\nInseln; 5. Restliches Spanien<br \/>\nB. Abschlie\u00dfbar in 4 Modalit\u00e4ten (COMPLET \/ PLUS \/ CLASSIC \/ \u00c9LITE).<br \/>\nDie Zuzahlungen je medizinischer Behandlung der versicherten Personen an den Leistungen betr\u00e4gt, z.B. bei Modalit\u00e4t CLASSIC:<br \/>\nMedizinisch technische Assistenten (MTA), Allgemeinmedizin und Kinderheilkunde 1,95 EUR<br \/>\nRehabilitation\/Physiotherapie, Sauerstofftherapie, Radiologie, Endoskopie, CT\/MRT\/PET 2,50 EUR<br \/>\nMedizinische Fu\u00dfheilkunde, Geburtsvorbereitung, zus\u00e4tzliche diagnostische Verfahren, 2,95 EUR<br \/>\nNotfallbehandlungen, Krankenwagen, Krankenhauseinweisung, Hausbesuche, Fach\u00e4rzte<br \/>\nPsychologie 9,00 EUR<\/p>\n<p>&nbsp;<\/p>\n<p><a href=\"http:\/\/neu.servitopcanarias.net\/wp-content\/uploads\/Kurzbeschreibung-DKV-Integral-2014.pdf\">Kurzbeschreibung DKV Integral 2014<\/a><\/p>\n","protected":false},"excerpt":{"rendered":"<p>Die Rundum-Gesundheitsversorgung (\u201cAsistencia Sanitaria\u201d) Medizinische Versorgung nur durch vertragsgebundene \u00c4rzte [&hellip;]<\/p>\n","protected":false},"author":1,"featured_media":0,"parent":406,"menu_order":0,"comment_status":"open","ping_status":"open","template":"","meta":{"ngg_post_thumbnail":0,"footnotes":""},"class_list":["post-470","page","type-page","status-publish","hentry"],"yoast_head":"<!-- This site is optimized with the Yoast SEO plugin v23.5 - https:\/\/yoast.com\/wordpress\/plugins\/seo\/ -->\n<title>Elite - servitopcanarias.net<\/title>\n<meta name=\"robots\" content=\"index, follow, max-snippet:-1, max-image-preview:large, max-video-preview:-1\" \/>\n<link rel=\"canonical\" href=\"https:\/\/www.servitopcanarias.net\/dkv-integral\/elite\" \/>\n<meta property=\"og:locale\" content=\"es_ES\" \/>\n<meta property=\"og:type\" content=\"article\" \/>\n<meta property=\"og:title\" content=\"Elite - servitopcanarias.net\" \/>\n<meta property=\"og:description\" content=\"Die Rundum-Gesundheitsversorgung (\u201cAsistencia Sanitaria\u201d) Medizinische Versorgung nur durch vertragsgebundene \u00c4rzte [&hellip;]\" \/>\n<meta property=\"og:url\" content=\"https:\/\/www.servitopcanarias.net\/dkv-integral\/elite\" \/>\n<meta property=\"og:site_name\" content=\"servitopcanarias.net\" \/>\n<meta name=\"twitter:label1\" content=\"Tiempo de lectura\" \/>\n\t<meta name=\"twitter:data1\" content=\"3 minutos\" \/>\n<script type=\"application\/ld+json\" class=\"yoast-schema-graph\">{\"@context\":\"https:\/\/schema.org\",\"@graph\":[{\"@type\":\"WebPage\",\"@id\":\"https:\/\/www.servitopcanarias.net\/dkv-integral\/elite\",\"url\":\"https:\/\/www.servitopcanarias.net\/dkv-integral\/elite\",\"name\":\"Elite - servitopcanarias.net\",\"isPartOf\":{\"@id\":\"https:\/\/www.servitopcanarias.net\/#website\"},\"datePublished\":\"2015-02-23T13:31:33+00:00\",\"dateModified\":\"2015-02-23T13:31:33+00:00\",\"breadcrumb\":{\"@id\":\"https:\/\/www.servitopcanarias.net\/dkv-integral\/elite#breadcrumb\"},\"inLanguage\":\"es\",\"potentialAction\":[{\"@type\":\"ReadAction\",\"target\":[\"https:\/\/www.servitopcanarias.net\/dkv-integral\/elite\"]}]},{\"@type\":\"BreadcrumbList\",\"@id\":\"https:\/\/www.servitopcanarias.net\/dkv-integral\/elite#breadcrumb\",\"itemListElement\":[{\"@type\":\"ListItem\",\"position\":1,\"name\":\"Home\",\"item\":\"https:\/\/www.servitopcanarias.net\/\"},{\"@type\":\"ListItem\",\"position\":2,\"name\":\"DKV Integral\",\"item\":\"https:\/\/www.servitopcanarias.net\/dkv-integral\"},{\"@type\":\"ListItem\",\"position\":3,\"name\":\"Elite\"}]},{\"@type\":\"WebSite\",\"@id\":\"https:\/\/www.servitopcanarias.net\/#website\",\"url\":\"https:\/\/www.servitopcanarias.net\/\",\"name\":\"servitopcanarias.net\",\"description\":\"Eine weitere WordPress-Seite\",\"potentialAction\":[{\"@type\":\"SearchAction\",\"target\":{\"@type\":\"EntryPoint\",\"urlTemplate\":\"https:\/\/www.servitopcanarias.net\/?s={search_term_string}\"},\"query-input\":{\"@type\":\"PropertyValueSpecification\",\"valueRequired\":true,\"valueName\":\"search_term_string\"}}],\"inLanguage\":\"es\"}]}<\/script>\n<!-- \/ Yoast SEO plugin. -->","yoast_head_json":{"title":"Elite - servitopcanarias.net","robots":{"index":"index","follow":"follow","max-snippet":"max-snippet:-1","max-image-preview":"max-image-preview:large","max-video-preview":"max-video-preview:-1"},"canonical":"https:\/\/www.servitopcanarias.net\/dkv-integral\/elite","og_locale":"es_ES","og_type":"article","og_title":"Elite - servitopcanarias.net","og_description":"Die Rundum-Gesundheitsversorgung (\u201cAsistencia Sanitaria\u201d) Medizinische Versorgung nur durch vertragsgebundene \u00c4rzte [&hellip;]","og_url":"https:\/\/www.servitopcanarias.net\/dkv-integral\/elite","og_site_name":"servitopcanarias.net","twitter_misc":{"Tiempo de lectura":"3 minutos"},"schema":{"@context":"https:\/\/schema.org","@graph":[{"@type":"WebPage","@id":"https:\/\/www.servitopcanarias.net\/dkv-integral\/elite","url":"https:\/\/www.servitopcanarias.net\/dkv-integral\/elite","name":"Elite - servitopcanarias.net","isPartOf":{"@id":"https:\/\/www.servitopcanarias.net\/#website"},"datePublished":"2015-02-23T13:31:33+00:00","dateModified":"2015-02-23T13:31:33+00:00","breadcrumb":{"@id":"https:\/\/www.servitopcanarias.net\/dkv-integral\/elite#breadcrumb"},"inLanguage":"es","potentialAction":[{"@type":"ReadAction","target":["https:\/\/www.servitopcanarias.net\/dkv-integral\/elite"]}]},{"@type":"BreadcrumbList","@id":"https:\/\/www.servitopcanarias.net\/dkv-integral\/elite#breadcrumb","itemListElement":[{"@type":"ListItem","position":1,"name":"Home","item":"https:\/\/www.servitopcanarias.net\/"},{"@type":"ListItem","position":2,"name":"DKV Integral","item":"https:\/\/www.servitopcanarias.net\/dkv-integral"},{"@type":"ListItem","position":3,"name":"Elite"}]},{"@type":"WebSite","@id":"https:\/\/www.servitopcanarias.net\/#website","url":"https:\/\/www.servitopcanarias.net\/","name":"servitopcanarias.net","description":"Eine weitere WordPress-Seite","potentialAction":[{"@type":"SearchAction","target":{"@type":"EntryPoint","urlTemplate":"https:\/\/www.servitopcanarias.net\/?s={search_term_string}"},"query-input":{"@type":"PropertyValueSpecification","valueRequired":true,"valueName":"search_term_string"}}],"inLanguage":"es"}]}},"_links":{"self":[{"href":"https:\/\/www.servitopcanarias.net\/es\/wp-json\/wp\/v2\/pages\/470"}],"collection":[{"href":"https:\/\/www.servitopcanarias.net\/es\/wp-json\/wp\/v2\/pages"}],"about":[{"href":"https:\/\/www.servitopcanarias.net\/es\/wp-json\/wp\/v2\/types\/page"}],"author":[{"embeddable":true,"href":"https:\/\/www.servitopcanarias.net\/es\/wp-json\/wp\/v2\/users\/1"}],"replies":[{"embeddable":true,"href":"https:\/\/www.servitopcanarias.net\/es\/wp-json\/wp\/v2\/comments?post=470"}],"version-history":[{"count":0,"href":"https:\/\/www.servitopcanarias.net\/es\/wp-json\/wp\/v2\/pages\/470\/revisions"}],"up":[{"embeddable":true,"href":"https:\/\/www.servitopcanarias.net\/es\/wp-json\/wp\/v2\/pages\/406"}],"wp:attachment":[{"href":"https:\/\/www.servitopcanarias.net\/es\/wp-json\/wp\/v2\/media?parent=470"}],"curies":[{"name":"wp","href":"https:\/\/api.w.org\/{rel}","templated":true}]}}