{"id":452,"date":"2015-03-25T17:11:23","date_gmt":"2015-03-25T17:11:23","guid":{"rendered":"http:\/\/www.servitopcanarias.net\/?page_id=452"},"modified":"2015-03-25T17:11:59","modified_gmt":"2015-03-25T17:11:59","slug":"proteccion-familiar","status":"publish","type":"page","link":"https:\/\/www.servitopcanarias.net\/es\/proteccion-familiar","title":{"rendered":"Protecci\u00f3n Familiar"},"content":{"rendered":"<p><strong>\u00bfQu\u00e9 te incluye?<\/strong><br \/>\n\u2022 Prestaci\u00f3n del servicio funerario contratado<br \/>\n\u2022 Prestaci\u00f3n reguladora para compensar variaciones<br \/>\n\u2022 Traslado a cualquier cementerio del territorio nacional<br \/>\n\u2022 Repatriaci\u00f3n de residentes extranjeros sin coste<br \/>\n\u2022 Asistencia familiar, jur\u00eddica y psicol\u00f3gica<br \/>\n\u2022 Asistencia mundial b\u00e1sica:<br \/>\n\u2013 Traslado o repatriaci\u00f3n sanitaria por enfermedad o accidente<br \/>\n\u2013 Gastos m\u00e9dicos, quir\u00fargicos, farmac\u00e9uticos y de hospitalizaci\u00f3n<br \/>\n\u2013 Desplazamiento de un familiar si est\u00e1s hospitalizado\/a<br \/>\n\u2013 Regreso anticipado si fallece un familiar o hay un siniestro grave en tu casa<br \/>\n\u2013 Repatriaci\u00f3n del asegurado fallecido en el extranjero<\/p>\n<p><strong>Y, si quieres, tambi\u00e9n:<\/strong><br \/>\n\u2022 Gastos excepcionales de sepelio como desplazamientos, alojamiento y manutenci\u00f3n de familiares<br \/>\n\u2022 Indemnizaci\u00f3n por accidente<br \/>\n\u2022 Subsidio por cada d\u00eda de hospitalizaci\u00f3n<br \/>\n\u2022 Asistencia mundial complementaria: cubre la repatriaci\u00f3n del fallecido si su estancia en el extranjero era superior a 60 d\u00edas.<\/p>\n<p>&nbsp;<\/p>\n<p><strong>Adem\u00e1s, podr\u00e1s disfrutar<\/strong> <strong>de los servicios adicionales que te ofrece tu paquete de Serviplus<\/strong><br \/>\n<strong>\u2022 Servicio gratuito de orientaci\u00f3n telef\u00f3nica:<\/strong><br \/>\n\u2013 L\u00ednea M\u00e9dica DKV 24 horas<br \/>\n<strong>\u2022 Servicios a precios especiales:<\/strong><br \/>\n\u2013 Chequeo m\u00e9dico, cirug\u00eda refractiva l\u00e1ser, reproducci\u00f3n asistida, tratamiento de apnea del sue\u00f1o, deshabituaci\u00f3n tab\u00e1quica, segunda opini\u00f3n m\u00e9dica.<\/p>\n<p>&nbsp;<\/p>\n<p><a href=\"https:\/\/www.servitopcanarias.net\/wp-content\/uploads\/Folleto-ERGO-Proteccion-Familiar-2014.indd_.pdf\">Folleto ERGO Proteccion Familiar 2014.indd<\/a><\/p>\n","protected":false},"excerpt":{"rendered":"<p>\u00bfQu\u00e9 te incluye? \u2022 Prestaci\u00f3n del servicio funerario contratado \u2022 [&hellip;]<\/p>\n","protected":false},"author":1,"featured_media":0,"parent":0,"menu_order":0,"comment_status":"open","ping_status":"open","template":"","meta":{"ngg_post_thumbnail":0,"footnotes":""},"class_list":["post-452","page","type-page","status-publish","hentry"],"yoast_head":"<!-- This site is optimized with the Yoast SEO plugin v23.5 - https:\/\/yoast.com\/wordpress\/plugins\/seo\/ -->\n<title>Protecci\u00f3n Familiar - servitopcanarias.net<\/title>\n<meta name=\"robots\" content=\"index, follow, max-snippet:-1, max-image-preview:large, max-video-preview:-1\" \/>\n<link rel=\"canonical\" href=\"https:\/\/www.servitopcanarias.net\/sterbeversicherung-sterbegeld\" \/>\n<meta property=\"og:locale\" content=\"es_ES\" \/>\n<meta property=\"og:type\" content=\"article\" \/>\n<meta property=\"og:title\" content=\"Protecci\u00f3n Familiar - servitopcanarias.net\" \/>\n<meta property=\"og:description\" content=\"\u00bfQu\u00e9 te incluye? \u2022 Prestaci\u00f3n del servicio funerario contratado \u2022 [&hellip;]\" \/>\n<meta property=\"og:url\" content=\"https:\/\/www.servitopcanarias.net\/sterbeversicherung-sterbegeld\" \/>\n<meta property=\"og:site_name\" content=\"servitopcanarias.net\" \/>\n<meta property=\"article:modified_time\" content=\"2015-03-25T17:11:59+00:00\" \/>\n<meta name=\"twitter:label1\" content=\"Tiempo de lectura\" \/>\n\t<meta name=\"twitter:data1\" content=\"1 minuto\" \/>\n<script type=\"application\/ld+json\" class=\"yoast-schema-graph\">{\"@context\":\"https:\/\/schema.org\",\"@graph\":[{\"@type\":\"WebPage\",\"@id\":\"https:\/\/www.servitopcanarias.net\/sterbeversicherung-sterbegeld\",\"url\":\"https:\/\/www.servitopcanarias.net\/sterbeversicherung-sterbegeld\",\"name\":\"Protecci\u00f3n Familiar - servitopcanarias.net\",\"isPartOf\":{\"@id\":\"https:\/\/www.servitopcanarias.net\/#website\"},\"datePublished\":\"2015-03-25T17:11:23+00:00\",\"dateModified\":\"2015-03-25T17:11:59+00:00\",\"breadcrumb\":{\"@id\":\"https:\/\/www.servitopcanarias.net\/sterbeversicherung-sterbegeld#breadcrumb\"},\"inLanguage\":\"es\",\"potentialAction\":[{\"@type\":\"ReadAction\",\"target\":[\"https:\/\/www.servitopcanarias.net\/sterbeversicherung-sterbegeld\"]}]},{\"@type\":\"BreadcrumbList\",\"@id\":\"https:\/\/www.servitopcanarias.net\/sterbeversicherung-sterbegeld#breadcrumb\",\"itemListElement\":[{\"@type\":\"ListItem\",\"position\":1,\"name\":\"Home\",\"item\":\"https:\/\/www.servitopcanarias.net\/\"},{\"@type\":\"ListItem\",\"position\":2,\"name\":\"Protecci\u00f3n Familiar\"}]},{\"@type\":\"WebSite\",\"@id\":\"https:\/\/www.servitopcanarias.net\/#website\",\"url\":\"https:\/\/www.servitopcanarias.net\/\",\"name\":\"servitopcanarias.net\",\"description\":\"Eine weitere WordPress-Seite\",\"potentialAction\":[{\"@type\":\"SearchAction\",\"target\":{\"@type\":\"EntryPoint\",\"urlTemplate\":\"https:\/\/www.servitopcanarias.net\/?s={search_term_string}\"},\"query-input\":{\"@type\":\"PropertyValueSpecification\",\"valueRequired\":true,\"valueName\":\"search_term_string\"}}],\"inLanguage\":\"es\"}]}<\/script>\n<!-- \/ Yoast SEO plugin. -->","yoast_head_json":{"title":"Protecci\u00f3n Familiar - servitopcanarias.net","robots":{"index":"index","follow":"follow","max-snippet":"max-snippet:-1","max-image-preview":"max-image-preview:large","max-video-preview":"max-video-preview:-1"},"canonical":"https:\/\/www.servitopcanarias.net\/sterbeversicherung-sterbegeld","og_locale":"es_ES","og_type":"article","og_title":"Protecci\u00f3n Familiar - servitopcanarias.net","og_description":"\u00bfQu\u00e9 te incluye? \u2022 Prestaci\u00f3n del servicio funerario contratado \u2022 [&hellip;]","og_url":"https:\/\/www.servitopcanarias.net\/sterbeversicherung-sterbegeld","og_site_name":"servitopcanarias.net","article_modified_time":"2015-03-25T17:11:59+00:00","twitter_misc":{"Tiempo de lectura":"1 minuto"},"schema":{"@context":"https:\/\/schema.org","@graph":[{"@type":"WebPage","@id":"https:\/\/www.servitopcanarias.net\/sterbeversicherung-sterbegeld","url":"https:\/\/www.servitopcanarias.net\/sterbeversicherung-sterbegeld","name":"Protecci\u00f3n Familiar - servitopcanarias.net","isPartOf":{"@id":"https:\/\/www.servitopcanarias.net\/#website"},"datePublished":"2015-03-25T17:11:23+00:00","dateModified":"2015-03-25T17:11:59+00:00","breadcrumb":{"@id":"https:\/\/www.servitopcanarias.net\/sterbeversicherung-sterbegeld#breadcrumb"},"inLanguage":"es","potentialAction":[{"@type":"ReadAction","target":["https:\/\/www.servitopcanarias.net\/sterbeversicherung-sterbegeld"]}]},{"@type":"BreadcrumbList","@id":"https:\/\/www.servitopcanarias.net\/sterbeversicherung-sterbegeld#breadcrumb","itemListElement":[{"@type":"ListItem","position":1,"name":"Home","item":"https:\/\/www.servitopcanarias.net\/"},{"@type":"ListItem","position":2,"name":"Protecci\u00f3n Familiar"}]},{"@type":"WebSite","@id":"https:\/\/www.servitopcanarias.net\/#website","url":"https:\/\/www.servitopcanarias.net\/","name":"servitopcanarias.net","description":"Eine weitere WordPress-Seite","potentialAction":[{"@type":"SearchAction","target":{"@type":"EntryPoint","urlTemplate":"https:\/\/www.servitopcanarias.net\/?s={search_term_string}"},"query-input":{"@type":"PropertyValueSpecification","valueRequired":true,"valueName":"search_term_string"}}],"inLanguage":"es"}]}},"_links":{"self":[{"href":"https:\/\/www.servitopcanarias.net\/es\/wp-json\/wp\/v2\/pages\/452"}],"collection":[{"href":"https:\/\/www.servitopcanarias.net\/es\/wp-json\/wp\/v2\/pages"}],"about":[{"href":"https:\/\/www.servitopcanarias.net\/es\/wp-json\/wp\/v2\/types\/page"}],"author":[{"embeddable":true,"href":"https:\/\/www.servitopcanarias.net\/es\/wp-json\/wp\/v2\/users\/1"}],"replies":[{"embeddable":true,"href":"https:\/\/www.servitopcanarias.net\/es\/wp-json\/wp\/v2\/comments?post=452"}],"version-history":[{"count":2,"href":"https:\/\/www.servitopcanarias.net\/es\/wp-json\/wp\/v2\/pages\/452\/revisions"}],"predecessor-version":[{"id":457,"href":"https:\/\/www.servitopcanarias.net\/es\/wp-json\/wp\/v2\/pages\/452\/revisions\/457"}],"wp:attachment":[{"href":"https:\/\/www.servitopcanarias.net\/es\/wp-json\/wp\/v2\/media?parent=452"}],"curies":[{"name":"wp","href":"https:\/\/api.w.org\/{rel}","templated":true}]}}