{"id":437,"date":"2015-03-25T16:30:31","date_gmt":"2015-03-25T16:30:31","guid":{"rendered":"http:\/\/www.servitopcanarias.net\/?page_id=437"},"modified":"2015-03-25T16:30:31","modified_gmt":"2015-03-25T16:30:31","slug":"dkv-dentisalud","status":"publish","type":"page","link":"https:\/\/www.servitopcanarias.net\/es\/dkv-dentisalud","title":{"rendered":"DKV Dentisalud"},"content":{"rendered":"<p><strong>Lo que de verdad necesitas, siempre cubierto<\/strong><br \/>\n<strong>Unidad de diagn\u00f3stico<\/strong><br \/>\n<strong>Odontolog\u00eda<\/strong><br \/>\n<strong>Preventiva:<\/strong> aplicaci\u00f3n de gel o fl\u00faor, limpieza de boca, sellados.<br \/>\n<strong>Conservadora:<\/strong> empastes, endodoncias&#8230;<br \/>\n<strong>M\u00e9dica:<\/strong> en periodoncias (curetajes, higienes, revisiones).<br \/>\n<strong>Quir\u00fargica:<\/strong> extracci\u00f3n de piezas.<br \/>\nAplicaci\u00f3n de pr\u00f3tesis odontol\u00f3gicas (fijas y removibles).<br \/>\n<strong>Ortodoncia:<\/strong> estudio, diagn\u00f3stico y aplicaci\u00f3n de<br \/>\naccesorios bucales en ni\u00f1os y adultos.<br \/>\n<strong>Est\u00e9tica dental:<\/strong> blanqueamientos, carillas de cer\u00e1mica, etc.<br \/>\nImplantes de titanio<br \/>\nCobertura integral en caso de accidente dental grave:<br \/>\nsi afecta a m\u00e1s de tres piezas, te reembolsamos los gastos del tratamiento (m\u00e1ximo 6.000 EUR).<br \/>\n<strong>Todo son facilidades<\/strong><br \/>\n<strong>Al contratarla:<\/strong><br \/>\nSin declaraci\u00f3n de salud, ni l\u00edmites, ni diferencias por edad.<br \/>\n<strong>Al utilizarla:<\/strong><br \/>\n&gt; Elige del cuadro de odont\u00f3logos a tu dentista y pide cita directamente. \u00a1Consulta nuestros nuevos Espacios Dentales en la web!<br \/>\n&gt; Identif\u00edcate con tu tarjeta DKV Dentisalud.<br \/>\n&gt; Te har\u00e1n presupuesto de los tratamientos que solicites y resolver\u00e1n tus dudas.<\/p>\n<p>&nbsp;<\/p>\n<p><strong>Ni\u00f1os gratis<\/strong><br \/>\nLos ni\u00f1os, hasta 14 a\u00f1os, tendr\u00e1n la p\u00f3liza gratuita cuando se contrate conjuntamente con un adulto.<\/p>\n<p>&nbsp;<\/p>\n<p><a href=\"https:\/\/www.servitopcanarias.net\/wp-content\/uploads\/Folleto-DKV-Dentisalud-Classic-2014.pdf\">Folleto DKV Dentisalud Classic 2014<\/a><\/p>\n<p>&nbsp;<\/p>\n","protected":false},"excerpt":{"rendered":"<p>Lo que de verdad necesitas, siempre cubierto Unidad de diagn\u00f3stico [&hellip;]<\/p>\n","protected":false},"author":1,"featured_media":0,"parent":0,"menu_order":0,"comment_status":"open","ping_status":"open","template":"","meta":{"ngg_post_thumbnail":0,"footnotes":""},"class_list":["post-437","page","type-page","status-publish","hentry"],"yoast_head":"<!-- This site is optimized with the Yoast SEO plugin v23.5 - https:\/\/yoast.com\/wordpress\/plugins\/seo\/ -->\n<title>DKV Dentisalud - servitopcanarias.net<\/title>\n<meta name=\"robots\" content=\"index, follow, max-snippet:-1, max-image-preview:large, max-video-preview:-1\" \/>\n<link rel=\"canonical\" href=\"https:\/\/www.servitopcanarias.net\/zahnversicherung\" \/>\n<meta property=\"og:locale\" content=\"es_ES\" \/>\n<meta property=\"og:type\" content=\"article\" \/>\n<meta property=\"og:title\" content=\"DKV Dentisalud - servitopcanarias.net\" \/>\n<meta property=\"og:description\" content=\"Lo que de verdad necesitas, siempre cubierto Unidad de diagn\u00f3stico [&hellip;]\" \/>\n<meta property=\"og:url\" content=\"https:\/\/www.servitopcanarias.net\/zahnversicherung\" \/>\n<meta property=\"og:site_name\" content=\"servitopcanarias.net\" \/>\n<meta name=\"twitter:label1\" content=\"Tiempo de lectura\" \/>\n\t<meta name=\"twitter:data1\" content=\"1 minuto\" \/>\n<script type=\"application\/ld+json\" class=\"yoast-schema-graph\">{\"@context\":\"https:\/\/schema.org\",\"@graph\":[{\"@type\":\"WebPage\",\"@id\":\"https:\/\/www.servitopcanarias.net\/zahnversicherung\",\"url\":\"https:\/\/www.servitopcanarias.net\/zahnversicherung\",\"name\":\"DKV Dentisalud - servitopcanarias.net\",\"isPartOf\":{\"@id\":\"https:\/\/www.servitopcanarias.net\/#website\"},\"datePublished\":\"2015-03-25T16:30:31+00:00\",\"dateModified\":\"2015-03-25T16:30:31+00:00\",\"breadcrumb\":{\"@id\":\"https:\/\/www.servitopcanarias.net\/zahnversicherung#breadcrumb\"},\"inLanguage\":\"es\",\"potentialAction\":[{\"@type\":\"ReadAction\",\"target\":[\"https:\/\/www.servitopcanarias.net\/zahnversicherung\"]}]},{\"@type\":\"BreadcrumbList\",\"@id\":\"https:\/\/www.servitopcanarias.net\/zahnversicherung#breadcrumb\",\"itemListElement\":[{\"@type\":\"ListItem\",\"position\":1,\"name\":\"Home\",\"item\":\"https:\/\/www.servitopcanarias.net\/\"},{\"@type\":\"ListItem\",\"position\":2,\"name\":\"DKV Dentisalud\"}]},{\"@type\":\"WebSite\",\"@id\":\"https:\/\/www.servitopcanarias.net\/#website\",\"url\":\"https:\/\/www.servitopcanarias.net\/\",\"name\":\"servitopcanarias.net\",\"description\":\"Eine weitere WordPress-Seite\",\"potentialAction\":[{\"@type\":\"SearchAction\",\"target\":{\"@type\":\"EntryPoint\",\"urlTemplate\":\"https:\/\/www.servitopcanarias.net\/?s={search_term_string}\"},\"query-input\":{\"@type\":\"PropertyValueSpecification\",\"valueRequired\":true,\"valueName\":\"search_term_string\"}}],\"inLanguage\":\"es\"}]}<\/script>\n<!-- \/ Yoast SEO plugin. -->","yoast_head_json":{"title":"DKV Dentisalud - servitopcanarias.net","robots":{"index":"index","follow":"follow","max-snippet":"max-snippet:-1","max-image-preview":"max-image-preview:large","max-video-preview":"max-video-preview:-1"},"canonical":"https:\/\/www.servitopcanarias.net\/zahnversicherung","og_locale":"es_ES","og_type":"article","og_title":"DKV Dentisalud - servitopcanarias.net","og_description":"Lo que de verdad necesitas, siempre cubierto Unidad de diagn\u00f3stico [&hellip;]","og_url":"https:\/\/www.servitopcanarias.net\/zahnversicherung","og_site_name":"servitopcanarias.net","twitter_misc":{"Tiempo de lectura":"1 minuto"},"schema":{"@context":"https:\/\/schema.org","@graph":[{"@type":"WebPage","@id":"https:\/\/www.servitopcanarias.net\/zahnversicherung","url":"https:\/\/www.servitopcanarias.net\/zahnversicherung","name":"DKV Dentisalud - servitopcanarias.net","isPartOf":{"@id":"https:\/\/www.servitopcanarias.net\/#website"},"datePublished":"2015-03-25T16:30:31+00:00","dateModified":"2015-03-25T16:30:31+00:00","breadcrumb":{"@id":"https:\/\/www.servitopcanarias.net\/zahnversicherung#breadcrumb"},"inLanguage":"es","potentialAction":[{"@type":"ReadAction","target":["https:\/\/www.servitopcanarias.net\/zahnversicherung"]}]},{"@type":"BreadcrumbList","@id":"https:\/\/www.servitopcanarias.net\/zahnversicherung#breadcrumb","itemListElement":[{"@type":"ListItem","position":1,"name":"Home","item":"https:\/\/www.servitopcanarias.net\/"},{"@type":"ListItem","position":2,"name":"DKV Dentisalud"}]},{"@type":"WebSite","@id":"https:\/\/www.servitopcanarias.net\/#website","url":"https:\/\/www.servitopcanarias.net\/","name":"servitopcanarias.net","description":"Eine weitere WordPress-Seite","potentialAction":[{"@type":"SearchAction","target":{"@type":"EntryPoint","urlTemplate":"https:\/\/www.servitopcanarias.net\/?s={search_term_string}"},"query-input":{"@type":"PropertyValueSpecification","valueRequired":true,"valueName":"search_term_string"}}],"inLanguage":"es"}]}},"_links":{"self":[{"href":"https:\/\/www.servitopcanarias.net\/es\/wp-json\/wp\/v2\/pages\/437"}],"collection":[{"href":"https:\/\/www.servitopcanarias.net\/es\/wp-json\/wp\/v2\/pages"}],"about":[{"href":"https:\/\/www.servitopcanarias.net\/es\/wp-json\/wp\/v2\/types\/page"}],"author":[{"embeddable":true,"href":"https:\/\/www.servitopcanarias.net\/es\/wp-json\/wp\/v2\/users\/1"}],"replies":[{"embeddable":true,"href":"https:\/\/www.servitopcanarias.net\/es\/wp-json\/wp\/v2\/comments?post=437"}],"version-history":[{"count":1,"href":"https:\/\/www.servitopcanarias.net\/es\/wp-json\/wp\/v2\/pages\/437\/revisions"}],"predecessor-version":[{"id":441,"href":"https:\/\/www.servitopcanarias.net\/es\/wp-json\/wp\/v2\/pages\/437\/revisions\/441"}],"wp:attachment":[{"href":"https:\/\/www.servitopcanarias.net\/es\/wp-json\/wp\/v2\/media?parent=437"}],"curies":[{"name":"wp","href":"https:\/\/api.w.org\/{rel}","templated":true}]}}