{"id":435,"date":"2015-03-25T16:18:12","date_gmt":"2015-03-25T16:18:12","guid":{"rendered":"http:\/\/www.servitopcanarias.net\/?page_id=435"},"modified":"2015-03-25T16:18:12","modified_gmt":"2015-03-25T16:18:12","slug":"liberty-seguros","status":"publish","type":"page","link":"https:\/\/www.servitopcanarias.net\/es\/liberty-seguros","title":{"rendered":"Liberty Seguros"},"content":{"rendered":"<p>&nbsp;<\/p>\n<div class=\"row-fluid\">\n<div class=\"span6\">\n<h2 class=\"titulo_producto\">Seguros de coche<\/h2>\n<p><a href=\"http:\/\/neu.servitopcanarias.net\/wp-content\/uploads\/car.jpg\"><img loading=\"lazy\" decoding=\"async\" class=\"alignnone size-full wp-image-242\" src=\"http:\/\/neu.servitopcanarias.net\/wp-content\/uploads\/car.jpg\" alt=\"car\" width=\"214\" height=\"142\" srcset=\"https:\/\/www.servitopcanarias.net\/wp-content\/uploads\/car.jpg 214w, https:\/\/www.servitopcanarias.net\/wp-content\/uploads\/car-150x100.jpg 150w\" sizes=\"(max-width: 214px) 100vw, 214px\" \/><\/a><br \/>\nDisfruta de cada kil\u00f3metro al volante y dale toda la protecci\u00f3n que necesita a tu veh\u00edculo y a sus ocupantes.<\/p>\n<\/div>\n<div class=\"span6\">\n<h2 class=\"titulo_producto\">Seguros de hogar<\/h2>\n<p><a href=\"http:\/\/neu.servitopcanarias.net\/wp-content\/uploads\/home.jpg\"><img loading=\"lazy\" decoding=\"async\" class=\"alignnone wp-image-251 size-full\" src=\"http:\/\/neu.servitopcanarias.net\/wp-content\/uploads\/home.jpg\" alt=\"home\" width=\"214\" height=\"142\" srcset=\"https:\/\/www.servitopcanarias.net\/wp-content\/uploads\/home.jpg 214w, https:\/\/www.servitopcanarias.net\/wp-content\/uploads\/home-150x100.jpg 150w\" sizes=\"(max-width: 214px) 100vw, 214px\" \/><\/a><br \/>\nLas mejores coberturas para tu tranquilidad<\/p>\n<\/div>\n<\/div>\n<div class=\"row-fluid\">\n<div class=\"span6\">\n<h2 class=\"titulo_producto\">Seguros de golf<\/h2>\n<p><a href=\"http:\/\/neu.servitopcanarias.net\/wp-content\/uploads\/golf.jpg\"><img loading=\"lazy\" decoding=\"async\" class=\"alignnone size-full wp-image-248\" src=\"http:\/\/neu.servitopcanarias.net\/wp-content\/uploads\/golf.jpg\" alt=\"golf\" width=\"214\" height=\"142\" srcset=\"https:\/\/www.servitopcanarias.net\/wp-content\/uploads\/golf.jpg 214w, https:\/\/www.servitopcanarias.net\/wp-content\/uploads\/golf-150x100.jpg 150w\" sizes=\"(max-width: 214px) 100vw, 214px\" \/><\/a><br \/>\nHAZ DE TU GOLPE EL M\u00c1S CERTERO<\/p>\n<\/div>\n<div class=\"span6\">\n<h2 class=\"titulo_producto\">Seguros de accidentes<\/h2>\n<p><a href=\"http:\/\/neu.servitopcanarias.net\/wp-content\/uploads\/accidents.jpg\"><img loading=\"lazy\" decoding=\"async\" class=\"alignnone size-full wp-image-233\" src=\"http:\/\/neu.servitopcanarias.net\/wp-content\/uploads\/accidents.jpg\" alt=\"accidents\" width=\"214\" height=\"142\" srcset=\"https:\/\/www.servitopcanarias.net\/wp-content\/uploads\/accidents.jpg 214w, https:\/\/www.servitopcanarias.net\/wp-content\/uploads\/accidents-150x100.jpg 150w\" sizes=\"(max-width: 214px) 100vw, 214px\" \/><\/a><br \/>\nLas mejores coberturas en tu seguro de accidentes con Liberty.<\/p>\n<\/div>\n<\/div>\n<div class=\"row-fluid\">\n<div class=\"span6\">\n<h2 class=\"titulo_producto\">Comunidades<\/h2>\n<p><a href=\"http:\/\/neu.servitopcanarias.net\/wp-content\/uploads\/communities.jpg\"><img loading=\"lazy\" decoding=\"async\" class=\"alignnone size-full wp-image-245\" src=\"http:\/\/neu.servitopcanarias.net\/wp-content\/uploads\/communities.jpg\" alt=\"communities\" width=\"214\" height=\"142\" srcset=\"https:\/\/www.servitopcanarias.net\/wp-content\/uploads\/communities.jpg 214w, https:\/\/www.servitopcanarias.net\/wp-content\/uploads\/communities-150x100.jpg 150w\" sizes=\"(max-width: 214px) 100vw, 214px\" \/><\/a><br \/>\nProtege tu comunidad de vecinos, de oficinas o de plazas de garaje.<\/p>\n<\/div>\n<div class=\"span6\">\n<h2 class=\"titulo_producto\">Seguros de Embarcaciones<\/h2>\n<p><a href=\"http:\/\/neu.servitopcanarias.net\/wp-content\/uploads\/boat.jpg\"><img loading=\"lazy\" decoding=\"async\" class=\"alignnone size-full wp-image-236\" src=\"http:\/\/neu.servitopcanarias.net\/wp-content\/uploads\/boat.jpg\" alt=\"boat\" width=\"214\" height=\"142\" srcset=\"https:\/\/www.servitopcanarias.net\/wp-content\/uploads\/boat.jpg 214w, https:\/\/www.servitopcanarias.net\/wp-content\/uploads\/boat-150x100.jpg 150w\" sizes=\"(max-width: 214px) 100vw, 214px\" \/><\/a><br \/>\nEl seguro de embarcaciones m\u00e1s completo<\/p>\n<\/div>\n<\/div>\n<div class=\"row-fluid\">\n<div class=\"span6\">\n<h2 class=\"titulo_producto\">Seguros de vida<\/h2>\n<p><a href=\"http:\/\/neu.servitopcanarias.net\/wp-content\/uploads\/life.jpg\"><img loading=\"lazy\" decoding=\"async\" class=\"alignnone size-full wp-image-230\" src=\"http:\/\/neu.servitopcanarias.net\/wp-content\/uploads\/life.jpg\" alt=\"life\" width=\"214\" height=\"142\" srcset=\"https:\/\/www.servitopcanarias.net\/wp-content\/uploads\/life.jpg 214w, https:\/\/www.servitopcanarias.net\/wp-content\/uploads\/life-150x100.jpg 150w\" sizes=\"(max-width: 214px) 100vw, 214px\" \/><\/a><br \/>\nLiberty Seguros te ofrece una cobertura inigualable, flexible y con la mayor amplitud.<\/p>\n<\/div>\n<div class=\"span6\">\n<h2 class=\"titulo_producto\"><strong>Oficinas<\/strong><\/h2>\n<p><a href=\"http:\/\/neu.servitopcanarias.net\/wp-content\/uploads\/business.jpg\"><img loading=\"lazy\" decoding=\"async\" class=\"alignnone size-full wp-image-239\" src=\"http:\/\/neu.servitopcanarias.net\/wp-content\/uploads\/business.jpg\" alt=\"business\" width=\"214\" height=\"142\" srcset=\"https:\/\/www.servitopcanarias.net\/wp-content\/uploads\/business.jpg 214w, https:\/\/www.servitopcanarias.net\/wp-content\/uploads\/business-150x100.jpg 150w\" sizes=\"(max-width: 214px) 100vw, 214px\" \/><\/a><br \/>\nRESPIRA TRANQUILIDAD EN TU LUGAR DE TRABAJO<\/p>\n<\/div>\n<\/div>\n<div class=\"row-fluid\">\n<div class=\"span6\">\n<h2><strong>Seguros para mascotas<\/strong><\/h2>\n<p><a href=\"http:\/\/neu.servitopcanarias.net\/wp-content\/uploads\/imagen_LibertyMASCOTAS.jpg\"><img loading=\"lazy\" decoding=\"async\" class=\"alignnone size-full wp-image-254\" src=\"http:\/\/neu.servitopcanarias.net\/wp-content\/uploads\/imagen_LibertyMASCOTAS.jpg\" alt=\"imagen_LibertyMASCOTAS\" width=\"214\" height=\"142\" srcset=\"https:\/\/www.servitopcanarias.net\/wp-content\/uploads\/imagen_LibertyMASCOTAS.jpg 214w, https:\/\/www.servitopcanarias.net\/wp-content\/uploads\/imagen_LibertyMASCOTAS-150x100.jpg 150w\" sizes=\"(max-width: 214px) 100vw, 214px\" \/><\/a><\/p>\n<p class=\"content\">Seguros para perros, seguros para gatos y otros animales de compa\u00f1\u00eda<\/p>\n<\/div>\n<\/div>\n<p>&nbsp;<\/p>\n<p><a title=\"Contacto L\" href=\"https:\/\/www.servitopcanarias.net\/es\/contacto-l\" target=\"_blank\">Contacto con nosotros <\/a>o<a href=\"http:\/\/www.libertyseguros.es\/\" target=\"_blank\"> www.libertyseguros.es<\/a><\/p>\n","protected":false},"excerpt":{"rendered":"<p>&nbsp; Seguros de coche Disfruta de cada kil\u00f3metro al volante [&hellip;]<\/p>\n","protected":false},"author":1,"featured_media":0,"parent":0,"menu_order":0,"comment_status":"open","ping_status":"open","template":"liberty.php","meta":{"ngg_post_thumbnail":0,"footnotes":""},"class_list":["post-435","page","type-page","status-publish","hentry"],"yoast_head":"<!-- This site is optimized with the Yoast SEO plugin v23.5 - https:\/\/yoast.com\/wordpress\/plugins\/seo\/ -->\n<title>Liberty Seguros - servitopcanarias.net<\/title>\n<meta name=\"robots\" content=\"index, follow, max-snippet:-1, max-image-preview:large, max-video-preview:-1\" \/>\n<link rel=\"canonical\" href=\"https:\/\/www.servitopcanarias.net\/liberty-seguros\" \/>\n<meta property=\"og:locale\" content=\"es_ES\" \/>\n<meta property=\"og:type\" content=\"article\" \/>\n<meta property=\"og:title\" content=\"Liberty Seguros - servitopcanarias.net\" \/>\n<meta property=\"og:description\" content=\"&nbsp; Seguros de coche Disfruta de cada kil\u00f3metro al volante [&hellip;]\" \/>\n<meta property=\"og:url\" content=\"https:\/\/www.servitopcanarias.net\/liberty-seguros\" \/>\n<meta property=\"og:site_name\" content=\"servitopcanarias.net\" \/>\n<meta property=\"og:image\" content=\"http:\/\/neu.servitopcanarias.net\/wp-content\/uploads\/car.jpg\" \/>\n<meta name=\"twitter:label1\" content=\"Tiempo de lectura\" \/>\n\t<meta name=\"twitter:data1\" content=\"1 minuto\" \/>\n<script type=\"application\/ld+json\" class=\"yoast-schema-graph\">{\"@context\":\"https:\/\/schema.org\",\"@graph\":[{\"@type\":\"WebPage\",\"@id\":\"https:\/\/www.servitopcanarias.net\/liberty-seguros\",\"url\":\"https:\/\/www.servitopcanarias.net\/liberty-seguros\",\"name\":\"Liberty Seguros - servitopcanarias.net\",\"isPartOf\":{\"@id\":\"https:\/\/www.servitopcanarias.net\/#website\"},\"primaryImageOfPage\":{\"@id\":\"https:\/\/www.servitopcanarias.net\/liberty-seguros#primaryimage\"},\"image\":{\"@id\":\"https:\/\/www.servitopcanarias.net\/liberty-seguros#primaryimage\"},\"thumbnailUrl\":\"http:\/\/neu.servitopcanarias.net\/wp-content\/uploads\/car.jpg\",\"datePublished\":\"2015-03-25T16:18:12+00:00\",\"dateModified\":\"2015-03-25T16:18:12+00:00\",\"breadcrumb\":{\"@id\":\"https:\/\/www.servitopcanarias.net\/liberty-seguros#breadcrumb\"},\"inLanguage\":\"es\",\"potentialAction\":[{\"@type\":\"ReadAction\",\"target\":[\"https:\/\/www.servitopcanarias.net\/liberty-seguros\"]}]},{\"@type\":\"ImageObject\",\"inLanguage\":\"es\",\"@id\":\"https:\/\/www.servitopcanarias.net\/liberty-seguros#primaryimage\",\"url\":\"http:\/\/neu.servitopcanarias.net\/wp-content\/uploads\/car.jpg\",\"contentUrl\":\"http:\/\/neu.servitopcanarias.net\/wp-content\/uploads\/car.jpg\"},{\"@type\":\"BreadcrumbList\",\"@id\":\"https:\/\/www.servitopcanarias.net\/liberty-seguros#breadcrumb\",\"itemListElement\":[{\"@type\":\"ListItem\",\"position\":1,\"name\":\"Home\",\"item\":\"https:\/\/www.servitopcanarias.net\/\"},{\"@type\":\"ListItem\",\"position\":2,\"name\":\"Liberty Seguros\"}]},{\"@type\":\"WebSite\",\"@id\":\"https:\/\/www.servitopcanarias.net\/#website\",\"url\":\"https:\/\/www.servitopcanarias.net\/\",\"name\":\"servitopcanarias.net\",\"description\":\"Eine weitere WordPress-Seite\",\"potentialAction\":[{\"@type\":\"SearchAction\",\"target\":{\"@type\":\"EntryPoint\",\"urlTemplate\":\"https:\/\/www.servitopcanarias.net\/?s={search_term_string}\"},\"query-input\":{\"@type\":\"PropertyValueSpecification\",\"valueRequired\":true,\"valueName\":\"search_term_string\"}}],\"inLanguage\":\"es\"}]}<\/script>\n<!-- \/ Yoast SEO plugin. -->","yoast_head_json":{"title":"Liberty Seguros - servitopcanarias.net","robots":{"index":"index","follow":"follow","max-snippet":"max-snippet:-1","max-image-preview":"max-image-preview:large","max-video-preview":"max-video-preview:-1"},"canonical":"https:\/\/www.servitopcanarias.net\/liberty-seguros","og_locale":"es_ES","og_type":"article","og_title":"Liberty Seguros - servitopcanarias.net","og_description":"&nbsp; Seguros de coche Disfruta de cada kil\u00f3metro al volante [&hellip;]","og_url":"https:\/\/www.servitopcanarias.net\/liberty-seguros","og_site_name":"servitopcanarias.net","og_image":[{"url":"http:\/\/neu.servitopcanarias.net\/wp-content\/uploads\/car.jpg"}],"twitter_misc":{"Tiempo de lectura":"1 minuto"},"schema":{"@context":"https:\/\/schema.org","@graph":[{"@type":"WebPage","@id":"https:\/\/www.servitopcanarias.net\/liberty-seguros","url":"https:\/\/www.servitopcanarias.net\/liberty-seguros","name":"Liberty Seguros - servitopcanarias.net","isPartOf":{"@id":"https:\/\/www.servitopcanarias.net\/#website"},"primaryImageOfPage":{"@id":"https:\/\/www.servitopcanarias.net\/liberty-seguros#primaryimage"},"image":{"@id":"https:\/\/www.servitopcanarias.net\/liberty-seguros#primaryimage"},"thumbnailUrl":"http:\/\/neu.servitopcanarias.net\/wp-content\/uploads\/car.jpg","datePublished":"2015-03-25T16:18:12+00:00","dateModified":"2015-03-25T16:18:12+00:00","breadcrumb":{"@id":"https:\/\/www.servitopcanarias.net\/liberty-seguros#breadcrumb"},"inLanguage":"es","potentialAction":[{"@type":"ReadAction","target":["https:\/\/www.servitopcanarias.net\/liberty-seguros"]}]},{"@type":"ImageObject","inLanguage":"es","@id":"https:\/\/www.servitopcanarias.net\/liberty-seguros#primaryimage","url":"http:\/\/neu.servitopcanarias.net\/wp-content\/uploads\/car.jpg","contentUrl":"http:\/\/neu.servitopcanarias.net\/wp-content\/uploads\/car.jpg"},{"@type":"BreadcrumbList","@id":"https:\/\/www.servitopcanarias.net\/liberty-seguros#breadcrumb","itemListElement":[{"@type":"ListItem","position":1,"name":"Home","item":"https:\/\/www.servitopcanarias.net\/"},{"@type":"ListItem","position":2,"name":"Liberty Seguros"}]},{"@type":"WebSite","@id":"https:\/\/www.servitopcanarias.net\/#website","url":"https:\/\/www.servitopcanarias.net\/","name":"servitopcanarias.net","description":"Eine weitere WordPress-Seite","potentialAction":[{"@type":"SearchAction","target":{"@type":"EntryPoint","urlTemplate":"https:\/\/www.servitopcanarias.net\/?s={search_term_string}"},"query-input":{"@type":"PropertyValueSpecification","valueRequired":true,"valueName":"search_term_string"}}],"inLanguage":"es"}]}},"_links":{"self":[{"href":"https:\/\/www.servitopcanarias.net\/es\/wp-json\/wp\/v2\/pages\/435"}],"collection":[{"href":"https:\/\/www.servitopcanarias.net\/es\/wp-json\/wp\/v2\/pages"}],"about":[{"href":"https:\/\/www.servitopcanarias.net\/es\/wp-json\/wp\/v2\/types\/page"}],"author":[{"embeddable":true,"href":"https:\/\/www.servitopcanarias.net\/es\/wp-json\/wp\/v2\/users\/1"}],"replies":[{"embeddable":true,"href":"https:\/\/www.servitopcanarias.net\/es\/wp-json\/wp\/v2\/comments?post=435"}],"version-history":[{"count":1,"href":"https:\/\/www.servitopcanarias.net\/es\/wp-json\/wp\/v2\/pages\/435\/revisions"}],"predecessor-version":[{"id":436,"href":"https:\/\/www.servitopcanarias.net\/es\/wp-json\/wp\/v2\/pages\/435\/revisions\/436"}],"wp:attachment":[{"href":"https:\/\/www.servitopcanarias.net\/es\/wp-json\/wp\/v2\/media?parent=435"}],"curies":[{"name":"wp","href":"https:\/\/api.w.org\/{rel}","templated":true}]}}