{"id":425,"date":"2015-03-25T14:06:03","date_gmt":"2015-03-25T14:06:03","guid":{"rendered":"http:\/\/www.servitopcanarias.net\/?page_id=425"},"modified":"2015-03-25T19:30:25","modified_gmt":"2015-03-25T19:30:25","slug":"dkv-seguros-renta","status":"publish","type":"page","link":"https:\/\/www.servitopcanarias.net\/es\/dkv-seguros-renta","title":{"rendered":"DKV Seguros Renta"},"content":{"rendered":"<p>Con este seguro te garantizamos una cantidad de dinero diaria por baja laboral para que tu econom\u00eda no se vea afectada.<\/p>\n<p>&nbsp;<\/p>\n<p><strong>\u00bfQu\u00e9 cubre DKV Renta?<\/strong><br \/>\n<strong>Incapacidad temporal por enfermedad y\/o accidente:<\/strong> indemnizaci\u00f3n por cada d\u00eda que debas interrumpir tu actividad laboral.<br \/>\nPrestaciones por parto: indemnizaci\u00f3n si la madre lleva m\u00e1s de ocho meses asegurada (tambi\u00e9n por adopci\u00f3n).<br \/>\n<strong>Hospitalizaci\u00f3n por enfermedad y\/o accidente:<\/strong> indemnizaci\u00f3n por cada d\u00eda que debas permanecer en el hospital.<br \/>\n<strong>Cobertura para pruebas diagn\u00f3sticas con tiempo de espera prolongado:<\/strong> asumimos el coste de las pruebas con un periodo de espera superior a 30 d\u00edas.<br \/>\n<strong>L\u00ednea m\u00e9dica DKV 24h:<\/strong> m\u00e9dicos expertos atender\u00e1n tus consultas sobre s\u00edntomas, problemas de salud<br \/>\no medicamentos.<br \/>\n<strong>A\u00f1ade lo que t\u00fa quieras<\/strong><br \/>\n&gt; Asistencia m\u00e9dica por accidente: cubre los gastos que se derivan del accidente (asistencia m\u00e9dica, transporte sanitario de urgencia, farmacia, internamiento y rehabilitaci\u00f3n f\u00edsica).<br \/>\n&gt; Invalidez absoluta y permanente: capital fi jado en caso de invalidez permanente y absoluta por enfermedad y\/o accidente.<br \/>\n&gt; Intervenci\u00f3n quir\u00fargica: capital asegurado en caso de intervenci\u00f3n quir\u00fargica, como consecuencia de enfermedad y\/o accidente.<\/p>\n<p>&nbsp;<\/p>\n<p><strong>Nos preocupamos por ti<\/strong><br \/>\n<strong>Servicios m\u00e9dicos a precios especiales<\/strong><br \/>\n-Cirug\u00eda refractiva l\u00e1ser<br \/>\n-Reproducci\u00f3n asistida<br \/>\n-Segunda opini\u00f3n m\u00e9dica<br \/>\n-Deshabituaci\u00f3n tab\u00e1quica<\/p>\n<p>&nbsp;<\/p>\n<p><strong>\u00a0<\/strong><\/p>\n","protected":false},"excerpt":{"rendered":"<p>Con este seguro te garantizamos una cantidad de dinero diaria [&hellip;]<\/p>\n","protected":false},"author":1,"featured_media":61,"parent":0,"menu_order":0,"comment_status":"open","ping_status":"open","template":"","meta":{"ngg_post_thumbnail":0,"footnotes":""},"class_list":["post-425","page","type-page","status-publish","has-post-thumbnail","hentry"],"yoast_head":"<!-- This site is optimized with the Yoast SEO plugin v23.5 - https:\/\/yoast.com\/wordpress\/plugins\/seo\/ -->\n<title>DKV Seguros Renta - servitopcanarias.net<\/title>\n<meta name=\"robots\" content=\"index, follow, max-snippet:-1, max-image-preview:large, max-video-preview:-1\" \/>\n<link rel=\"canonical\" href=\"https:\/\/www.servitopcanarias.net\/dkv-seguros-renta\" \/>\n<meta property=\"og:locale\" content=\"es_ES\" \/>\n<meta property=\"og:type\" content=\"article\" \/>\n<meta property=\"og:title\" content=\"DKV Seguros Renta - servitopcanarias.net\" \/>\n<meta property=\"og:description\" content=\"Con este seguro te garantizamos una cantidad de dinero diaria [&hellip;]\" \/>\n<meta property=\"og:url\" content=\"https:\/\/www.servitopcanarias.net\/dkv-seguros-renta\" \/>\n<meta property=\"og:site_name\" content=\"servitopcanarias.net\" \/>\n<meta property=\"article:modified_time\" content=\"2015-03-25T19:30:25+00:00\" \/>\n<meta property=\"og:image\" content=\"https:\/\/www.servitopcanarias.net\/wp-content\/uploads\/renta.jpg\" \/>\n\t<meta property=\"og:image:width\" content=\"254\" \/>\n\t<meta property=\"og:image:height\" content=\"187\" \/>\n\t<meta property=\"og:image:type\" content=\"image\/jpeg\" \/>\n<meta name=\"twitter:label1\" content=\"Tiempo de lectura\" \/>\n\t<meta name=\"twitter:data1\" content=\"1 minuto\" \/>\n<script type=\"application\/ld+json\" class=\"yoast-schema-graph\">{\"@context\":\"https:\/\/schema.org\",\"@graph\":[{\"@type\":\"WebPage\",\"@id\":\"https:\/\/www.servitopcanarias.net\/dkv-seguros-renta\",\"url\":\"https:\/\/www.servitopcanarias.net\/dkv-seguros-renta\",\"name\":\"DKV Seguros Renta - servitopcanarias.net\",\"isPartOf\":{\"@id\":\"https:\/\/www.servitopcanarias.net\/#website\"},\"primaryImageOfPage\":{\"@id\":\"https:\/\/www.servitopcanarias.net\/dkv-seguros-renta#primaryimage\"},\"image\":{\"@id\":\"https:\/\/www.servitopcanarias.net\/dkv-seguros-renta#primaryimage\"},\"thumbnailUrl\":\"https:\/\/www.servitopcanarias.net\/wp-content\/uploads\/renta.jpg\",\"datePublished\":\"2015-03-25T14:06:03+00:00\",\"dateModified\":\"2015-03-25T19:30:25+00:00\",\"breadcrumb\":{\"@id\":\"https:\/\/www.servitopcanarias.net\/dkv-seguros-renta#breadcrumb\"},\"inLanguage\":\"es\",\"potentialAction\":[{\"@type\":\"ReadAction\",\"target\":[\"https:\/\/www.servitopcanarias.net\/dkv-seguros-renta\"]}]},{\"@type\":\"ImageObject\",\"inLanguage\":\"es\",\"@id\":\"https:\/\/www.servitopcanarias.net\/dkv-seguros-renta#primaryimage\",\"url\":\"https:\/\/www.servitopcanarias.net\/wp-content\/uploads\/renta.jpg\",\"contentUrl\":\"https:\/\/www.servitopcanarias.net\/wp-content\/uploads\/renta.jpg\",\"width\":254,\"height\":187},{\"@type\":\"BreadcrumbList\",\"@id\":\"https:\/\/www.servitopcanarias.net\/dkv-seguros-renta#breadcrumb\",\"itemListElement\":[{\"@type\":\"ListItem\",\"position\":1,\"name\":\"Home\",\"item\":\"https:\/\/www.servitopcanarias.net\/\"},{\"@type\":\"ListItem\",\"position\":2,\"name\":\"DKV Seguros Renta\"}]},{\"@type\":\"WebSite\",\"@id\":\"https:\/\/www.servitopcanarias.net\/#website\",\"url\":\"https:\/\/www.servitopcanarias.net\/\",\"name\":\"servitopcanarias.net\",\"description\":\"Eine weitere WordPress-Seite\",\"potentialAction\":[{\"@type\":\"SearchAction\",\"target\":{\"@type\":\"EntryPoint\",\"urlTemplate\":\"https:\/\/www.servitopcanarias.net\/?s={search_term_string}\"},\"query-input\":{\"@type\":\"PropertyValueSpecification\",\"valueRequired\":true,\"valueName\":\"search_term_string\"}}],\"inLanguage\":\"es\"}]}<\/script>\n<!-- \/ Yoast SEO plugin. -->","yoast_head_json":{"title":"DKV Seguros Renta - servitopcanarias.net","robots":{"index":"index","follow":"follow","max-snippet":"max-snippet:-1","max-image-preview":"max-image-preview:large","max-video-preview":"max-video-preview:-1"},"canonical":"https:\/\/www.servitopcanarias.net\/dkv-seguros-renta","og_locale":"es_ES","og_type":"article","og_title":"DKV Seguros Renta - servitopcanarias.net","og_description":"Con este seguro te garantizamos una cantidad de dinero diaria [&hellip;]","og_url":"https:\/\/www.servitopcanarias.net\/dkv-seguros-renta","og_site_name":"servitopcanarias.net","article_modified_time":"2015-03-25T19:30:25+00:00","og_image":[{"width":254,"height":187,"url":"https:\/\/www.servitopcanarias.net\/wp-content\/uploads\/renta.jpg","type":"image\/jpeg"}],"twitter_misc":{"Tiempo de lectura":"1 minuto"},"schema":{"@context":"https:\/\/schema.org","@graph":[{"@type":"WebPage","@id":"https:\/\/www.servitopcanarias.net\/dkv-seguros-renta","url":"https:\/\/www.servitopcanarias.net\/dkv-seguros-renta","name":"DKV Seguros Renta - servitopcanarias.net","isPartOf":{"@id":"https:\/\/www.servitopcanarias.net\/#website"},"primaryImageOfPage":{"@id":"https:\/\/www.servitopcanarias.net\/dkv-seguros-renta#primaryimage"},"image":{"@id":"https:\/\/www.servitopcanarias.net\/dkv-seguros-renta#primaryimage"},"thumbnailUrl":"https:\/\/www.servitopcanarias.net\/wp-content\/uploads\/renta.jpg","datePublished":"2015-03-25T14:06:03+00:00","dateModified":"2015-03-25T19:30:25+00:00","breadcrumb":{"@id":"https:\/\/www.servitopcanarias.net\/dkv-seguros-renta#breadcrumb"},"inLanguage":"es","potentialAction":[{"@type":"ReadAction","target":["https:\/\/www.servitopcanarias.net\/dkv-seguros-renta"]}]},{"@type":"ImageObject","inLanguage":"es","@id":"https:\/\/www.servitopcanarias.net\/dkv-seguros-renta#primaryimage","url":"https:\/\/www.servitopcanarias.net\/wp-content\/uploads\/renta.jpg","contentUrl":"https:\/\/www.servitopcanarias.net\/wp-content\/uploads\/renta.jpg","width":254,"height":187},{"@type":"BreadcrumbList","@id":"https:\/\/www.servitopcanarias.net\/dkv-seguros-renta#breadcrumb","itemListElement":[{"@type":"ListItem","position":1,"name":"Home","item":"https:\/\/www.servitopcanarias.net\/"},{"@type":"ListItem","position":2,"name":"DKV Seguros Renta"}]},{"@type":"WebSite","@id":"https:\/\/www.servitopcanarias.net\/#website","url":"https:\/\/www.servitopcanarias.net\/","name":"servitopcanarias.net","description":"Eine weitere WordPress-Seite","potentialAction":[{"@type":"SearchAction","target":{"@type":"EntryPoint","urlTemplate":"https:\/\/www.servitopcanarias.net\/?s={search_term_string}"},"query-input":{"@type":"PropertyValueSpecification","valueRequired":true,"valueName":"search_term_string"}}],"inLanguage":"es"}]}},"_links":{"self":[{"href":"https:\/\/www.servitopcanarias.net\/es\/wp-json\/wp\/v2\/pages\/425"}],"collection":[{"href":"https:\/\/www.servitopcanarias.net\/es\/wp-json\/wp\/v2\/pages"}],"about":[{"href":"https:\/\/www.servitopcanarias.net\/es\/wp-json\/wp\/v2\/types\/page"}],"author":[{"embeddable":true,"href":"https:\/\/www.servitopcanarias.net\/es\/wp-json\/wp\/v2\/users\/1"}],"replies":[{"embeddable":true,"href":"https:\/\/www.servitopcanarias.net\/es\/wp-json\/wp\/v2\/comments?post=425"}],"version-history":[{"count":1,"href":"https:\/\/www.servitopcanarias.net\/es\/wp-json\/wp\/v2\/pages\/425\/revisions"}],"predecessor-version":[{"id":427,"href":"https:\/\/www.servitopcanarias.net\/es\/wp-json\/wp\/v2\/pages\/425\/revisions\/427"}],"wp:featuredmedia":[{"embeddable":true,"href":"https:\/\/www.servitopcanarias.net\/es\/wp-json\/wp\/v2\/media\/61"}],"wp:attachment":[{"href":"https:\/\/www.servitopcanarias.net\/es\/wp-json\/wp\/v2\/media?parent=425"}],"curies":[{"name":"wp","href":"https:\/\/api.w.org\/{rel}","templated":true}]}}