{"id":421,"date":"2015-03-25T13:59:53","date_gmt":"2015-03-25T13:59:53","guid":{"rendered":"http:\/\/www.servitopcanarias.net\/?page_id=421"},"modified":"2015-03-25T19:34:43","modified_gmt":"2015-03-25T19:34:43","slug":"dkv-residentes","status":"publish","type":"page","link":"https:\/\/www.servitopcanarias.net\/es\/dkv-residentes","title":{"rendered":"DKV Residentes"},"content":{"rendered":"<p>Garantizamos una asistencia m\u00e9dica de calidad a edades avanzadas a extranjeros residentes en Espa\u00f1a.\u00a0Garantizamos una asistencia m\u00e9dica de calidad a edades avanzadas a extranjeros residentes en Espa\u00f1a.<\/p>\n<p>\u00bfS\u00f3lo necesitas asistencia sanitaria b\u00e1sica? Ning\u00fan problema, pero tambi\u00e9n puedes a\u00f1adir a tu cobertura la repatriaci\u00f3n a Alemania en caso de fallecimiento o la atenci\u00f3n Best Care. \u00a1T\u00fa decides y pagas s\u00f3lo por lo que te interesa!<\/p>\n<h2><\/h2>\n<h2>\u00bfQu\u00e9 es Best Care?<\/h2>\n<p>Es un servicio que garantiza la atenci\u00f3n m\u00e9dica en Alemania por parte de un especialista de reconocido prestigio para el diagn\u00f3stico de determinadas enfermedades graves. La consulta o el ingreso en el centro elegido se organizan en un plazo m\u00e1ximo de cinco d\u00edas, si los informes son en alem\u00e1n o ingl\u00e9s. Adem\u00e1s, garantiza una indemnizaci\u00f3n en caso de siniestro de 500 \u20ac y una indemnizaci\u00f3n compensatoria de 500 \u20ac en caso de incumplimiento del plazo.<\/p>\n<h2>Otras coberturas exclusivas<\/h2>\n<p>Medicamentos, odontolog\u00eda, pr\u00f3tesis quir\u00fargicas, homeopat\u00eda (consultas hasta 50 \u20ac), gafas, aud\u00edfonos, ortopedia, sillas de ruedas, tratamiento del sue\u00f1o, perros gu\u00eda\u2026<\/p>\n<h2>No olvides que\u2026<\/h2>\n<ul>\n<li>DKV Residentes te cubre el 100% de la atenci\u00f3n en centros concertados y 100% de reembolso en especialistas de tu elecci\u00f3n.<\/li>\n<li>Nos comprometemos a reembolsarte tus facturas en un plazo m\u00e1ximo de 7 d\u00edas.<\/li>\n<li>Puedes continuar con tu seguro DKV si regresas a Alemania.<\/li>\n<li>Puedes incluir algunas preexistencias m\u00e9dicas mediante sobreprima.<\/li>\n<\/ul>\n<h2>Programa Lenguaje Claro. A favor de un lenguaje m\u00e1s f\u00e1cil y transparente<\/h2>\n<p>Palabras muy t\u00e9cnicas, expresiones complicadas, demasiadas cl\u00e1usulas con letra muy peque\u00f1a&#8230; Son algunas de las barreras que entorpecen la contrataci\u00f3n de un seguro.<\/p>\n","protected":false},"excerpt":{"rendered":"<p>Garantizamos una asistencia m\u00e9dica de calidad a edades avanzadas a [&hellip;]<\/p>\n","protected":false},"author":1,"featured_media":58,"parent":0,"menu_order":0,"comment_status":"open","ping_status":"open","template":"","meta":{"ngg_post_thumbnail":0,"footnotes":""},"class_list":["post-421","page","type-page","status-publish","has-post-thumbnail","hentry"],"yoast_head":"<!-- This site is optimized with the Yoast SEO plugin v23.5 - https:\/\/yoast.com\/wordpress\/plugins\/seo\/ -->\n<title>DKV Residentes - servitopcanarias.net<\/title>\n<meta name=\"robots\" content=\"index, follow, max-snippet:-1, max-image-preview:large, max-video-preview:-1\" \/>\n<link rel=\"canonical\" href=\"https:\/\/www.servitopcanarias.net\/dkv-residentes\" \/>\n<meta property=\"og:locale\" content=\"es_ES\" \/>\n<meta property=\"og:type\" content=\"article\" \/>\n<meta property=\"og:title\" content=\"DKV Residentes - servitopcanarias.net\" \/>\n<meta property=\"og:description\" content=\"Garantizamos una asistencia m\u00e9dica de calidad a edades avanzadas a [&hellip;]\" \/>\n<meta property=\"og:url\" content=\"https:\/\/www.servitopcanarias.net\/dkv-residentes\" \/>\n<meta property=\"og:site_name\" content=\"servitopcanarias.net\" \/>\n<meta property=\"article:modified_time\" content=\"2015-03-25T19:34:43+00:00\" \/>\n<meta property=\"og:image\" content=\"https:\/\/www.servitopcanarias.net\/wp-content\/uploads\/residentes.jpg\" \/>\n\t<meta property=\"og:image:width\" content=\"254\" \/>\n\t<meta property=\"og:image:height\" content=\"187\" \/>\n\t<meta property=\"og:image:type\" content=\"image\/jpeg\" \/>\n<meta name=\"twitter:label1\" content=\"Tiempo de lectura\" \/>\n\t<meta name=\"twitter:data1\" content=\"1 minuto\" \/>\n<script type=\"application\/ld+json\" class=\"yoast-schema-graph\">{\"@context\":\"https:\/\/schema.org\",\"@graph\":[{\"@type\":\"WebPage\",\"@id\":\"https:\/\/www.servitopcanarias.net\/dkv-residentes\",\"url\":\"https:\/\/www.servitopcanarias.net\/dkv-residentes\",\"name\":\"DKV Residentes - servitopcanarias.net\",\"isPartOf\":{\"@id\":\"https:\/\/www.servitopcanarias.net\/#website\"},\"primaryImageOfPage\":{\"@id\":\"https:\/\/www.servitopcanarias.net\/dkv-residentes#primaryimage\"},\"image\":{\"@id\":\"https:\/\/www.servitopcanarias.net\/dkv-residentes#primaryimage\"},\"thumbnailUrl\":\"https:\/\/www.servitopcanarias.net\/wp-content\/uploads\/residentes.jpg\",\"datePublished\":\"2015-03-25T13:59:53+00:00\",\"dateModified\":\"2015-03-25T19:34:43+00:00\",\"breadcrumb\":{\"@id\":\"https:\/\/www.servitopcanarias.net\/dkv-residentes#breadcrumb\"},\"inLanguage\":\"es\",\"potentialAction\":[{\"@type\":\"ReadAction\",\"target\":[\"https:\/\/www.servitopcanarias.net\/dkv-residentes\"]}]},{\"@type\":\"ImageObject\",\"inLanguage\":\"es\",\"@id\":\"https:\/\/www.servitopcanarias.net\/dkv-residentes#primaryimage\",\"url\":\"https:\/\/www.servitopcanarias.net\/wp-content\/uploads\/residentes.jpg\",\"contentUrl\":\"https:\/\/www.servitopcanarias.net\/wp-content\/uploads\/residentes.jpg\",\"width\":254,\"height\":187},{\"@type\":\"BreadcrumbList\",\"@id\":\"https:\/\/www.servitopcanarias.net\/dkv-residentes#breadcrumb\",\"itemListElement\":[{\"@type\":\"ListItem\",\"position\":1,\"name\":\"Home\",\"item\":\"https:\/\/www.servitopcanarias.net\/\"},{\"@type\":\"ListItem\",\"position\":2,\"name\":\"DKV Residentes\"}]},{\"@type\":\"WebSite\",\"@id\":\"https:\/\/www.servitopcanarias.net\/#website\",\"url\":\"https:\/\/www.servitopcanarias.net\/\",\"name\":\"servitopcanarias.net\",\"description\":\"Eine weitere WordPress-Seite\",\"potentialAction\":[{\"@type\":\"SearchAction\",\"target\":{\"@type\":\"EntryPoint\",\"urlTemplate\":\"https:\/\/www.servitopcanarias.net\/?s={search_term_string}\"},\"query-input\":{\"@type\":\"PropertyValueSpecification\",\"valueRequired\":true,\"valueName\":\"search_term_string\"}}],\"inLanguage\":\"es\"}]}<\/script>\n<!-- \/ Yoast SEO plugin. -->","yoast_head_json":{"title":"DKV Residentes - servitopcanarias.net","robots":{"index":"index","follow":"follow","max-snippet":"max-snippet:-1","max-image-preview":"max-image-preview:large","max-video-preview":"max-video-preview:-1"},"canonical":"https:\/\/www.servitopcanarias.net\/dkv-residentes","og_locale":"es_ES","og_type":"article","og_title":"DKV Residentes - servitopcanarias.net","og_description":"Garantizamos una asistencia m\u00e9dica de calidad a edades avanzadas a [&hellip;]","og_url":"https:\/\/www.servitopcanarias.net\/dkv-residentes","og_site_name":"servitopcanarias.net","article_modified_time":"2015-03-25T19:34:43+00:00","og_image":[{"width":254,"height":187,"url":"https:\/\/www.servitopcanarias.net\/wp-content\/uploads\/residentes.jpg","type":"image\/jpeg"}],"twitter_misc":{"Tiempo de lectura":"1 minuto"},"schema":{"@context":"https:\/\/schema.org","@graph":[{"@type":"WebPage","@id":"https:\/\/www.servitopcanarias.net\/dkv-residentes","url":"https:\/\/www.servitopcanarias.net\/dkv-residentes","name":"DKV Residentes - servitopcanarias.net","isPartOf":{"@id":"https:\/\/www.servitopcanarias.net\/#website"},"primaryImageOfPage":{"@id":"https:\/\/www.servitopcanarias.net\/dkv-residentes#primaryimage"},"image":{"@id":"https:\/\/www.servitopcanarias.net\/dkv-residentes#primaryimage"},"thumbnailUrl":"https:\/\/www.servitopcanarias.net\/wp-content\/uploads\/residentes.jpg","datePublished":"2015-03-25T13:59:53+00:00","dateModified":"2015-03-25T19:34:43+00:00","breadcrumb":{"@id":"https:\/\/www.servitopcanarias.net\/dkv-residentes#breadcrumb"},"inLanguage":"es","potentialAction":[{"@type":"ReadAction","target":["https:\/\/www.servitopcanarias.net\/dkv-residentes"]}]},{"@type":"ImageObject","inLanguage":"es","@id":"https:\/\/www.servitopcanarias.net\/dkv-residentes#primaryimage","url":"https:\/\/www.servitopcanarias.net\/wp-content\/uploads\/residentes.jpg","contentUrl":"https:\/\/www.servitopcanarias.net\/wp-content\/uploads\/residentes.jpg","width":254,"height":187},{"@type":"BreadcrumbList","@id":"https:\/\/www.servitopcanarias.net\/dkv-residentes#breadcrumb","itemListElement":[{"@type":"ListItem","position":1,"name":"Home","item":"https:\/\/www.servitopcanarias.net\/"},{"@type":"ListItem","position":2,"name":"DKV Residentes"}]},{"@type":"WebSite","@id":"https:\/\/www.servitopcanarias.net\/#website","url":"https:\/\/www.servitopcanarias.net\/","name":"servitopcanarias.net","description":"Eine weitere WordPress-Seite","potentialAction":[{"@type":"SearchAction","target":{"@type":"EntryPoint","urlTemplate":"https:\/\/www.servitopcanarias.net\/?s={search_term_string}"},"query-input":{"@type":"PropertyValueSpecification","valueRequired":true,"valueName":"search_term_string"}}],"inLanguage":"es"}]}},"_links":{"self":[{"href":"https:\/\/www.servitopcanarias.net\/es\/wp-json\/wp\/v2\/pages\/421"}],"collection":[{"href":"https:\/\/www.servitopcanarias.net\/es\/wp-json\/wp\/v2\/pages"}],"about":[{"href":"https:\/\/www.servitopcanarias.net\/es\/wp-json\/wp\/v2\/types\/page"}],"author":[{"embeddable":true,"href":"https:\/\/www.servitopcanarias.net\/es\/wp-json\/wp\/v2\/users\/1"}],"replies":[{"embeddable":true,"href":"https:\/\/www.servitopcanarias.net\/es\/wp-json\/wp\/v2\/comments?post=421"}],"version-history":[{"count":1,"href":"https:\/\/www.servitopcanarias.net\/es\/wp-json\/wp\/v2\/pages\/421\/revisions"}],"predecessor-version":[{"id":423,"href":"https:\/\/www.servitopcanarias.net\/es\/wp-json\/wp\/v2\/pages\/421\/revisions\/423"}],"wp:featuredmedia":[{"embeddable":true,"href":"https:\/\/www.servitopcanarias.net\/es\/wp-json\/wp\/v2\/media\/58"}],"wp:attachment":[{"href":"https:\/\/www.servitopcanarias.net\/es\/wp-json\/wp\/v2\/media?parent=421"}],"curies":[{"name":"wp","href":"https:\/\/api.w.org\/{rel}","templated":true}]}}