{"id":416,"date":"2015-03-25T13:55:00","date_gmt":"2015-03-25T13:55:00","guid":{"rendered":"http:\/\/www.servitopcanarias.net\/?page_id=416"},"modified":"2015-03-25T14:58:19","modified_gmt":"2015-03-25T14:58:19","slug":"dkv-top-health","status":"publish","type":"page","link":"https:\/\/www.servitopcanarias.net\/es\/dkv-top-health","title":{"rendered":"DKV Top Health"},"content":{"rendered":"<p>M\u00e1s all\u00e1 de la medicina privada convencional:<\/p>\n<p>el \u00fanico seguro que te reembolsa el 100%, \u00a1en todo el mundo! S\u00f3lo una p\u00f3liza en Espa\u00f1a te reembolsa hasta el 100% de todas las facturas m\u00e9dicas y hospitalarias (salvo en algunas especialidades muy concretas) emitidas en cualquier pa\u00eds: DKV Top Health.<\/p>\n<p>&nbsp;<\/p>\n<h2>Mayor cobertura que la Seguridad Social<\/h2>\n<p>Top Health incluye m\u00e9todos de terap\u00e9uticos como aerosolterapia, oxigenoterapia y ventiloterapia, as\u00ed como terapias alternativas (homeopat\u00eda, fitoterapia, acupuntura y quiromasaje). Adem\u00e1s, tendr\u00e1s tambi\u00e9n estancias en balnearios, medicamentos, material ortop\u00e9dico, sillas de ruedas, lentillas\u2026<\/p>\n<h2>\u00a1T\u00fa escoges!<\/h2>\n<ul>\n<li>Decide c\u00f3mo quieres tu p\u00f3liza:<\/li>\n<li>sin franquicia (te abonamos todas las facturas).<\/li>\n<li>con una franquicia de 600 \u20ac (te abonamos gastos a partir de esa cantidad).<\/li>\n<li>con una franquicia de 1.200 \u20ac (te abonamos gastos a partir de esa cantidad).<\/li>\n<\/ul>\n<p>&nbsp;<\/p>\n<h2>Adem\u00e1s\u2026<\/h2>\n<ul>\n<li>Abonamos tus facturas en un plazo de 7 d\u00edas.<\/li>\n<li>Nos comprometemos a no anular tu p\u00f3liza a partir de los tres a\u00f1os.<\/li>\n<li>Tienes a tu disposici\u00f3n los 18.000 m\u00e9dicos y 1.000 centros m\u00e9dicos en todo el pa\u00eds que forman nuestra red asistencial.<\/li>\n<li>La p\u00f3liza incluye tambi\u00e9n programas de medicina preventiva, planificaci\u00f3n familiar, unidad del sue\u00f1o y pr\u00f3tesis.<\/li>\n<li>Ventajas fiscales: para la empresa es un gasto deducible y un elemento de fidelizaci\u00f3n, y para el asegurado no computa como rendimiento en especie.<\/li>\n<li>La Tarjeta personal platinum te acreditar\u00e1 como asegurado nuestro, evitando el uso de talones.<\/li>\n<li>DKV te puede ayudar, en caso de ingreso programado, en las cl\u00ednicas m\u00e1s prestigiosas de EEUU.<\/li>\n<\/ul>\n","protected":false},"excerpt":{"rendered":"<p>M\u00e1s all\u00e1 de la medicina privada convencional: el \u00fanico seguro [&hellip;]<\/p>\n","protected":false},"author":1,"featured_media":0,"parent":0,"menu_order":0,"comment_status":"open","ping_status":"open","template":"","meta":{"ngg_post_thumbnail":0,"footnotes":""},"class_list":["post-416","page","type-page","status-publish","hentry"],"yoast_head":"<!-- This site is optimized with the Yoast SEO plugin v23.5 - https:\/\/yoast.com\/wordpress\/plugins\/seo\/ -->\n<title>DKV Top Health - servitopcanarias.net<\/title>\n<meta name=\"robots\" content=\"index, follow, max-snippet:-1, max-image-preview:large, max-video-preview:-1\" \/>\n<link rel=\"canonical\" href=\"https:\/\/www.servitopcanarias.net\/dkv-tophealth\" \/>\n<meta property=\"og:locale\" content=\"es_ES\" \/>\n<meta property=\"og:type\" content=\"article\" \/>\n<meta property=\"og:title\" content=\"DKV Top Health - servitopcanarias.net\" \/>\n<meta property=\"og:description\" content=\"M\u00e1s all\u00e1 de la medicina privada convencional: el \u00fanico seguro [&hellip;]\" \/>\n<meta property=\"og:url\" content=\"https:\/\/www.servitopcanarias.net\/dkv-tophealth\" \/>\n<meta property=\"og:site_name\" content=\"servitopcanarias.net\" \/>\n<meta property=\"article:modified_time\" content=\"2015-03-25T14:58:19+00:00\" \/>\n<meta name=\"twitter:label1\" content=\"Tiempo de lectura\" \/>\n\t<meta name=\"twitter:data1\" content=\"1 minuto\" \/>\n<script type=\"application\/ld+json\" class=\"yoast-schema-graph\">{\"@context\":\"https:\/\/schema.org\",\"@graph\":[{\"@type\":\"WebPage\",\"@id\":\"https:\/\/www.servitopcanarias.net\/dkv-tophealth\",\"url\":\"https:\/\/www.servitopcanarias.net\/dkv-tophealth\",\"name\":\"DKV Top Health - servitopcanarias.net\",\"isPartOf\":{\"@id\":\"https:\/\/www.servitopcanarias.net\/#website\"},\"datePublished\":\"2015-03-25T13:55:00+00:00\",\"dateModified\":\"2015-03-25T14:58:19+00:00\",\"breadcrumb\":{\"@id\":\"https:\/\/www.servitopcanarias.net\/dkv-tophealth#breadcrumb\"},\"inLanguage\":\"es\",\"potentialAction\":[{\"@type\":\"ReadAction\",\"target\":[\"https:\/\/www.servitopcanarias.net\/dkv-tophealth\"]}]},{\"@type\":\"BreadcrumbList\",\"@id\":\"https:\/\/www.servitopcanarias.net\/dkv-tophealth#breadcrumb\",\"itemListElement\":[{\"@type\":\"ListItem\",\"position\":1,\"name\":\"Home\",\"item\":\"https:\/\/www.servitopcanarias.net\/\"},{\"@type\":\"ListItem\",\"position\":2,\"name\":\"DKV Top Health\"}]},{\"@type\":\"WebSite\",\"@id\":\"https:\/\/www.servitopcanarias.net\/#website\",\"url\":\"https:\/\/www.servitopcanarias.net\/\",\"name\":\"servitopcanarias.net\",\"description\":\"Eine weitere WordPress-Seite\",\"potentialAction\":[{\"@type\":\"SearchAction\",\"target\":{\"@type\":\"EntryPoint\",\"urlTemplate\":\"https:\/\/www.servitopcanarias.net\/?s={search_term_string}\"},\"query-input\":{\"@type\":\"PropertyValueSpecification\",\"valueRequired\":true,\"valueName\":\"search_term_string\"}}],\"inLanguage\":\"es\"}]}<\/script>\n<!-- \/ Yoast SEO plugin. -->","yoast_head_json":{"title":"DKV Top Health - servitopcanarias.net","robots":{"index":"index","follow":"follow","max-snippet":"max-snippet:-1","max-image-preview":"max-image-preview:large","max-video-preview":"max-video-preview:-1"},"canonical":"https:\/\/www.servitopcanarias.net\/dkv-tophealth","og_locale":"es_ES","og_type":"article","og_title":"DKV Top Health - servitopcanarias.net","og_description":"M\u00e1s all\u00e1 de la medicina privada convencional: el \u00fanico seguro [&hellip;]","og_url":"https:\/\/www.servitopcanarias.net\/dkv-tophealth","og_site_name":"servitopcanarias.net","article_modified_time":"2015-03-25T14:58:19+00:00","twitter_misc":{"Tiempo de lectura":"1 minuto"},"schema":{"@context":"https:\/\/schema.org","@graph":[{"@type":"WebPage","@id":"https:\/\/www.servitopcanarias.net\/dkv-tophealth","url":"https:\/\/www.servitopcanarias.net\/dkv-tophealth","name":"DKV Top Health - servitopcanarias.net","isPartOf":{"@id":"https:\/\/www.servitopcanarias.net\/#website"},"datePublished":"2015-03-25T13:55:00+00:00","dateModified":"2015-03-25T14:58:19+00:00","breadcrumb":{"@id":"https:\/\/www.servitopcanarias.net\/dkv-tophealth#breadcrumb"},"inLanguage":"es","potentialAction":[{"@type":"ReadAction","target":["https:\/\/www.servitopcanarias.net\/dkv-tophealth"]}]},{"@type":"BreadcrumbList","@id":"https:\/\/www.servitopcanarias.net\/dkv-tophealth#breadcrumb","itemListElement":[{"@type":"ListItem","position":1,"name":"Home","item":"https:\/\/www.servitopcanarias.net\/"},{"@type":"ListItem","position":2,"name":"DKV Top Health"}]},{"@type":"WebSite","@id":"https:\/\/www.servitopcanarias.net\/#website","url":"https:\/\/www.servitopcanarias.net\/","name":"servitopcanarias.net","description":"Eine weitere WordPress-Seite","potentialAction":[{"@type":"SearchAction","target":{"@type":"EntryPoint","urlTemplate":"https:\/\/www.servitopcanarias.net\/?s={search_term_string}"},"query-input":{"@type":"PropertyValueSpecification","valueRequired":true,"valueName":"search_term_string"}}],"inLanguage":"es"}]}},"_links":{"self":[{"href":"https:\/\/www.servitopcanarias.net\/es\/wp-json\/wp\/v2\/pages\/416"}],"collection":[{"href":"https:\/\/www.servitopcanarias.net\/es\/wp-json\/wp\/v2\/pages"}],"about":[{"href":"https:\/\/www.servitopcanarias.net\/es\/wp-json\/wp\/v2\/types\/page"}],"author":[{"embeddable":true,"href":"https:\/\/www.servitopcanarias.net\/es\/wp-json\/wp\/v2\/users\/1"}],"replies":[{"embeddable":true,"href":"https:\/\/www.servitopcanarias.net\/es\/wp-json\/wp\/v2\/comments?post=416"}],"version-history":[{"count":3,"href":"https:\/\/www.servitopcanarias.net\/es\/wp-json\/wp\/v2\/pages\/416\/revisions"}],"predecessor-version":[{"id":429,"href":"https:\/\/www.servitopcanarias.net\/es\/wp-json\/wp\/v2\/pages\/416\/revisions\/429"}],"wp:attachment":[{"href":"https:\/\/www.servitopcanarias.net\/es\/wp-json\/wp\/v2\/media?parent=416"}],"curies":[{"name":"wp","href":"https:\/\/api.w.org\/{rel}","templated":true}]}}