{"id":410,"date":"2015-03-25T13:51:59","date_gmt":"2015-03-25T13:51:59","guid":{"rendered":"http:\/\/www.servitopcanarias.net\/?page_id=410"},"modified":"2015-03-25T19:29:17","modified_gmt":"2015-03-25T19:29:17","slug":"dkv-mundisalud","status":"publish","type":"page","link":"https:\/\/www.servitopcanarias.net\/es\/dkv-mundisalud","title":{"rendered":"DKV Mundisalud"},"content":{"rendered":"<p>Cuatro modalidades con las mismas coberturas,<br \/>\npero\u00a0con\u00a0l\u00edmites\u00a0ajustados a lo que necesitas.<br \/>\nCon DKV Mundisalud\u00a0podr\u00e1s asegurar tu asistencia<br \/>\nm\u00e9dica\u00a0primaria o especializada\u00a0tanto en cl\u00ednicas<br \/>\ny m\u00e9dicos de la red\u00a0asistencial de DKV como\u00a0en<br \/>\ncentros no concertados de cualquier\u00a0pa\u00eds, porque en<br \/>\neste\u00a0caso te reembolsamos los gastos.<\/p>\n<p>&nbsp;<\/p>\n<h2>Un seguro a tu medida<\/h2>\n<p>Complet, Plus, Classic y Elite son las modalidades de esta p\u00f3liza, cuya diferencia principal es que cada una marca sus propios l\u00edmites de gastos.<br \/>\nConoce los l\u00edmites de cada modalidad<\/p>\n<p>&nbsp;<\/p>\n<h2>Reembolso o cuadro m\u00e9dico, t\u00fa eliges<\/h2>\n<p>Te devolvemos el 90% los gastos de actos m\u00e9dicos realizados en el extranjero, y el 80% (90%, con Elite) de los facturados en Espa\u00f1a. Si visitas m\u00e9dicos o cl\u00ednicas de nuestro cuadro m\u00e9dico, \u00a1cubrimos todos los gastos!<\/p>\n<p>&nbsp;<\/p>\n<h2>\u00a1Y mucho m\u00e1s!<\/h2>\n<ul>\n<li>Indemnizaci\u00f3n de 50 \u20ac\/d\u00eda en caso de hospitalizaci\u00f3n cubierta por el seguro y con gastos asociados que no corran a cargo de la compa\u00f1\u00eda.<\/li>\n<li>Te reembolsamos en un plazo de 7 d\u00edas los gastos m\u00e9dicos de cualquier lugar del mundo.<\/li>\n<li>Elige entre los 18.000 m\u00e9dicos y 1.000 centros m\u00e9dicos repartidos por toda Espa\u00f1a que<br \/>\nforman nuestro cuadro m\u00e9dico.<\/li>\n<li>Tu p\u00f3liza incluye programas de medicina preventiva y trasplantes de m\u00e9dula, hep\u00e1tico,<br \/>\nrenal, c\u00f3rnea y card\u00edaco.<\/li>\n<li>DKV te ayuda a recibir tratamiento en alguna de las m\u00e1s prestigiosas cl\u00ednicas de EE.UU.<\/li>\n<\/ul>\n<p>&nbsp;<\/p>\n<p>&nbsp;<\/p>\n<h2>Programa Lenguaje Claro. A favor de un lenguaje m\u00e1s f\u00e1cil y transparente<\/h2>\n<p>Palabras muy t\u00e9cnicas, expresiones complicadas, demasiadas cl\u00e1usulas con letra muy peque\u00f1a&#8230; Son algunas de las barreras que entorpecen la contrataci\u00f3n de un seguro.<\/p>\n","protected":false},"excerpt":{"rendered":"<p>Cuatro modalidades con las mismas coberturas, pero\u00a0con\u00a0l\u00edmites\u00a0ajustados a lo que [&hellip;]<\/p>\n","protected":false},"author":1,"featured_media":55,"parent":0,"menu_order":0,"comment_status":"open","ping_status":"open","template":"","meta":{"ngg_post_thumbnail":0,"footnotes":""},"class_list":["post-410","page","type-page","status-publish","has-post-thumbnail","hentry"],"yoast_head":"<!-- This site is optimized with the Yoast SEO plugin v23.5 - https:\/\/yoast.com\/wordpress\/plugins\/seo\/ -->\n<title>DKV Mundisalud - servitopcanarias.net<\/title>\n<meta name=\"robots\" content=\"index, follow, max-snippet:-1, max-image-preview:large, max-video-preview:-1\" \/>\n<link rel=\"canonical\" href=\"https:\/\/www.servitopcanarias.net\/dkv-mundisalud\" \/>\n<meta property=\"og:locale\" content=\"es_ES\" \/>\n<meta property=\"og:type\" content=\"article\" \/>\n<meta property=\"og:title\" content=\"DKV Mundisalud - servitopcanarias.net\" \/>\n<meta property=\"og:description\" content=\"Cuatro modalidades con las mismas coberturas, pero\u00a0con\u00a0l\u00edmites\u00a0ajustados a lo que [&hellip;]\" \/>\n<meta property=\"og:url\" content=\"https:\/\/www.servitopcanarias.net\/dkv-mundisalud\" \/>\n<meta property=\"og:site_name\" content=\"servitopcanarias.net\" \/>\n<meta property=\"article:modified_time\" content=\"2015-03-25T19:29:17+00:00\" \/>\n<meta property=\"og:image\" content=\"https:\/\/www.servitopcanarias.net\/wp-content\/uploads\/mundisalud.jpg\" \/>\n\t<meta property=\"og:image:width\" content=\"254\" \/>\n\t<meta property=\"og:image:height\" content=\"187\" \/>\n\t<meta property=\"og:image:type\" content=\"image\/jpeg\" \/>\n<meta name=\"twitter:label1\" content=\"Tiempo de lectura\" \/>\n\t<meta name=\"twitter:data1\" content=\"1 minuto\" \/>\n<script type=\"application\/ld+json\" class=\"yoast-schema-graph\">{\"@context\":\"https:\/\/schema.org\",\"@graph\":[{\"@type\":\"WebPage\",\"@id\":\"https:\/\/www.servitopcanarias.net\/dkv-mundisalud\",\"url\":\"https:\/\/www.servitopcanarias.net\/dkv-mundisalud\",\"name\":\"DKV Mundisalud - servitopcanarias.net\",\"isPartOf\":{\"@id\":\"https:\/\/www.servitopcanarias.net\/#website\"},\"primaryImageOfPage\":{\"@id\":\"https:\/\/www.servitopcanarias.net\/dkv-mundisalud#primaryimage\"},\"image\":{\"@id\":\"https:\/\/www.servitopcanarias.net\/dkv-mundisalud#primaryimage\"},\"thumbnailUrl\":\"https:\/\/www.servitopcanarias.net\/wp-content\/uploads\/mundisalud.jpg\",\"datePublished\":\"2015-03-25T13:51:59+00:00\",\"dateModified\":\"2015-03-25T19:29:17+00:00\",\"breadcrumb\":{\"@id\":\"https:\/\/www.servitopcanarias.net\/dkv-mundisalud#breadcrumb\"},\"inLanguage\":\"es\",\"potentialAction\":[{\"@type\":\"ReadAction\",\"target\":[\"https:\/\/www.servitopcanarias.net\/dkv-mundisalud\"]}]},{\"@type\":\"ImageObject\",\"inLanguage\":\"es\",\"@id\":\"https:\/\/www.servitopcanarias.net\/dkv-mundisalud#primaryimage\",\"url\":\"https:\/\/www.servitopcanarias.net\/wp-content\/uploads\/mundisalud.jpg\",\"contentUrl\":\"https:\/\/www.servitopcanarias.net\/wp-content\/uploads\/mundisalud.jpg\",\"width\":254,\"height\":187},{\"@type\":\"BreadcrumbList\",\"@id\":\"https:\/\/www.servitopcanarias.net\/dkv-mundisalud#breadcrumb\",\"itemListElement\":[{\"@type\":\"ListItem\",\"position\":1,\"name\":\"Home\",\"item\":\"https:\/\/www.servitopcanarias.net\/\"},{\"@type\":\"ListItem\",\"position\":2,\"name\":\"DKV Mundisalud\"}]},{\"@type\":\"WebSite\",\"@id\":\"https:\/\/www.servitopcanarias.net\/#website\",\"url\":\"https:\/\/www.servitopcanarias.net\/\",\"name\":\"servitopcanarias.net\",\"description\":\"Eine weitere WordPress-Seite\",\"potentialAction\":[{\"@type\":\"SearchAction\",\"target\":{\"@type\":\"EntryPoint\",\"urlTemplate\":\"https:\/\/www.servitopcanarias.net\/?s={search_term_string}\"},\"query-input\":{\"@type\":\"PropertyValueSpecification\",\"valueRequired\":true,\"valueName\":\"search_term_string\"}}],\"inLanguage\":\"es\"}]}<\/script>\n<!-- \/ Yoast SEO plugin. -->","yoast_head_json":{"title":"DKV Mundisalud - servitopcanarias.net","robots":{"index":"index","follow":"follow","max-snippet":"max-snippet:-1","max-image-preview":"max-image-preview:large","max-video-preview":"max-video-preview:-1"},"canonical":"https:\/\/www.servitopcanarias.net\/dkv-mundisalud","og_locale":"es_ES","og_type":"article","og_title":"DKV Mundisalud - servitopcanarias.net","og_description":"Cuatro modalidades con las mismas coberturas, pero\u00a0con\u00a0l\u00edmites\u00a0ajustados a lo que [&hellip;]","og_url":"https:\/\/www.servitopcanarias.net\/dkv-mundisalud","og_site_name":"servitopcanarias.net","article_modified_time":"2015-03-25T19:29:17+00:00","og_image":[{"width":254,"height":187,"url":"https:\/\/www.servitopcanarias.net\/wp-content\/uploads\/mundisalud.jpg","type":"image\/jpeg"}],"twitter_misc":{"Tiempo de lectura":"1 minuto"},"schema":{"@context":"https:\/\/schema.org","@graph":[{"@type":"WebPage","@id":"https:\/\/www.servitopcanarias.net\/dkv-mundisalud","url":"https:\/\/www.servitopcanarias.net\/dkv-mundisalud","name":"DKV Mundisalud - servitopcanarias.net","isPartOf":{"@id":"https:\/\/www.servitopcanarias.net\/#website"},"primaryImageOfPage":{"@id":"https:\/\/www.servitopcanarias.net\/dkv-mundisalud#primaryimage"},"image":{"@id":"https:\/\/www.servitopcanarias.net\/dkv-mundisalud#primaryimage"},"thumbnailUrl":"https:\/\/www.servitopcanarias.net\/wp-content\/uploads\/mundisalud.jpg","datePublished":"2015-03-25T13:51:59+00:00","dateModified":"2015-03-25T19:29:17+00:00","breadcrumb":{"@id":"https:\/\/www.servitopcanarias.net\/dkv-mundisalud#breadcrumb"},"inLanguage":"es","potentialAction":[{"@type":"ReadAction","target":["https:\/\/www.servitopcanarias.net\/dkv-mundisalud"]}]},{"@type":"ImageObject","inLanguage":"es","@id":"https:\/\/www.servitopcanarias.net\/dkv-mundisalud#primaryimage","url":"https:\/\/www.servitopcanarias.net\/wp-content\/uploads\/mundisalud.jpg","contentUrl":"https:\/\/www.servitopcanarias.net\/wp-content\/uploads\/mundisalud.jpg","width":254,"height":187},{"@type":"BreadcrumbList","@id":"https:\/\/www.servitopcanarias.net\/dkv-mundisalud#breadcrumb","itemListElement":[{"@type":"ListItem","position":1,"name":"Home","item":"https:\/\/www.servitopcanarias.net\/"},{"@type":"ListItem","position":2,"name":"DKV Mundisalud"}]},{"@type":"WebSite","@id":"https:\/\/www.servitopcanarias.net\/#website","url":"https:\/\/www.servitopcanarias.net\/","name":"servitopcanarias.net","description":"Eine weitere WordPress-Seite","potentialAction":[{"@type":"SearchAction","target":{"@type":"EntryPoint","urlTemplate":"https:\/\/www.servitopcanarias.net\/?s={search_term_string}"},"query-input":{"@type":"PropertyValueSpecification","valueRequired":true,"valueName":"search_term_string"}}],"inLanguage":"es"}]}},"_links":{"self":[{"href":"https:\/\/www.servitopcanarias.net\/es\/wp-json\/wp\/v2\/pages\/410"}],"collection":[{"href":"https:\/\/www.servitopcanarias.net\/es\/wp-json\/wp\/v2\/pages"}],"about":[{"href":"https:\/\/www.servitopcanarias.net\/es\/wp-json\/wp\/v2\/types\/page"}],"author":[{"embeddable":true,"href":"https:\/\/www.servitopcanarias.net\/es\/wp-json\/wp\/v2\/users\/1"}],"replies":[{"embeddable":true,"href":"https:\/\/www.servitopcanarias.net\/es\/wp-json\/wp\/v2\/comments?post=410"}],"version-history":[{"count":1,"href":"https:\/\/www.servitopcanarias.net\/es\/wp-json\/wp\/v2\/pages\/410\/revisions"}],"predecessor-version":[{"id":412,"href":"https:\/\/www.servitopcanarias.net\/es\/wp-json\/wp\/v2\/pages\/410\/revisions\/412"}],"wp:featuredmedia":[{"embeddable":true,"href":"https:\/\/www.servitopcanarias.net\/es\/wp-json\/wp\/v2\/media\/55"}],"wp:attachment":[{"href":"https:\/\/www.servitopcanarias.net\/es\/wp-json\/wp\/v2\/media?parent=410"}],"curies":[{"name":"wp","href":"https:\/\/api.w.org\/{rel}","templated":true}]}}