{"id":396,"date":"2015-03-25T13:17:55","date_gmt":"2015-03-25T13:17:55","guid":{"rendered":"http:\/\/www.servitopcanarias.net\/?page_id=396"},"modified":"2015-04-01T10:35:01","modified_gmt":"2015-04-01T10:35:01","slug":"aviso-legal-l","status":"publish","type":"page","link":"https:\/\/www.servitopcanarias.net\/es\/aviso-legal-l","title":{"rendered":"Aviso legal"},"content":{"rendered":"<p><strong>Servitop Canarias S.L.\u00a0<\/strong><\/p>\n<p>Tel\u00e9fono: +34 928 73 01 33<br \/>\nFax:\u00a0+34 928 76 24 54<br \/>\nMovil:\u00a0+34 619 60 13 04<\/p>\n<p>correo electronico\u00a0<a href=\"javascript:DeCryptX('1m3l0b2g0r1u3|0@3v1f2t0v3l3w0o1q3f0a0n0a0r0i1b1t200n0e3w')\">liberty [at] servitopcanarias [dot] net<\/a><\/p>\n<p>Av. de Galdar 70,oficina 2<br \/>\n35100 San Fernando Gran Canaria<\/p>\n<p>CIF: B35784826<br \/>\nServitop Canarias S.L. Agent\/Mediador : 35 3211538<\/p>\n<p><a href=\"http:\/\/www.libertyexpatriates.es\/de\/\">www.libertyseguros.es<br \/>\nhttp:\/\/www.libertyexpatriates.es\/<\/a><\/p>\n<p>Tel\u00e9fono: 902 075 130<br \/>\n902 255 258<\/p>\n<p>&nbsp;<\/p>\n<p><strong>Responsabilidad por contenidos<\/strong><\/p>\n<p>Conforme al art. 7 apart. 1 de la TMG (Ley alemana de Servicios de Telecomunicaci\u00f3n), como proveedores de servicios somos responsables de nuestros propios contenidos seg\u00fan las leyes generales. De acuerdo con los art\u00edculos 8 a 10 de la TMG, como proveedores de servicios no estamos obligados a controlar la informaci\u00f3n ajena transmitida o almacenada, ni a investigar las circunstancias que indiquen una actividad ilegal. La obligaci\u00f3n de eliminar o bloquear el uso de la informaci\u00f3n en virtud de las leyes generales no se ver\u00e1 afectada. No obstante, la asunci\u00f3n de responsabilidad comenzar\u00e1 en el momento de tener conocimiento de una infracci\u00f3n espec\u00edfica. En cuanto tengamos conocimiento de alguna infracci\u00f3n, eliminaremos de inmediato los contenidos correspondientes.<\/p>\n<p><strong>Responsabilidad por enlaces<\/strong><\/p>\n<p>Nuestra oferta contiene enlaces a p\u00e1ginas web externas sobre las cuales no tenemos influencia alguna. Por tanto, no podemos garantizar los contenidos que \u00e9stas proporcionen. El proveedor o gestor de las p\u00e1ginas enlazadas ser\u00e1 responsable de los contenidos de las respectivas p\u00e1ginas. Las p\u00e1ginas enlazadas fueron examinadas en el momento de realizar el enlace respecto a posibles violaciones de la legislaci\u00f3n. En dicho momento no se identificaron contenidos ilegales. Sin indicios concretos de una violaci\u00f3n del derecho, es imposible efectuar un control permanente de las p\u00e1ginas enlazadas. Tras la notificaci\u00f3n de cualquier irregularidad eliminaremos de inmediato esos enlaces.<\/p>\n<p><strong>Derechos de autor<\/strong><\/p>\n<p>Los contenidos y obras creados por los gestores del sitio web y que figuran en estas p\u00e1ginas est\u00e1n sujetos a los derechos alemanes de autor. La reproducci\u00f3n, edici\u00f3n, difusi\u00f3n y cualquier tipo de utilizaci\u00f3n fuera de los l\u00edmites del derecho de autor requiere la autorizaci\u00f3n por escrito del autor o creador correspondiente. Las descargas y copias de esta p\u00e1gina \u00fanicamente est\u00e1n permitidas con fines privados y no con objetivos comerciales. Para los contenidos de esta p\u00e1gina que no hayan sido creados por el gestor de la misma, se respetar\u00e1n los derechos de autor de terceros. Los contenidos de terceros aparecen se\u00f1alados como tales. No obstante, si tiene constancia de que se est\u00e1n infringiendo derechos de autor, le rogamos nos lo comunique lo antes posible. En caso de tener conocimiento de alguna infracci\u00f3n del derecho, procederemos inmediatamente a eliminar dichos contenidos.<\/p>\n","protected":false},"excerpt":{"rendered":"<p>Servitop Canarias S.L.\u00a0 Tel\u00e9fono: +34 928 73 01 33 Fax:\u00a0+34 [&hellip;]<\/p>\n","protected":false},"author":1,"featured_media":0,"parent":0,"menu_order":0,"comment_status":"open","ping_status":"open","template":"liberty.php","meta":{"ngg_post_thumbnail":0,"footnotes":""},"class_list":["post-396","page","type-page","status-publish","hentry"],"yoast_head":"<!-- This site is optimized with the Yoast SEO plugin v23.5 - https:\/\/yoast.com\/wordpress\/plugins\/seo\/ -->\n<title>Aviso legal - servitopcanarias.net<\/title>\n<meta name=\"robots\" content=\"index, follow, max-snippet:-1, max-image-preview:large, max-video-preview:-1\" \/>\n<link rel=\"canonical\" href=\"https:\/\/www.servitopcanarias.net\/impressum-liberty\" \/>\n<meta property=\"og:locale\" content=\"es_ES\" \/>\n<meta property=\"og:type\" content=\"article\" \/>\n<meta property=\"og:title\" content=\"Aviso legal - servitopcanarias.net\" \/>\n<meta property=\"og:description\" content=\"Servitop Canarias S.L.\u00a0 Tel\u00e9fono: +34 928 73 01 33 Fax:\u00a0+34 [&hellip;]\" \/>\n<meta property=\"og:url\" content=\"https:\/\/www.servitopcanarias.net\/impressum-liberty\" \/>\n<meta property=\"og:site_name\" content=\"servitopcanarias.net\" \/>\n<meta property=\"article:modified_time\" content=\"2015-04-01T10:35:01+00:00\" \/>\n<meta name=\"twitter:label1\" content=\"Tiempo de lectura\" \/>\n\t<meta name=\"twitter:data1\" content=\"2 minutos\" \/>\n<script type=\"application\/ld+json\" class=\"yoast-schema-graph\">{\"@context\":\"https:\/\/schema.org\",\"@graph\":[{\"@type\":\"WebPage\",\"@id\":\"https:\/\/www.servitopcanarias.net\/impressum-liberty\",\"url\":\"https:\/\/www.servitopcanarias.net\/impressum-liberty\",\"name\":\"Aviso legal - servitopcanarias.net\",\"isPartOf\":{\"@id\":\"https:\/\/www.servitopcanarias.net\/#website\"},\"datePublished\":\"2015-03-25T13:17:55+00:00\",\"dateModified\":\"2015-04-01T10:35:01+00:00\",\"breadcrumb\":{\"@id\":\"https:\/\/www.servitopcanarias.net\/impressum-liberty#breadcrumb\"},\"inLanguage\":\"es\",\"potentialAction\":[{\"@type\":\"ReadAction\",\"target\":[\"https:\/\/www.servitopcanarias.net\/impressum-liberty\"]}]},{\"@type\":\"BreadcrumbList\",\"@id\":\"https:\/\/www.servitopcanarias.net\/impressum-liberty#breadcrumb\",\"itemListElement\":[{\"@type\":\"ListItem\",\"position\":1,\"name\":\"Home\",\"item\":\"https:\/\/www.servitopcanarias.net\/\"},{\"@type\":\"ListItem\",\"position\":2,\"name\":\"Aviso legal\"}]},{\"@type\":\"WebSite\",\"@id\":\"https:\/\/www.servitopcanarias.net\/#website\",\"url\":\"https:\/\/www.servitopcanarias.net\/\",\"name\":\"servitopcanarias.net\",\"description\":\"Eine weitere WordPress-Seite\",\"potentialAction\":[{\"@type\":\"SearchAction\",\"target\":{\"@type\":\"EntryPoint\",\"urlTemplate\":\"https:\/\/www.servitopcanarias.net\/?s={search_term_string}\"},\"query-input\":{\"@type\":\"PropertyValueSpecification\",\"valueRequired\":true,\"valueName\":\"search_term_string\"}}],\"inLanguage\":\"es\"}]}<\/script>\n<!-- \/ Yoast SEO plugin. -->","yoast_head_json":{"title":"Aviso legal - servitopcanarias.net","robots":{"index":"index","follow":"follow","max-snippet":"max-snippet:-1","max-image-preview":"max-image-preview:large","max-video-preview":"max-video-preview:-1"},"canonical":"https:\/\/www.servitopcanarias.net\/impressum-liberty","og_locale":"es_ES","og_type":"article","og_title":"Aviso legal - servitopcanarias.net","og_description":"Servitop Canarias S.L.\u00a0 Tel\u00e9fono: +34 928 73 01 33 Fax:\u00a0+34 [&hellip;]","og_url":"https:\/\/www.servitopcanarias.net\/impressum-liberty","og_site_name":"servitopcanarias.net","article_modified_time":"2015-04-01T10:35:01+00:00","twitter_misc":{"Tiempo de lectura":"2 minutos"},"schema":{"@context":"https:\/\/schema.org","@graph":[{"@type":"WebPage","@id":"https:\/\/www.servitopcanarias.net\/impressum-liberty","url":"https:\/\/www.servitopcanarias.net\/impressum-liberty","name":"Aviso legal - servitopcanarias.net","isPartOf":{"@id":"https:\/\/www.servitopcanarias.net\/#website"},"datePublished":"2015-03-25T13:17:55+00:00","dateModified":"2015-04-01T10:35:01+00:00","breadcrumb":{"@id":"https:\/\/www.servitopcanarias.net\/impressum-liberty#breadcrumb"},"inLanguage":"es","potentialAction":[{"@type":"ReadAction","target":["https:\/\/www.servitopcanarias.net\/impressum-liberty"]}]},{"@type":"BreadcrumbList","@id":"https:\/\/www.servitopcanarias.net\/impressum-liberty#breadcrumb","itemListElement":[{"@type":"ListItem","position":1,"name":"Home","item":"https:\/\/www.servitopcanarias.net\/"},{"@type":"ListItem","position":2,"name":"Aviso legal"}]},{"@type":"WebSite","@id":"https:\/\/www.servitopcanarias.net\/#website","url":"https:\/\/www.servitopcanarias.net\/","name":"servitopcanarias.net","description":"Eine weitere WordPress-Seite","potentialAction":[{"@type":"SearchAction","target":{"@type":"EntryPoint","urlTemplate":"https:\/\/www.servitopcanarias.net\/?s={search_term_string}"},"query-input":{"@type":"PropertyValueSpecification","valueRequired":true,"valueName":"search_term_string"}}],"inLanguage":"es"}]}},"_links":{"self":[{"href":"https:\/\/www.servitopcanarias.net\/es\/wp-json\/wp\/v2\/pages\/396"}],"collection":[{"href":"https:\/\/www.servitopcanarias.net\/es\/wp-json\/wp\/v2\/pages"}],"about":[{"href":"https:\/\/www.servitopcanarias.net\/es\/wp-json\/wp\/v2\/types\/page"}],"author":[{"embeddable":true,"href":"https:\/\/www.servitopcanarias.net\/es\/wp-json\/wp\/v2\/users\/1"}],"replies":[{"embeddable":true,"href":"https:\/\/www.servitopcanarias.net\/es\/wp-json\/wp\/v2\/comments?post=396"}],"version-history":[{"count":3,"href":"https:\/\/www.servitopcanarias.net\/es\/wp-json\/wp\/v2\/pages\/396\/revisions"}],"predecessor-version":[{"id":659,"href":"https:\/\/www.servitopcanarias.net\/es\/wp-json\/wp\/v2\/pages\/396\/revisions\/659"}],"wp:attachment":[{"href":"https:\/\/www.servitopcanarias.net\/es\/wp-json\/wp\/v2\/media?parent=396"}],"curies":[{"name":"wp","href":"https:\/\/api.w.org\/{rel}","templated":true}]}}