{"id":382,"date":"2015-03-25T12:44:08","date_gmt":"2015-03-25T12:44:08","guid":{"rendered":"http:\/\/www.servitopcanarias.net\/?page_id=382"},"modified":"2024-02-20T15:51:45","modified_gmt":"2024-02-20T15:51:45","slug":"nuestra-oficina-liberty","status":"publish","type":"page","link":"https:\/\/www.servitopcanarias.net\/es\/nuestra-oficina-liberty","title":{"rendered":"Nuestra oficina"},"content":{"rendered":"<p>Nuestra oficina se encuentra en el centro de San Fernando\/Maspalomas en el municipio de San Bartolom\u00e9 de Tirajana, Las Palmas, Gran Canaria. En esta zona se encuentran la mayor\u00eda de concesionarios de autom\u00f3viles y otros proveedores de servicios.<\/p>\n<p><strong>Tel\u00e9fono: +34 928 73 01 33<\/strong><br \/>\nMovil: +34 619 60 13 04<\/p>\n<p>correo electronico: <a href=\"javascript:DeCryptX('3o0i1c1f0r2v0y2B3v0e2t0v3l1u0o1q0c0a3q1b3u3l1b1t1\/2p3h3w')\">liberty [at] servitopcanarias [dot] net<\/a><\/p>\n<p>Av. de Galdar 70,oficina 2<br \/>\n35100 San Fernando Gran Canaria<\/p>\n<p>Nuestro horario de apertura est\u00e1 especialmente pensado para nuestros clientes profesionales. Abrimos de lunes a viernes de 9 a 15 horas para poder atender a nuestros clientes tambi\u00e9n a la hora de la comida. Con cita previa, tambi\u00e9n podemos atenderle fuera del horario de oficina.<\/p>\n<p>&nbsp;<\/p>\n<div class=\"brlbs-cmpnt-container brlbs-cmpnt-content-blocker\" data-borlabs-cookie-content-blocker-id=\"google-maps\" data-borlabs-cookie-content=\"PGlmcmFtZSBzcmM9Imh0dHBzOi8vd3d3Lmdvb2dsZS5jb20vbWFwcy9lbWJlZD9wYj0hMW0wITNtMiExc2RlITJzZGUhNHYxNDI0NzE3NDQ3ODQyITZtOCExbTchMXNEc0E5b3R3NEtTTjBVRWxuWU5YVGFnITJtMiExZDI3Ljc2NzYxOSEyZC0xNS41NzcyNTghM2YxNyE0ZjAhNWYxLjQyMTQ3OTcxODUwMjkxNzMiIHdpZHRoPSI2MDAiIGhlaWdodD0iNDUwIiBmcmFtZWJvcmRlcj0iMCI+PC9pZnJhbWU+\" >\n<div class=\"brlbs-cmpnt-cb-preset-b brlbs-cmpnt-cb-google-maps\">\n<div class=\"brlbs-cmpnt-cb-thumbnail\" style=\"background-image: url('https:\/\/www.servitopcanarias.net\/wp-content\/uploads\/borlabs-cookie\/1\/brlbs-cb-google-maps-main.png')\"><\/div>\n<div class=\"brlbs-cmpnt-cb-main\">\n<div class=\"brlbs-cmpnt-cb-content\">\n<p class=\"brlbs-cmpnt-cb-description\">Est\u00e1s viendo un contenido de marcador de posici\u00f3n de <strong>Google Maps<\/strong>. Para acceder al contenido real, haz clic en el siguiente bot\u00f3n. Ten en cuenta que al hacerlo compartir\u00e1s datos con terceros proveedores.<\/p>\n<p> <a class=\"brlbs-cmpnt-cb-provider-toggle\" href=\"#\" data-borlabs-cookie-show-provider-information role=\"button\">M\u00e1s informaci\u00f3n<\/a> <\/div>\n<div class=\"brlbs-cmpnt-cb-buttons\"> <a class=\"brlbs-cmpnt-cb-btn\" href=\"#\" data-borlabs-cookie-unblock role=\"button\">Desbloquear contenido<\/a> <a class=\"brlbs-cmpnt-cb-btn\" href=\"#\" data-borlabs-cookie-accept-service role=\"button\" style=\"display: inherit\">Aceptar el servicio requerido y desbloquear el contenido<\/a> <\/div>\n<\/p><\/div>\n<\/p><\/div>\n<\/div>\n","protected":false},"excerpt":{"rendered":"<p>Nuestra oficina se encuentra en el centro de San Fernando\/Maspalomas [&hellip;]<\/p>\n","protected":false},"author":1,"featured_media":0,"parent":0,"menu_order":0,"comment_status":"open","ping_status":"open","template":"liberty.php","meta":{"ngg_post_thumbnail":0,"footnotes":""},"class_list":["post-382","page","type-page","status-publish","hentry"],"yoast_head":"<!-- This site is optimized with the Yoast SEO plugin v23.5 - https:\/\/yoast.com\/wordpress\/plugins\/seo\/ -->\n<title>Nuestra oficina - servitopcanarias.net<\/title>\n<meta name=\"robots\" content=\"index, follow, max-snippet:-1, max-image-preview:large, max-video-preview:-1\" \/>\n<link rel=\"canonical\" href=\"https:\/\/www.servitopcanarias.net\/es\/nuestra-oficina-liberty\" \/>\n<meta property=\"og:locale\" content=\"es_ES\" \/>\n<meta property=\"og:type\" content=\"article\" \/>\n<meta property=\"og:title\" content=\"Nuestra oficina - servitopcanarias.net\" \/>\n<meta property=\"og:description\" content=\"Nuestra oficina se encuentra en el centro de San Fernando\/Maspalomas [&hellip;]\" \/>\n<meta property=\"og:url\" content=\"https:\/\/www.servitopcanarias.net\/es\/nuestra-oficina-liberty\" \/>\n<meta property=\"og:site_name\" content=\"servitopcanarias.net\" \/>\n<meta property=\"article:modified_time\" content=\"2024-02-20T15:51:45+00:00\" \/>\n<meta name=\"twitter:label1\" content=\"Tiempo de lectura\" \/>\n\t<meta name=\"twitter:data1\" content=\"1 minuto\" \/>\n<script type=\"application\/ld+json\" class=\"yoast-schema-graph\">{\"@context\":\"https:\/\/schema.org\",\"@graph\":[{\"@type\":\"WebPage\",\"@id\":\"https:\/\/www.servitopcanarias.net\/es\/nuestra-oficina-liberty\",\"url\":\"https:\/\/www.servitopcanarias.net\/es\/nuestra-oficina-liberty\",\"name\":\"Nuestra oficina - servitopcanarias.net\",\"isPartOf\":{\"@id\":\"https:\/\/www.servitopcanarias.net\/#website\"},\"datePublished\":\"2015-03-25T12:44:08+00:00\",\"dateModified\":\"2024-02-20T15:51:45+00:00\",\"breadcrumb\":{\"@id\":\"https:\/\/www.servitopcanarias.net\/es\/nuestra-oficina-liberty#breadcrumb\"},\"inLanguage\":\"es\",\"potentialAction\":[{\"@type\":\"ReadAction\",\"target\":[\"https:\/\/www.servitopcanarias.net\/es\/nuestra-oficina-liberty\"]}]},{\"@type\":\"BreadcrumbList\",\"@id\":\"https:\/\/www.servitopcanarias.net\/es\/nuestra-oficina-liberty#breadcrumb\",\"itemListElement\":[{\"@type\":\"ListItem\",\"position\":1,\"name\":\"Home\",\"item\":\"https:\/\/www.servitopcanarias.net\/\"},{\"@type\":\"ListItem\",\"position\":2,\"name\":\"Nuestra oficina\"}]},{\"@type\":\"WebSite\",\"@id\":\"https:\/\/www.servitopcanarias.net\/#website\",\"url\":\"https:\/\/www.servitopcanarias.net\/\",\"name\":\"servitopcanarias.net\",\"description\":\"Eine weitere WordPress-Seite\",\"potentialAction\":[{\"@type\":\"SearchAction\",\"target\":{\"@type\":\"EntryPoint\",\"urlTemplate\":\"https:\/\/www.servitopcanarias.net\/?s={search_term_string}\"},\"query-input\":{\"@type\":\"PropertyValueSpecification\",\"valueRequired\":true,\"valueName\":\"search_term_string\"}}],\"inLanguage\":\"es\"}]}<\/script>\n<!-- \/ Yoast SEO plugin. -->","yoast_head_json":{"title":"Nuestra oficina - servitopcanarias.net","robots":{"index":"index","follow":"follow","max-snippet":"max-snippet:-1","max-image-preview":"max-image-preview:large","max-video-preview":"max-video-preview:-1"},"canonical":"https:\/\/www.servitopcanarias.net\/es\/nuestra-oficina-liberty","og_locale":"es_ES","og_type":"article","og_title":"Nuestra oficina - servitopcanarias.net","og_description":"Nuestra oficina se encuentra en el centro de San Fernando\/Maspalomas [&hellip;]","og_url":"https:\/\/www.servitopcanarias.net\/es\/nuestra-oficina-liberty","og_site_name":"servitopcanarias.net","article_modified_time":"2024-02-20T15:51:45+00:00","twitter_misc":{"Tiempo de lectura":"1 minuto"},"schema":{"@context":"https:\/\/schema.org","@graph":[{"@type":"WebPage","@id":"https:\/\/www.servitopcanarias.net\/es\/nuestra-oficina-liberty","url":"https:\/\/www.servitopcanarias.net\/es\/nuestra-oficina-liberty","name":"Nuestra oficina - servitopcanarias.net","isPartOf":{"@id":"https:\/\/www.servitopcanarias.net\/#website"},"datePublished":"2015-03-25T12:44:08+00:00","dateModified":"2024-02-20T15:51:45+00:00","breadcrumb":{"@id":"https:\/\/www.servitopcanarias.net\/es\/nuestra-oficina-liberty#breadcrumb"},"inLanguage":"es","potentialAction":[{"@type":"ReadAction","target":["https:\/\/www.servitopcanarias.net\/es\/nuestra-oficina-liberty"]}]},{"@type":"BreadcrumbList","@id":"https:\/\/www.servitopcanarias.net\/es\/nuestra-oficina-liberty#breadcrumb","itemListElement":[{"@type":"ListItem","position":1,"name":"Home","item":"https:\/\/www.servitopcanarias.net\/"},{"@type":"ListItem","position":2,"name":"Nuestra oficina"}]},{"@type":"WebSite","@id":"https:\/\/www.servitopcanarias.net\/#website","url":"https:\/\/www.servitopcanarias.net\/","name":"servitopcanarias.net","description":"Eine weitere WordPress-Seite","potentialAction":[{"@type":"SearchAction","target":{"@type":"EntryPoint","urlTemplate":"https:\/\/www.servitopcanarias.net\/?s={search_term_string}"},"query-input":{"@type":"PropertyValueSpecification","valueRequired":true,"valueName":"search_term_string"}}],"inLanguage":"es"}]}},"_links":{"self":[{"href":"https:\/\/www.servitopcanarias.net\/es\/wp-json\/wp\/v2\/pages\/382"}],"collection":[{"href":"https:\/\/www.servitopcanarias.net\/es\/wp-json\/wp\/v2\/pages"}],"about":[{"href":"https:\/\/www.servitopcanarias.net\/es\/wp-json\/wp\/v2\/types\/page"}],"author":[{"embeddable":true,"href":"https:\/\/www.servitopcanarias.net\/es\/wp-json\/wp\/v2\/users\/1"}],"replies":[{"embeddable":true,"href":"https:\/\/www.servitopcanarias.net\/es\/wp-json\/wp\/v2\/comments?post=382"}],"version-history":[{"count":5,"href":"https:\/\/www.servitopcanarias.net\/es\/wp-json\/wp\/v2\/pages\/382\/revisions"}],"predecessor-version":[{"id":711,"href":"https:\/\/www.servitopcanarias.net\/es\/wp-json\/wp\/v2\/pages\/382\/revisions\/711"}],"wp:attachment":[{"href":"https:\/\/www.servitopcanarias.net\/es\/wp-json\/wp\/v2\/media?parent=382"}],"curies":[{"name":"wp","href":"https:\/\/api.w.org\/{rel}","templated":true}]}}