{"id":7,"date":"2015-02-13T10:18:34","date_gmt":"2015-02-13T10:18:34","guid":{"rendered":"http:\/\/neu.servitopcanarias.net\/beispiel-seite-2"},"modified":"2015-03-24T17:57:41","modified_gmt":"2015-03-24T17:57:41","slug":"beispiel-seite-2","status":"publish","type":"page","link":"https:\/\/www.servitopcanarias.net\/en","title":{"rendered":"Startseite"},"content":{"rendered":"<p>Herzlich Willkommen bei unserer Agentur im Herzen von San Fernando. Als kompetenter Ansprechpartner bieten wir Ihnen\u00a0umfassende Beratung zu Versicherungen und Vorsorge. Ganz gleich, ob Sie sich gegen Risiken sch\u00fctzen, Ihre Familie\u00a0absichern oder f\u00fcr das Alter vorsorgen wollen. Gerne beraten wir Sie individuell und unverbindlich. Machen Sie noch heute\u00a0einen Termin. Sie erreichen uns von 10 bis 15 Uhr in unserem B\u00fcro.<\/p>\n<p>&nbsp;<\/p>\n<p><strong>10 \u00fcberzeugende Argumente f\u00fcr eine DKV-Krankenversicherung<\/strong><\/p>\n<ul>\n<li>Wir sind spezialisiert auf Krankenversicherungen.<\/li>\n<li>Wir haben genau die Art von Police, die am besten zu Ihnen passt.<\/li>\n<li>Wir sorgen auch f\u00fcr Ihre Familie.<\/li>\n<li>Wir arbeiten mit Fach\u00e4rzten und Kliniken ersten Ranges.<\/li>\n<li>Wir stellen h\u00f6chste Anspr\u00fcche an unseren Service<\/li>\n<li>Unsere Krankenversicherungen schlie\u00dfen einen kostenlosen Zahnarztservice<\/li>\n<li>und Notfallassistenz auf Reisen ein.<\/li>\n<li>Attraktive Zusatzleistungen<\/li>\n<li>Gestaltung der Beitr\u00e4ge nach Alter, Geschlecht und Wohnort, keine<\/li>\n<li>Aufschl\u00e4ge f\u00fcr h\u00e4ufige Inanspruchnahme der Leistungen.<\/li>\n<li>Verantwortungsbewusstsein und Innovation leiten uns bei der Entwicklung<\/li>\n<li>neuer Produkte und Serviceleistungen f\u00fcr unsere Kunden.<\/li>\n<li>Wir sind ein Unternehmen mit hoher Bonit\u00e4t.<\/li>\n<\/ul>\n","protected":false},"excerpt":{"rendered":"<p>Herzlich Willkommen bei unserer Agentur im Herzen von San Fernando. [&hellip;]<\/p>\n","protected":false},"author":1,"featured_media":0,"parent":0,"menu_order":0,"comment_status":"open","ping_status":"closed","template":"startseite.php","meta":{"ngg_post_thumbnail":0,"footnotes":""},"class_list":["post-7","page","type-page","status-publish","hentry"],"yoast_head":"<!-- This site is optimized with the Yoast SEO plugin v23.5 - https:\/\/yoast.com\/wordpress\/plugins\/seo\/ -->\n<title>Startseite - servitopcanarias.net<\/title>\n<meta name=\"robots\" content=\"index, follow, max-snippet:-1, max-image-preview:large, max-video-preview:-1\" \/>\n<link rel=\"canonical\" href=\"https:\/\/www.servitopcanarias.net\/\" \/>\n<meta property=\"og:locale\" content=\"en_US\" \/>\n<meta property=\"og:type\" content=\"article\" \/>\n<meta property=\"og:title\" content=\"Startseite - servitopcanarias.net\" \/>\n<meta property=\"og:description\" content=\"Herzlich Willkommen bei unserer Agentur im Herzen von San Fernando. [&hellip;]\" \/>\n<meta property=\"og:url\" content=\"https:\/\/www.servitopcanarias.net\/\" \/>\n<meta property=\"og:site_name\" content=\"servitopcanarias.net\" \/>\n<meta property=\"article:modified_time\" content=\"2015-03-24T17:57:41+00:00\" \/>\n<meta name=\"twitter:label1\" content=\"Est. reading time\" \/>\n\t<meta name=\"twitter:data1\" content=\"1 minute\" \/>\n<script type=\"application\/ld+json\" class=\"yoast-schema-graph\">{\"@context\":\"https:\/\/schema.org\",\"@graph\":[{\"@type\":\"WebPage\",\"@id\":\"https:\/\/www.servitopcanarias.net\/\",\"url\":\"https:\/\/www.servitopcanarias.net\/\",\"name\":\"Startseite - servitopcanarias.net\",\"isPartOf\":{\"@id\":\"https:\/\/www.servitopcanarias.net\/#website\"},\"datePublished\":\"2015-02-13T10:18:34+00:00\",\"dateModified\":\"2015-03-24T17:57:41+00:00\",\"breadcrumb\":{\"@id\":\"https:\/\/www.servitopcanarias.net\/#breadcrumb\"},\"inLanguage\":\"en-US\",\"potentialAction\":[{\"@type\":\"ReadAction\",\"target\":[\"https:\/\/www.servitopcanarias.net\/\"]}]},{\"@type\":\"BreadcrumbList\",\"@id\":\"https:\/\/www.servitopcanarias.net\/#breadcrumb\",\"itemListElement\":[{\"@type\":\"ListItem\",\"position\":1,\"name\":\"Home\",\"item\":\"https:\/\/www.servitopcanarias.net\/\"},{\"@type\":\"ListItem\",\"position\":2,\"name\":\"Startseite\"}]},{\"@type\":\"WebSite\",\"@id\":\"https:\/\/www.servitopcanarias.net\/#website\",\"url\":\"https:\/\/www.servitopcanarias.net\/\",\"name\":\"servitopcanarias.net\",\"description\":\"Eine weitere WordPress-Seite\",\"potentialAction\":[{\"@type\":\"SearchAction\",\"target\":{\"@type\":\"EntryPoint\",\"urlTemplate\":\"https:\/\/www.servitopcanarias.net\/?s={search_term_string}\"},\"query-input\":{\"@type\":\"PropertyValueSpecification\",\"valueRequired\":true,\"valueName\":\"search_term_string\"}}],\"inLanguage\":\"en-US\"}]}<\/script>\n<!-- \/ Yoast SEO plugin. -->","yoast_head_json":{"title":"Startseite - servitopcanarias.net","robots":{"index":"index","follow":"follow","max-snippet":"max-snippet:-1","max-image-preview":"max-image-preview:large","max-video-preview":"max-video-preview:-1"},"canonical":"https:\/\/www.servitopcanarias.net\/","og_locale":"en_US","og_type":"article","og_title":"Startseite - servitopcanarias.net","og_description":"Herzlich Willkommen bei unserer Agentur im Herzen von San Fernando. [&hellip;]","og_url":"https:\/\/www.servitopcanarias.net\/","og_site_name":"servitopcanarias.net","article_modified_time":"2015-03-24T17:57:41+00:00","twitter_misc":{"Est. reading time":"1 minute"},"schema":{"@context":"https:\/\/schema.org","@graph":[{"@type":"WebPage","@id":"https:\/\/www.servitopcanarias.net\/","url":"https:\/\/www.servitopcanarias.net\/","name":"Startseite - servitopcanarias.net","isPartOf":{"@id":"https:\/\/www.servitopcanarias.net\/#website"},"datePublished":"2015-02-13T10:18:34+00:00","dateModified":"2015-03-24T17:57:41+00:00","breadcrumb":{"@id":"https:\/\/www.servitopcanarias.net\/#breadcrumb"},"inLanguage":"en-US","potentialAction":[{"@type":"ReadAction","target":["https:\/\/www.servitopcanarias.net\/"]}]},{"@type":"BreadcrumbList","@id":"https:\/\/www.servitopcanarias.net\/#breadcrumb","itemListElement":[{"@type":"ListItem","position":1,"name":"Home","item":"https:\/\/www.servitopcanarias.net\/"},{"@type":"ListItem","position":2,"name":"Startseite"}]},{"@type":"WebSite","@id":"https:\/\/www.servitopcanarias.net\/#website","url":"https:\/\/www.servitopcanarias.net\/","name":"servitopcanarias.net","description":"Eine weitere WordPress-Seite","potentialAction":[{"@type":"SearchAction","target":{"@type":"EntryPoint","urlTemplate":"https:\/\/www.servitopcanarias.net\/?s={search_term_string}"},"query-input":{"@type":"PropertyValueSpecification","valueRequired":true,"valueName":"search_term_string"}}],"inLanguage":"en-US"}]}},"_links":{"self":[{"href":"https:\/\/www.servitopcanarias.net\/en\/wp-json\/wp\/v2\/pages\/7"}],"collection":[{"href":"https:\/\/www.servitopcanarias.net\/en\/wp-json\/wp\/v2\/pages"}],"about":[{"href":"https:\/\/www.servitopcanarias.net\/en\/wp-json\/wp\/v2\/types\/page"}],"author":[{"embeddable":true,"href":"https:\/\/www.servitopcanarias.net\/en\/wp-json\/wp\/v2\/users\/1"}],"replies":[{"embeddable":true,"href":"https:\/\/www.servitopcanarias.net\/en\/wp-json\/wp\/v2\/comments?post=7"}],"version-history":[{"count":1,"href":"https:\/\/www.servitopcanarias.net\/en\/wp-json\/wp\/v2\/pages\/7\/revisions"}],"predecessor-version":[{"id":10,"href":"https:\/\/www.servitopcanarias.net\/en\/wp-json\/wp\/v2\/pages\/7\/revisions\/10"}],"wp:attachment":[{"href":"https:\/\/www.servitopcanarias.net\/en\/wp-json\/wp\/v2\/media?parent=7"}],"curies":[{"name":"wp","href":"https:\/\/api.w.org\/{rel}","templated":true}]}}